{"id":22774,"date":"2019-09-27T20:24:58","date_gmt":"2019-09-27T18:24:58","guid":{"rendered":"https:\/\/esei.uvigo.es\/a-esei\/formularios\/traballos-fin-de-master\/"},"modified":"2022-02-24T09:51:18","modified_gmt":"2022-02-24T08:51:18","slug":"traballos-fin-de-master","status":"publish","type":"page","link":"https:\/\/esei.uvigo.es\/es\/a-esei\/formularios\/traballos-fin-de-master\/","title":{"rendered":"Trabajos Fin de M\u00e1ster"},"content":{"rendered":"<p class=\"shortcode_uvigo_forms__content\"><\/p><div class=\"uvigo_tax_forms__term level_1\" ><h3>Propuesta<\/h3><div class=\"uvigo_tax_forms__forms_list\" ><article class=\"list-feed-item post-24703 uvigo-form type-uvigo-form status-publish hentry uvigo-tax-form-propuesta-es\" ><div class=\"list-feed-item-link\">Propuesta de TFM del profesorado<ul class=\"list-inline\"><li><a class=\"white-space-nowrap\" target=\"_blank\" title=\"Propuesta de TFM del profesorado\" href=\"https:\/\/form.jotformeu.com\/92533067329359\">(<span class=\"text-lowercase\">Enlace<\/span>)<\/a><\/li><\/ul><\/div><\/article><\/div><\/div><div class=\"uvigo_tax_forms__term level_1\" ><h3>Solicitudes<\/h3><div class=\"uvigo_tax_forms__forms_list\" ><article class=\"list-feed-item post-26216 uvigo-form type-uvigo-form status-publish hentry uvigo-tax-form-solicitudes-es-2\" ><div class=\"list-feed-item-link\">Solicitud de asignaci\u00f3n de TFM (MIA)<ul class=\"list-inline\"><li><a class=\"white-space-nowrap\" target=\"_blank\" title=\"Solicitud de asignaci\u00f3n de TFM (MIA)\" href=\"https:\/\/form.jotform.com\/232815266916361\">(<span class=\"text-lowercase\">Enlace<\/span>)<\/a><\/li><\/ul><\/div><\/article><article class=\"list-feed-item post-24702 uvigo-form type-uvigo-form status-publish hentry uvigo-tax-form-solicitudes-es-2\" ><div class=\"list-feed-item-link\">Solicitud de asignaci\u00f3n de TFM (MEI)<ul class=\"list-inline\"><li><a class=\"white-space-nowrap\" target=\"_blank\" title=\"Solicitud de asignaci\u00f3n de TFM (MEI)\" href=\"https:\/\/form.jotformeu.com\/92663082467363\">(<span class=\"text-lowercase\">Enlace<\/span>)<\/a><\/li><\/ul><\/div><\/article><article class=\"list-feed-item post-24700 uvigo-form type-uvigo-form status-publish hentry uvigo-tax-form-solicitudes-es-2\" ><div class=\"list-feed-item-link\">Solicitud de modificaci\u00f3n de alumnado asignado (para el profesorado)<ul class=\"list-inline\"><li><a class=\"white-space-nowrap\" target=\"_blank\" title=\"Solicitud de modificaci\u00f3n de alumnado asignado (para el profesorado)\" href=\"https:\/\/form.jotformeu.com\/93014702001337\">(<span class=\"text-lowercase\">Enlace<\/span>)<\/a><\/li><\/ul><\/div><\/article><article class=\"list-feed-item post-24699 uvigo-form type-uvigo-form status-publish hentry uvigo-tax-form-solicitudes-es-2\" ><div class=\"list-feed-item-link\">Solicitud de modificaci\u00f3n de un TFM: tutor, t\u00edtulo o contenido (a cubrir por el alumnado)<ul class=\"list-inline\"><li><a class=\"white-space-nowrap\" target=\"_blank\" title=\"Solicitud de modificaci\u00f3n de un TFM: tutor, t\u00edtulo o contenido (a cubrir por el alumnado)\" href=\"https:\/\/form.jotform.com\/231024524393348\">(<span class=\"text-lowercase\">Enlace<\/span>)<\/a><\/li><\/ul><\/div><\/article><\/div><\/div><div class=\"uvigo_tax_forms__term level_1\" ><h3>Resumen<\/h3><div class=\"uvigo_tax_forms__forms_list\" ><article class=\"list-feed-item post-24684 uvigo-form type-uvigo-form status-publish hentry uvigo-tax-form-resumen-es\" ><div class=\"list-feed-item-link\">Visto bueno del resumen (a cubrir por el profesorado)<ul class=\"list-inline\"><li><a class=\"white-space-nowrap\" target=\"_blank\" title=\"Visto bueno del resumen (a cubrir por el profesorado)\" href=\"https:\/\/form.jotformeu.com\/93314526158357\">(<span class=\"text-lowercase\">Enlace<\/span>)<\/a><\/li><\/ul><\/div><\/article><article class=\"list-feed-item post-24704 uvigo-form type-uvigo-form status-publish hentry uvigo-tax-form-resumen-es\" ><div class=\"list-feed-item-link\">Resumen del TFM (a cubrir por el alumnado)<ul class=\"list-inline\"><li><a class=\"white-space-nowrap\" target=\"_blank\" title=\"Resumen del TFM (a cubrir por el alumnado)\" href=\"https:\/\/form.jotformeu.com\/93314323177353\">(<span class=\"text-lowercase\">Enlace<\/span>)<\/a><\/li><\/ul><\/div><\/article><\/div><\/div><div class=\"uvigo_tax_forms__term level_1\" ><h3>Documentaci\u00f3n<\/h3><div class=\"uvigo_tax_forms__forms_list\" ><article class=\"list-feed-item post-24698 uvigo-form type-uvigo-form status-publish hentry uvigo-tax-form-documentacion-es\" ><div class=\"list-feed-item-link\">Portada del TFM<ul class=\"list-inline\"><li><a class=\"white-space-nowrap\" target=\"_blank\" title=\"Portada del TFM\" href=\"https:\/\/esei.uvigo.es\/wp-content\/uploads\/formularios\/traballos-fin-de-master\/documentacion-master\/portada-do-tfm\/PortadaTFM.doc\">(<span class=\"text-lowercase\">doc<\/span>)<\/a><\/li><li><a class=\"white-space-nowrap\" target=\"_blank\" title=\"Portada del TFM\" href=\"https:\/\/esei.uvigo.es\/wp-content\/uploads\/formularios\/traballos-fin-de-master\/documentacion-master\/portada-do-tfm\/PortadaTFM.odt\">(<span class=\"text-lowercase\">odt<\/span>)<\/a><\/li><li><a class=\"white-space-nowrap\" target=\"_blank\" title=\"Portada del TFM\" href=\"https:\/\/esei.uvigo.es\/wp-content\/uploads\/formularios\/traballos-fin-de-master\/documentacion-master\/portada-do-tfm\/PortadaTFM.pdf\">(<span class=\"text-lowercase\">pdf<\/span>)<\/a><\/li><\/ul><\/div><\/article><article class=\"list-feed-item post-27843 uvigo-form type-uvigo-form status-publish hentry uvigo-tax-form-documentacion-es\" ><div class=\"list-feed-item-link\">Estructura de la documentaci\u00f3n do TFM<ul class=\"list-inline\"><li><a class=\"white-space-nowrap\" target=\"_blank\" title=\"Estructura de la documentaci\u00f3n do TFM\" href=\"https:\/\/esei.uvigo.es\/wp-content\/uploads\/formularios\/traballos-fin-de-master\/documentacion-master\/estructura-da-documentacion-do-tfm\/2024_10_24_TFM_Doc_RubricaAvaliacion.pdf\">(<span class=\"text-lowercase\">pdf<\/span>)<\/a><\/li><\/ul><\/div><\/article><\/div><\/div><div class=\"uvigo_tax_forms__term level_1\" ><h3>Tribunal<\/h3><div class=\"uvigo_tax_forms__forms_list\" ><article class=\"list-feed-item post-24697 uvigo-form type-uvigo-form status-publish hentry uvigo-tax-form-tribunal-es-2\" ><div class=\"list-feed-item-link\">Acta Constituci\u00f3n Tribunal Evaluador de los Trabajos de Fin de M\u00e1ster<ul class=\"list-inline\"><li><a class=\"white-space-nowrap\" target=\"_blank\" title=\"Acta Constituci\u00f3n Tribunal Evaluador de los Trabajos de Fin de M\u00e1ster\" href=\"https:\/\/esei.uvigo.es\/wp-content\/uploads\/formularios\/traballos-fin-de-master\/tribunal-master\/acta-constitucion-tribunal-avaliador-dos-traballos-de-fin-de-master\/ActaConstitucionTribunal.doc\">(<span class=\"text-lowercase\">doc<\/span>)<\/a><\/li><li><a class=\"white-space-nowrap\" target=\"_blank\" title=\"Acta Constituci\u00f3n Tribunal Evaluador de los Trabajos de Fin de M\u00e1ster\" href=\"https:\/\/esei.uvigo.es\/wp-content\/uploads\/formularios\/traballos-fin-de-master\/tribunal-master\/acta-constitucion-tribunal-avaliador-dos-traballos-de-fin-de-master\/ActaConstitucionTribunal.odt\">(<span class=\"text-lowercase\">odt<\/span>)<\/a><\/li><li><a class=\"white-space-nowrap\" target=\"_blank\" title=\"Acta Constituci\u00f3n Tribunal Evaluador de los Trabajos de Fin de M\u00e1ster\" href=\"https:\/\/esei.uvigo.es\/wp-content\/uploads\/formularios\/traballos-fin-de-master\/tribunal-master\/acta-constitucion-tribunal-avaliador-dos-traballos-de-fin-de-master\/ActaConstitucionTribunal.pdf\">(<span class=\"text-lowercase\">pdf<\/span>)<\/a><\/li><\/ul><\/div><\/article><\/div><\/div><div class=\"uvigo_tax_forms__term level_1\" ><h3>Evaluaci\u00f3n<\/h3><div class=\"uvigo_tax_forms__forms_list\" ><article class=\"list-feed-item post-24696 uvigo-form type-uvigo-form status-publish hentry uvigo-tax-form-evaluacion\" ><div class=\"list-feed-item-link\">Informe del profesorado tutor del Trabajo de Fin de M\u00e1ster<ul class=\"list-inline\"><li><a class=\"white-space-nowrap\" target=\"_blank\" title=\"Informe del profesorado tutor del Trabajo de Fin de M\u00e1ster\" href=\"https:\/\/form.jotformeu.com\/93014165144348\">(<span class=\"text-lowercase\">Enlace<\/span>)<\/a><\/li><\/ul><\/div><\/article><article class=\"list-feed-item post-24695 uvigo-form type-uvigo-form status-publish hentry uvigo-tax-form-evaluacion\" ><div class=\"list-feed-item-link\">Evaluaci\u00f3n de miembro del Tribunal de TFM<ul class=\"list-inline\"><li><a class=\"white-space-nowrap\" target=\"_blank\" title=\"Evaluaci\u00f3n de miembro del Tribunal de TFM\" href=\"https:\/\/esei.uvigo.es\/wp-content\/uploads\/formularios\/traballos-fin-de-master\/avaliacion-master\/avaliacion-de-membro-do-tribunal-de-tfm\/AvaliacionMembroTribunal.docx\">(<span class=\"text-lowercase\">docx<\/span>)<\/a><\/li><li><a class=\"white-space-nowrap\" target=\"_blank\" title=\"Evaluaci\u00f3n de miembro del Tribunal de TFM\" href=\"https:\/\/esei.uvigo.es\/wp-content\/uploads\/formularios\/traballos-fin-de-master\/avaliacion-master\/avaliacion-de-membro-do-tribunal-de-tfm\/AvaliacionMembroTribunal.odt\">(<span class=\"text-lowercase\">odt<\/span>)<\/a><\/li><li><a class=\"white-space-nowrap\" target=\"_blank\" title=\"Evaluaci\u00f3n de miembro del Tribunal de TFM\" href=\"https:\/\/esei.uvigo.es\/wp-content\/uploads\/formularios\/traballos-fin-de-master\/avaliacion-master\/avaliacion-de-membro-do-tribunal-de-tfm\/AvaliacionMembroTribunal.pdf\">(<span class=\"text-lowercase\">pdf<\/span>)<\/a><\/li><\/ul><\/div><\/article><article class=\"list-feed-item post-24701 uvigo-form type-uvigo-form status-publish hentry uvigo-tax-form-evaluacion\" ><div class=\"list-feed-item-link\">Solicitud de la modalidad de defensa del TFM<ul class=\"list-inline\"><li><a class=\"white-space-nowrap\" target=\"_blank\" title=\"Solicitud de la modalidad de defensa del TFM\" href=\"https:\/\/form.jotform.com\/243113133120334\">(<span class=\"text-lowercase\">Enlace<\/span>)<\/a><\/li><\/ul><\/div><\/article><article class=\"list-feed-item post-24694 uvigo-form type-uvigo-form status-publish hentry uvigo-tax-form-evaluacion\" ><div class=\"list-feed-item-link\">Propuesta de calificaci\u00f3n del Tribunal de TFM<ul class=\"list-inline\"><li><a class=\"white-space-nowrap\" target=\"_blank\" title=\"Propuesta de calificaci\u00f3n del Tribunal de TFM\" href=\"https:\/\/esei.uvigo.es\/wp-content\/uploads\/formularios\/traballos-fin-de-master\/avaliacion-master\/proposta-de-cualificacion-do-tribunal-de-tfm\/PropostaCualificacionTribunal.doc\">(<span class=\"text-lowercase\">doc<\/span>)<\/a><\/li><li><a class=\"white-space-nowrap\" target=\"_blank\" title=\"Propuesta de calificaci\u00f3n del Tribunal de TFM\" href=\"https:\/\/esei.uvigo.es\/wp-content\/uploads\/formularios\/traballos-fin-de-master\/avaliacion-master\/proposta-de-cualificacion-do-tribunal-de-tfm\/PropostaCualificacionTribunal.odt\">(<span class=\"text-lowercase\">odt<\/span>)<\/a><\/li><li><a class=\"white-space-nowrap\" target=\"_blank\" title=\"Propuesta de calificaci\u00f3n del Tribunal de TFM\" href=\"https:\/\/esei.uvigo.es\/wp-content\/uploads\/formularios\/traballos-fin-de-master\/avaliacion-master\/proposta-de-cualificacion-do-tribunal-de-tfm\/PropostaCualificacionTribunal.pdf\">(<span class=\"text-lowercase\">pdf<\/span>)<\/a><\/li><\/ul><\/div><\/article><article class=\"list-feed-item post-24693 uvigo-form type-uvigo-form status-publish hentry uvigo-tax-form-evaluacion\" ><div class=\"list-feed-item-link\">Propuesta de calificaciones globales<ul class=\"list-inline\"><li><a class=\"white-space-nowrap\" target=\"_blank\" title=\"Propuesta de calificaciones globales\" href=\"https:\/\/esei.uvigo.es\/wp-content\/uploads\/formularios\/traballos-fin-de-master\/avaliacion-master\/proposta-de-cualificacions-globais-2\/PropostaCualificacionsGlobais.doc\">(<span class=\"text-lowercase\">doc<\/span>)<\/a><\/li><li><a class=\"white-space-nowrap\" target=\"_blank\" title=\"Propuesta de calificaciones globales\" href=\"https:\/\/esei.uvigo.es\/wp-content\/uploads\/formularios\/traballos-fin-de-master\/avaliacion-master\/proposta-de-cualificacions-globais-2\/PropostaCualificacionsGlobais.odt\">(<span class=\"text-lowercase\">odt<\/span>)<\/a><\/li><li><a class=\"white-space-nowrap\" target=\"_blank\" title=\"Propuesta de calificaciones globales\" href=\"https:\/\/esei.uvigo.es\/wp-content\/uploads\/formularios\/traballos-fin-de-master\/avaliacion-master\/proposta-de-cualificacions-globais-2\/PropostaCualificacionsGlobais.pdf\">(<span class=\"text-lowercase\">pdf<\/span>)<\/a><\/li><\/ul><\/div><\/article><\/div><\/div><div class=\"uvigo_tax_forms__term level_1\" ><h3>Documentos generales<\/h3><div class=\"uvigo_tax_forms__forms_list\" ><article class=\"list-feed-item post-24707 uvigo-form type-uvigo-form status-publish hentry uvigo-tax-form-documentos-generales-es\" ><div class=\"list-feed-item-link\">Solicitud de convocatoria adelantada de TFM<ul class=\"list-inline\"><li><a class=\"white-space-nowrap\" target=\"_blank\" title=\"Solicitud de convocatoria adelantada de TFM\" href=\"https:\/\/esei.uvigo.es\/wp-content\/uploads\/formularios\/traballos-fin-de-master\/documentos-xerais-master\/solicitude-de-convocatoria-adiantada-de-tfm\/SolicitudeConvocatoriaAdiantadaTFM.doc\">(<span class=\"text-lowercase\">doc<\/span>)<\/a><\/li><li><a class=\"white-space-nowrap\" target=\"_blank\" title=\"Solicitud de convocatoria adelantada de TFM\" href=\"https:\/\/esei.uvigo.es\/wp-content\/uploads\/formularios\/traballos-fin-de-master\/documentos-xerais-master\/solicitude-de-convocatoria-adiantada-de-tfm\/SolicitudeConvocatoriaAdiantadaTFM.odt\">(<span class=\"text-lowercase\">odt<\/span>)<\/a><\/li><li><a class=\"white-space-nowrap\" target=\"_blank\" title=\"Solicitud de convocatoria adelantada de TFM\" href=\"https:\/\/esei.uvigo.es\/wp-content\/uploads\/formularios\/traballos-fin-de-master\/documentos-xerais-master\/solicitude-de-convocatoria-adiantada-de-tfm\/SolicitudeConvocatoriaAdiantadaTFM.pdf\">(<span class=\"text-lowercase\">pdf<\/span>)<\/a><\/li><\/ul><\/div><\/article><article class=\"list-feed-item post-24705 uvigo-form type-uvigo-form status-publish hentry uvigo-tax-form-documentos-generales-es\" ><div class=\"list-feed-item-link\">Acuerdo de confidencialidad del Tribunal<ul class=\"list-inline\"><li><a class=\"white-space-nowrap\" target=\"_blank\" title=\"Acuerdo de confidencialidad del Tribunal\" href=\"https:\/\/esei.uvigo.es\/wp-content\/uploads\/formularios\/traballos-fin-de-master\/documentos-xerais-master\/acordo-de-confidencialidade-do-tribunal-2\/PactoConfidencialidadeTribunalTFM.doc\">(<span class=\"text-lowercase\">doc<\/span>)<\/a><\/li><li><a class=\"white-space-nowrap\" target=\"_blank\" title=\"Acuerdo de confidencialidad del Tribunal\" href=\"https:\/\/esei.uvigo.es\/wp-content\/uploads\/formularios\/traballos-fin-de-master\/documentos-xerais-master\/acordo-de-confidencialidade-do-tribunal-2\/PactoConfidencialidadeTribunalTFM.odt\">(<span class=\"text-lowercase\">odt<\/span>)<\/a><\/li><li><a class=\"white-space-nowrap\" target=\"_blank\" title=\"Acuerdo de confidencialidad del Tribunal\" href=\"https:\/\/esei.uvigo.es\/wp-content\/uploads\/formularios\/traballos-fin-de-master\/documentos-xerais-master\/acordo-de-confidencialidade-do-tribunal-2\/PactoConfidencialidadeTribunalTFM.pdf\">(<span class=\"text-lowercase\">pdf<\/span>)<\/a><\/li><\/ul><\/div><\/article><\/div><\/div>\n","protected":false},"excerpt":{"rendered":"","protected":false},"author":1,"featured_media":0,"parent":22770,"menu_order":4,"comment_status":"closed","ping_status":"closed","template":"","meta":{"_acf_changed":false,"footnotes":""},"class_list":["post-22774","page","type-page","status-publish","hentry"],"acf":[],"yoast_head":"<!-- This site is optimized with the Yoast SEO plugin v27.6 - https:\/\/yoast.com\/product\/yoast-seo-wordpress\/ -->\n<title>Trabajos Fin de M\u00e1ster | Escola Superior de Enxe\u00f1ar\u00eda Inform\u00e1tica<\/title>\n<meta name=\"robots\" content=\"index, follow, max-snippet:-1, max-image-preview:large, max-video-preview:-1\" \/>\n<link rel=\"canonical\" href=\"https:\/\/esei.uvigo.es\/es\/a-esei\/formularios\/traballos-fin-de-master\/\" \/>\n<meta property=\"og:locale\" content=\"es_ES\" \/>\n<meta property=\"og:type\" content=\"article\" \/>\n<meta property=\"og:title\" content=\"Trabajos Fin de M\u00e1ster | Escola Superior de Enxe\u00f1ar\u00eda Inform\u00e1tica\" \/>\n<meta property=\"og:url\" content=\"https:\/\/esei.uvigo.es\/es\/a-esei\/formularios\/traballos-fin-de-master\/\" \/>\n<meta property=\"og:site_name\" content=\"Escola Superior de Enxe\u00f1ar\u00eda Inform\u00e1tica\" \/>\n<meta property=\"article:modified_time\" content=\"2022-02-24T08:51:18+00:00\" \/>\n<meta name=\"twitter:card\" content=\"summary_large_image\" \/>\n<script type=\"application\/ld+json\" class=\"yoast-schema-graph\">{\"@context\":\"https:\\\/\\\/schema.org\",\"@graph\":[{\"@type\":\"WebPage\",\"@id\":\"https:\\\/\\\/esei.uvigo.es\\\/es\\\/a-esei\\\/formularios\\\/traballos-fin-de-master\\\/\",\"url\":\"https:\\\/\\\/esei.uvigo.es\\\/es\\\/a-esei\\\/formularios\\\/traballos-fin-de-master\\\/\",\"name\":\"Trabajos Fin de M\u00e1ster | Escola Superior de Enxe\u00f1ar\u00eda Inform\u00e1tica\",\"isPartOf\":{\"@id\":\"https:\\\/\\\/esei.uvigo.es\\\/es\\\/#website\"},\"datePublished\":\"2019-09-27T18:24:58+00:00\",\"dateModified\":\"2022-02-24T08:51:18+00:00\",\"breadcrumb\":{\"@id\":\"https:\\\/\\\/esei.uvigo.es\\\/es\\\/a-esei\\\/formularios\\\/traballos-fin-de-master\\\/#breadcrumb\"},\"inLanguage\":\"es\",\"potentialAction\":[{\"@type\":\"ReadAction\",\"target\":[\"https:\\\/\\\/esei.uvigo.es\\\/es\\\/a-esei\\\/formularios\\\/traballos-fin-de-master\\\/\"]}]},{\"@type\":\"BreadcrumbList\",\"@id\":\"https:\\\/\\\/esei.uvigo.es\\\/es\\\/a-esei\\\/formularios\\\/traballos-fin-de-master\\\/#breadcrumb\",\"itemListElement\":[{\"@type\":\"ListItem\",\"position\":1,\"name\":\"Portada\",\"item\":\"https:\\\/\\\/esei.uvigo.es\\\/es\\\/\"},{\"@type\":\"ListItem\",\"position\":2,\"name\":\"La ESEI\",\"item\":\"https:\\\/\\\/esei.uvigo.es\\\/es\\\/a-esei\\\/\"},{\"@type\":\"ListItem\",\"position\":3,\"name\":\"Formularios\",\"item\":\"https:\\\/\\\/esei.uvigo.es\\\/es\\\/a-esei\\\/formularios\\\/\"},{\"@type\":\"ListItem\",\"position\":4,\"name\":\"Trabajos Fin de M\u00e1ster\"}]},{\"@type\":\"WebSite\",\"@id\":\"https:\\\/\\\/esei.uvigo.es\\\/es\\\/#website\",\"url\":\"https:\\\/\\\/esei.uvigo.es\\\/es\\\/\",\"name\":\"Escola Superior de Enxe\u00f1ar\u00eda Inform\u00e1tica\",\"description\":\"\",\"publisher\":{\"@id\":\"https:\\\/\\\/esei.uvigo.es\\\/es\\\/#organization\"},\"potentialAction\":[{\"@type\":\"SearchAction\",\"target\":{\"@type\":\"EntryPoint\",\"urlTemplate\":\"https:\\\/\\\/esei.uvigo.es\\\/es\\\/?s={search_term_string}\"},\"query-input\":{\"@type\":\"PropertyValueSpecification\",\"valueRequired\":true,\"valueName\":\"search_term_string\"}}],\"inLanguage\":\"es\"},{\"@type\":\"Organization\",\"@id\":\"https:\\\/\\\/esei.uvigo.es\\\/es\\\/#organization\",\"name\":\"Escola Superior de Enxe\u00f1ar\u00eda Inform\u00e1tica\",\"url\":\"https:\\\/\\\/esei.uvigo.es\\\/es\\\/\",\"logo\":{\"@type\":\"ImageObject\",\"inLanguage\":\"es\",\"@id\":\"https:\\\/\\\/esei.uvigo.es\\\/es\\\/#\\\/schema\\\/logo\\\/image\\\/\",\"url\":\"https:\\\/\\\/esei.uvigo.es\\\/wp-content\\\/uploads\\\/2019\\\/09\\\/esei.png\",\"contentUrl\":\"https:\\\/\\\/esei.uvigo.es\\\/wp-content\\\/uploads\\\/2019\\\/09\\\/esei.png\",\"width\":579,\"height\":98,\"caption\":\"Escola Superior de Enxe\u00f1ar\u00eda Inform\u00e1tica\"},\"image\":{\"@id\":\"https:\\\/\\\/esei.uvigo.es\\\/es\\\/#\\\/schema\\\/logo\\\/image\\\/\"}}]}<\/script>\n<!-- \/ Yoast SEO plugin. -->","yoast_head_json":{"title":"Trabajos Fin de M\u00e1ster | Escola Superior de Enxe\u00f1ar\u00eda Inform\u00e1tica","robots":{"index":"index","follow":"follow","max-snippet":"max-snippet:-1","max-image-preview":"max-image-preview:large","max-video-preview":"max-video-preview:-1"},"canonical":"https:\/\/esei.uvigo.es\/es\/a-esei\/formularios\/traballos-fin-de-master\/","og_locale":"es_ES","og_type":"article","og_title":"Trabajos Fin de M\u00e1ster | Escola Superior de Enxe\u00f1ar\u00eda Inform\u00e1tica","og_url":"https:\/\/esei.uvigo.es\/es\/a-esei\/formularios\/traballos-fin-de-master\/","og_site_name":"Escola Superior de Enxe\u00f1ar\u00eda Inform\u00e1tica","article_modified_time":"2022-02-24T08:51:18+00:00","twitter_card":"summary_large_image","schema":{"@context":"https:\/\/schema.org","@graph":[{"@type":"WebPage","@id":"https:\/\/esei.uvigo.es\/es\/a-esei\/formularios\/traballos-fin-de-master\/","url":"https:\/\/esei.uvigo.es\/es\/a-esei\/formularios\/traballos-fin-de-master\/","name":"Trabajos Fin de M\u00e1ster | Escola Superior de Enxe\u00f1ar\u00eda Inform\u00e1tica","isPartOf":{"@id":"https:\/\/esei.uvigo.es\/es\/#website"},"datePublished":"2019-09-27T18:24:58+00:00","dateModified":"2022-02-24T08:51:18+00:00","breadcrumb":{"@id":"https:\/\/esei.uvigo.es\/es\/a-esei\/formularios\/traballos-fin-de-master\/#breadcrumb"},"inLanguage":"es","potentialAction":[{"@type":"ReadAction","target":["https:\/\/esei.uvigo.es\/es\/a-esei\/formularios\/traballos-fin-de-master\/"]}]},{"@type":"BreadcrumbList","@id":"https:\/\/esei.uvigo.es\/es\/a-esei\/formularios\/traballos-fin-de-master\/#breadcrumb","itemListElement":[{"@type":"ListItem","position":1,"name":"Portada","item":"https:\/\/esei.uvigo.es\/es\/"},{"@type":"ListItem","position":2,"name":"La ESEI","item":"https:\/\/esei.uvigo.es\/es\/a-esei\/"},{"@type":"ListItem","position":3,"name":"Formularios","item":"https:\/\/esei.uvigo.es\/es\/a-esei\/formularios\/"},{"@type":"ListItem","position":4,"name":"Trabajos Fin de M\u00e1ster"}]},{"@type":"WebSite","@id":"https:\/\/esei.uvigo.es\/es\/#website","url":"https:\/\/esei.uvigo.es\/es\/","name":"Escola Superior de Enxe\u00f1ar\u00eda Inform\u00e1tica","description":"","publisher":{"@id":"https:\/\/esei.uvigo.es\/es\/#organization"},"potentialAction":[{"@type":"SearchAction","target":{"@type":"EntryPoint","urlTemplate":"https:\/\/esei.uvigo.es\/es\/?s={search_term_string}"},"query-input":{"@type":"PropertyValueSpecification","valueRequired":true,"valueName":"search_term_string"}}],"inLanguage":"es"},{"@type":"Organization","@id":"https:\/\/esei.uvigo.es\/es\/#organization","name":"Escola Superior de Enxe\u00f1ar\u00eda Inform\u00e1tica","url":"https:\/\/esei.uvigo.es\/es\/","logo":{"@type":"ImageObject","inLanguage":"es","@id":"https:\/\/esei.uvigo.es\/es\/#\/schema\/logo\/image\/","url":"https:\/\/esei.uvigo.es\/wp-content\/uploads\/2019\/09\/esei.png","contentUrl":"https:\/\/esei.uvigo.es\/wp-content\/uploads\/2019\/09\/esei.png","width":579,"height":98,"caption":"Escola Superior de Enxe\u00f1ar\u00eda Inform\u00e1tica"},"image":{"@id":"https:\/\/esei.uvigo.es\/es\/#\/schema\/logo\/image\/"}}]}},"_links":{"self":[{"href":"https:\/\/esei.uvigo.es\/es\/wp-json\/wp\/v2\/pages\/22774","targetHints":{"allow":["GET"]}}],"collection":[{"href":"https:\/\/esei.uvigo.es\/es\/wp-json\/wp\/v2\/pages"}],"about":[{"href":"https:\/\/esei.uvigo.es\/es\/wp-json\/wp\/v2\/types\/page"}],"author":[{"embeddable":true,"href":"https:\/\/esei.uvigo.es\/es\/wp-json\/wp\/v2\/users\/1"}],"replies":[{"embeddable":true,"href":"https:\/\/esei.uvigo.es\/es\/wp-json\/wp\/v2\/comments?post=22774"}],"version-history":[{"count":1,"href":"https:\/\/esei.uvigo.es\/es\/wp-json\/wp\/v2\/pages\/22774\/revisions"}],"predecessor-version":[{"id":23024,"href":"https:\/\/esei.uvigo.es\/es\/wp-json\/wp\/v2\/pages\/22774\/revisions\/23024"}],"up":[{"embeddable":true,"href":"https:\/\/esei.uvigo.es\/es\/wp-json\/wp\/v2\/pages\/22770"}],"wp:attachment":[{"href":"https:\/\/esei.uvigo.es\/es\/wp-json\/wp\/v2\/media?parent=22774"}],"curies":[{"name":"wp","href":"https:\/\/api.w.org\/{rel}","templated":true}]}}