{"id":22773,"date":"2019-09-27T20:25:01","date_gmt":"2019-09-27T18:25:01","guid":{"rendered":"https:\/\/esei.uvigo.es\/a-esei\/formularios\/traballos-fin-de-grao\/"},"modified":"2022-02-24T09:51:09","modified_gmt":"2022-02-24T08:51:09","slug":"traballos-fin-de-grao","status":"publish","type":"page","link":"https:\/\/esei.uvigo.es\/es\/a-esei\/formularios\/traballos-fin-de-grao\/","title":{"rendered":"Trabajos Fin de Grado"},"content":{"rendered":"<p class=\"shortcode_uvigo_forms__content\"><\/p><div class=\"uvigo_tax_forms__term level_1\" ><h3>Propuesta<\/h3><div class=\"uvigo_tax_forms__forms_list\" ><article class=\"list-feed-item post-24730 uvigo-form type-uvigo-form status-publish hentry uvigo-tax-form-propuesta\" ><div class=\"list-feed-item-link\">Propuesta de TFG del profesorado<ul class=\"list-inline\"><li><a class=\"white-space-nowrap\" target=\"_blank\" title=\"Propuesta de TFG del profesorado\" href=\"https:\/\/form.jotformeu.com\/92533067329359\">(<span class=\"text-lowercase\">Enlace<\/span>)<\/a><\/li><\/ul><\/div><\/article><\/div><\/div><div class=\"uvigo_tax_forms__term level_1\" ><h3>Solicitudes<\/h3><div class=\"uvigo_tax_forms__forms_list\" ><article class=\"list-feed-item post-24727 uvigo-form type-uvigo-form status-publish hentry uvigo-tax-form-solicitudes-es\" ><div class=\"list-feed-item-link\">Solicitud de modificaci\u00f3n de alumnado asignado (para el profesorado)<ul class=\"list-inline\"><li><a class=\"white-space-nowrap\" target=\"_blank\" title=\"Solicitud de modificaci\u00f3n de alumnado asignado (para el profesorado)\" href=\"https:\/\/form.jotformeu.com\/92902764158363\">(<span class=\"text-lowercase\">Enlace<\/span>)<\/a><\/li><\/ul><\/div><\/article><article class=\"list-feed-item post-24729 uvigo-form type-uvigo-form status-publish hentry uvigo-tax-form-solicitudes-es\" ><div class=\"list-feed-item-link\">Solicitud de asignaci\u00f3n de TFG<ul class=\"list-inline\"><li><a class=\"white-space-nowrap\" target=\"_blank\" title=\"Solicitud de asignaci\u00f3n de TFG\" href=\"https:\/\/form.jotformeu.com\/92533476886371\">(<span class=\"text-lowercase\">Enlace<\/span>)<\/a><\/li><\/ul><\/div><\/article><article class=\"list-feed-item post-24726 uvigo-form type-uvigo-form status-publish hentry uvigo-tax-form-solicitudes-es\" ><div class=\"list-feed-item-link\">Solicitud de modificaciones en un TFG: tutor, t\u00edtulo o contenido (a cubrir por el alumnado)<ul class=\"list-inline\"><li><a class=\"white-space-nowrap\" target=\"_blank\" title=\"Solicitud de modificaciones en un TFG: tutor, t\u00edtulo o contenido (a cubrir por el alumnado)\" href=\"https:\/\/form.jotformeu.com\/92894608367372\">(<span class=\"text-lowercase\">Enlace<\/span>)<\/a><\/li><\/ul><\/div><\/article><\/div><\/div><div class=\"uvigo_tax_forms__term level_1\" ><h3>Resumen<\/h3><div class=\"uvigo_tax_forms__forms_list\" ><article class=\"list-feed-item post-24692 uvigo-form type-uvigo-form status-publish hentry uvigo-tax-form-resumen\" ><div class=\"list-feed-item-link\">Visto bueno del resumen (a cubrir por el profesorado)<ul class=\"list-inline\"><li><a class=\"white-space-nowrap\" target=\"_blank\" title=\"Visto bueno del resumen (a cubrir por el profesorado)\" href=\"https:\/\/form.jotformeu.com\/93105948819367\">(<span class=\"text-lowercase\">Enlace<\/span>)<\/a><\/li><\/ul><\/div><\/article><article class=\"list-feed-item post-24756 uvigo-form type-uvigo-form status-publish hentry uvigo-tax-form-resumen\" ><div class=\"list-feed-item-link\">Resumen del TFG (a cubrir por el alumnado)<ul class=\"list-inline\"><li><a class=\"white-space-nowrap\" target=\"_blank\" title=\"Resumen del TFG (a cubrir por el alumnado)\" href=\"https:\/\/esei.uvigo.es\/wp-content\/uploads\/formularios\/traballos-fin-de-grao\/resumo\/resumo-do-tfg\/Gu\u00edaPracticaFormularioResumen-1.pdf\">(<span class=\"text-lowercase\">pdf<\/span>)<\/a><\/li><li><a class=\"white-space-nowrap\" target=\"_blank\" title=\"Resumen del TFG (a cubrir por el alumnado)\" href=\"https:\/\/form.jotformeu.com\/93105753786364\">(<span class=\"text-lowercase\">Enlace<\/span>)<\/a><\/li><\/ul><\/div><\/article><\/div><\/div><div class=\"uvigo_tax_forms__term level_1\" ><h3>Documentaci\u00f3n<\/h3><div class=\"uvigo_tax_forms__forms_list\" ><article class=\"list-feed-item post-24724 uvigo-form type-uvigo-form status-publish hentry uvigo-tax-form-documentacion-es-2\" ><div class=\"list-feed-item-link\">Estructura de la documentaci\u00f3n del TFG<ul class=\"list-inline\"><li><a class=\"white-space-nowrap\" target=\"_blank\" title=\"Estructura de la documentaci\u00f3n del TFG\" href=\"https:\/\/esei.uvigo.es\/wp-content\/uploads\/formularios\/traballos-fin-de-grao\/documentacion\/estrutura-da-documentacion-do-tfg\/GuiaElaboracionTFG_2023_2024.pdf\">(<span class=\"text-lowercase\">pdf<\/span>)<\/a><\/li><\/ul><\/div><\/article><article class=\"list-feed-item post-24725 uvigo-form type-uvigo-form status-publish hentry uvigo-tax-form-documentacion-es-2\" ><div class=\"list-feed-item-link\">Portada del TFG<ul class=\"list-inline\"><li><a class=\"white-space-nowrap\" target=\"_blank\" title=\"Portada del TFG\" href=\"https:\/\/esei.uvigo.es\/wp-content\/uploads\/formularios\/traballos-fin-de-grao\/documentacion\/portada-do-tfg\/PortadaTFG-1.doc\">(<span class=\"text-lowercase\">doc<\/span>)<\/a><\/li><li><a class=\"white-space-nowrap\" target=\"_blank\" title=\"Portada del TFG\" href=\"https:\/\/esei.uvigo.es\/wp-content\/uploads\/formularios\/traballos-fin-de-grao\/documentacion\/portada-do-tfg\/PortadaTFG-1.odt\">(<span class=\"text-lowercase\">odt<\/span>)<\/a><\/li><li><a class=\"white-space-nowrap\" target=\"_blank\" title=\"Portada del TFG\" href=\"https:\/\/esei.uvigo.es\/wp-content\/uploads\/formularios\/traballos-fin-de-grao\/documentacion\/portada-do-tfg\/PortadaTFG-1.pdf\">(<span class=\"text-lowercase\">pdf<\/span>)<\/a><\/li><\/ul><\/div><\/article><\/div><\/div><div class=\"uvigo_tax_forms__term level_1\" ><h3>Evaluaci\u00f3n<\/h3><div class=\"uvigo_tax_forms__forms_list\" ><article class=\"list-feed-item post-24722 uvigo-form type-uvigo-form status-publish hentry uvigo-tax-form-evaluacion-es\" ><div class=\"list-feed-item-link\">Informe del profesorado tutor<ul class=\"list-inline\"><li><a class=\"white-space-nowrap\" target=\"_blank\" title=\"Informe del profesorado tutor\" href=\"https:\/\/form.jotformeu.com\/92904523008352\">(<span class=\"text-lowercase\">Enlace<\/span>)<\/a><\/li><\/ul><\/div><\/article><article class=\"list-feed-item post-24723 uvigo-form type-uvigo-form status-publish hentry uvigo-tax-form-evaluacion-es\" ><div class=\"list-feed-item-link\">R\u00fabrica de evaluaci\u00f3n del TFG<ul class=\"list-inline\"><li><a class=\"white-space-nowrap\" target=\"_blank\" title=\"R\u00fabrica de evaluaci\u00f3n del TFG\" href=\"https:\/\/esei.uvigo.es\/wp-content\/uploads\/formularios\/traballos-fin-de-grao\/avaliacion\/rubrica-de-avaliacion-do-tfg\/R\u00fabricaTFG.pdf\">(<span class=\"text-lowercase\">pdf<\/span>)<\/a><\/li><\/ul><\/div><\/article><article class=\"list-feed-item post-24728 uvigo-form type-uvigo-form status-publish hentry uvigo-tax-form-evaluacion-es\" ><div class=\"list-feed-item-link\">Solicitud de la modalidad de defensa del TFG (a cubrir por el alumnado)<ul class=\"list-inline\"><li><a class=\"white-space-nowrap\" target=\"_blank\" title=\"Solicitud de la modalidad de defensa del TFG (a cubrir por el alumnado)\" href=\"https:\/\/form.jotformeu.com\/92954418717367\">(<span class=\"text-lowercase\">Enlace<\/span>)<\/a><\/li><\/ul><\/div><\/article><\/div><\/div><div class=\"uvigo_tax_forms__term level_1\" ><h3>Documentos generales<\/h3><div class=\"uvigo_tax_forms__forms_list\" ><article class=\"list-feed-item post-24731 uvigo-form type-uvigo-form status-publish hentry uvigo-tax-form-documentos-generales\" ><div class=\"list-feed-item-link\">Acuerdo de confidencialidad del Tribunal<ul class=\"list-inline\"><li><a class=\"white-space-nowrap\" target=\"_blank\" title=\"Acuerdo de confidencialidad del Tribunal\" href=\"https:\/\/esei.uvigo.es\/wp-content\/uploads\/formularios\/traballos-fin-de-grao\/documentos-xerais\/acordo-de-confidencialidade-do-tribunal\/PactoConfidencialidadeTribunalTFG_PFC.doc\">(<span class=\"text-lowercase\">doc<\/span>)<\/a><\/li><li><a class=\"white-space-nowrap\" target=\"_blank\" title=\"Acuerdo de confidencialidad del Tribunal\" href=\"https:\/\/esei.uvigo.es\/wp-content\/uploads\/formularios\/traballos-fin-de-grao\/documentos-xerais\/acordo-de-confidencialidade-do-tribunal\/PactoConfidencialidadeTribunalTFG_PFC.odt\">(<span class=\"text-lowercase\">odt<\/span>)<\/a><\/li><li><a class=\"white-space-nowrap\" target=\"_blank\" title=\"Acuerdo de confidencialidad del Tribunal\" href=\"https:\/\/esei.uvigo.es\/wp-content\/uploads\/formularios\/traballos-fin-de-grao\/documentos-xerais\/acordo-de-confidencialidade-do-tribunal\/PactoConfidencialidadeTribunalTFG_PFC.pdf\">(<span class=\"text-lowercase\">pdf<\/span>)<\/a><\/li><\/ul><\/div><\/article><article class=\"list-feed-item post-24758 uvigo-form type-uvigo-form status-publish hentry uvigo-tax-form-documentos-generales\" ><div class=\"list-feed-item-link\">Solicitud de convocatoria adelantada de TFG<ul class=\"list-inline\"><li><a class=\"white-space-nowrap\" target=\"_blank\" title=\"Solicitud de convocatoria adelantada de TFG\" href=\"https:\/\/esei.uvigo.es\/wp-content\/uploads\/formularios\/traballos-fin-de-grao\/documentos-xerais\/solicitude-de-convocatoria-adiantada-de-tfg\/SolicitudeConvocatoriaAdiantadaTFG.doc\">(<span class=\"text-lowercase\">doc<\/span>)<\/a><\/li><li><a class=\"white-space-nowrap\" target=\"_blank\" title=\"Solicitud de convocatoria adelantada de TFG\" href=\"https:\/\/esei.uvigo.es\/wp-content\/uploads\/formularios\/traballos-fin-de-grao\/documentos-xerais\/solicitude-de-convocatoria-adiantada-de-tfg\/SolicitudeConvocatoriaAdiantadaTFG.odt\">(<span class=\"text-lowercase\">odt<\/span>)<\/a><\/li><li><a class=\"white-space-nowrap\" target=\"_blank\" title=\"Solicitud de convocatoria adelantada de TFG\" href=\"https:\/\/esei.uvigo.es\/wp-content\/uploads\/formularios\/traballos-fin-de-grao\/documentos-xerais\/solicitude-de-convocatoria-adiantada-de-tfg\/SolicitudeConvocatoriaAdiantadaTFG.pdf\">(<span class=\"text-lowercase\">pdf<\/span>)<\/a><\/li><\/ul><\/div><\/article><\/div><\/div>\n","protected":false},"excerpt":{"rendered":"","protected":false},"author":1,"featured_media":0,"parent":22770,"menu_order":3,"comment_status":"closed","ping_status":"closed","template":"","meta":{"_acf_changed":false,"footnotes":""},"class_list":["post-22773","page","type-page","status-publish","hentry"],"acf":[],"yoast_head":"<!-- This site is optimized with the Yoast SEO plugin v27.6 - https:\/\/yoast.com\/product\/yoast-seo-wordpress\/ -->\n<title>Trabajos Fin de Grado | Escola Superior de Enxe\u00f1ar\u00eda Inform\u00e1tica<\/title>\n<meta name=\"robots\" content=\"index, follow, max-snippet:-1, max-image-preview:large, max-video-preview:-1\" \/>\n<link rel=\"canonical\" href=\"https:\/\/esei.uvigo.es\/es\/a-esei\/formularios\/traballos-fin-de-grao\/\" \/>\n<meta property=\"og:locale\" content=\"es_ES\" \/>\n<meta property=\"og:type\" content=\"article\" \/>\n<meta property=\"og:title\" content=\"Trabajos Fin de Grado | Escola Superior de Enxe\u00f1ar\u00eda Inform\u00e1tica\" \/>\n<meta property=\"og:url\" content=\"https:\/\/esei.uvigo.es\/es\/a-esei\/formularios\/traballos-fin-de-grao\/\" \/>\n<meta property=\"og:site_name\" content=\"Escola Superior de Enxe\u00f1ar\u00eda Inform\u00e1tica\" \/>\n<meta property=\"article:modified_time\" content=\"2022-02-24T08:51:09+00:00\" \/>\n<meta name=\"twitter:card\" content=\"summary_large_image\" \/>\n<script type=\"application\/ld+json\" class=\"yoast-schema-graph\">{\"@context\":\"https:\\\/\\\/schema.org\",\"@graph\":[{\"@type\":\"WebPage\",\"@id\":\"https:\\\/\\\/esei.uvigo.es\\\/es\\\/a-esei\\\/formularios\\\/traballos-fin-de-grao\\\/\",\"url\":\"https:\\\/\\\/esei.uvigo.es\\\/es\\\/a-esei\\\/formularios\\\/traballos-fin-de-grao\\\/\",\"name\":\"Trabajos Fin de Grado | Escola Superior de Enxe\u00f1ar\u00eda Inform\u00e1tica\",\"isPartOf\":{\"@id\":\"https:\\\/\\\/esei.uvigo.es\\\/es\\\/#website\"},\"datePublished\":\"2019-09-27T18:25:01+00:00\",\"dateModified\":\"2022-02-24T08:51:09+00:00\",\"breadcrumb\":{\"@id\":\"https:\\\/\\\/esei.uvigo.es\\\/es\\\/a-esei\\\/formularios\\\/traballos-fin-de-grao\\\/#breadcrumb\"},\"inLanguage\":\"es\",\"potentialAction\":[{\"@type\":\"ReadAction\",\"target\":[\"https:\\\/\\\/esei.uvigo.es\\\/es\\\/a-esei\\\/formularios\\\/traballos-fin-de-grao\\\/\"]}]},{\"@type\":\"BreadcrumbList\",\"@id\":\"https:\\\/\\\/esei.uvigo.es\\\/es\\\/a-esei\\\/formularios\\\/traballos-fin-de-grao\\\/#breadcrumb\",\"itemListElement\":[{\"@type\":\"ListItem\",\"position\":1,\"name\":\"Portada\",\"item\":\"https:\\\/\\\/esei.uvigo.es\\\/es\\\/\"},{\"@type\":\"ListItem\",\"position\":2,\"name\":\"La ESEI\",\"item\":\"https:\\\/\\\/esei.uvigo.es\\\/es\\\/a-esei\\\/\"},{\"@type\":\"ListItem\",\"position\":3,\"name\":\"Formularios\",\"item\":\"https:\\\/\\\/esei.uvigo.es\\\/es\\\/a-esei\\\/formularios\\\/\"},{\"@type\":\"ListItem\",\"position\":4,\"name\":\"Trabajos Fin de Grado\"}]},{\"@type\":\"WebSite\",\"@id\":\"https:\\\/\\\/esei.uvigo.es\\\/es\\\/#website\",\"url\":\"https:\\\/\\\/esei.uvigo.es\\\/es\\\/\",\"name\":\"Escola Superior de Enxe\u00f1ar\u00eda Inform\u00e1tica\",\"description\":\"\",\"publisher\":{\"@id\":\"https:\\\/\\\/esei.uvigo.es\\\/es\\\/#organization\"},\"potentialAction\":[{\"@type\":\"SearchAction\",\"target\":{\"@type\":\"EntryPoint\",\"urlTemplate\":\"https:\\\/\\\/esei.uvigo.es\\\/es\\\/?s={search_term_string}\"},\"query-input\":{\"@type\":\"PropertyValueSpecification\",\"valueRequired\":true,\"valueName\":\"search_term_string\"}}],\"inLanguage\":\"es\"},{\"@type\":\"Organization\",\"@id\":\"https:\\\/\\\/esei.uvigo.es\\\/es\\\/#organization\",\"name\":\"Escola Superior de Enxe\u00f1ar\u00eda Inform\u00e1tica\",\"url\":\"https:\\\/\\\/esei.uvigo.es\\\/es\\\/\",\"logo\":{\"@type\":\"ImageObject\",\"inLanguage\":\"es\",\"@id\":\"https:\\\/\\\/esei.uvigo.es\\\/es\\\/#\\\/schema\\\/logo\\\/image\\\/\",\"url\":\"https:\\\/\\\/esei.uvigo.es\\\/wp-content\\\/uploads\\\/2019\\\/09\\\/esei.png\",\"contentUrl\":\"https:\\\/\\\/esei.uvigo.es\\\/wp-content\\\/uploads\\\/2019\\\/09\\\/esei.png\",\"width\":579,\"height\":98,\"caption\":\"Escola Superior de Enxe\u00f1ar\u00eda Inform\u00e1tica\"},\"image\":{\"@id\":\"https:\\\/\\\/esei.uvigo.es\\\/es\\\/#\\\/schema\\\/logo\\\/image\\\/\"}}]}<\/script>\n<!-- \/ Yoast SEO plugin. -->","yoast_head_json":{"title":"Trabajos Fin de Grado | Escola Superior de Enxe\u00f1ar\u00eda Inform\u00e1tica","robots":{"index":"index","follow":"follow","max-snippet":"max-snippet:-1","max-image-preview":"max-image-preview:large","max-video-preview":"max-video-preview:-1"},"canonical":"https:\/\/esei.uvigo.es\/es\/a-esei\/formularios\/traballos-fin-de-grao\/","og_locale":"es_ES","og_type":"article","og_title":"Trabajos Fin de Grado | Escola Superior de Enxe\u00f1ar\u00eda Inform\u00e1tica","og_url":"https:\/\/esei.uvigo.es\/es\/a-esei\/formularios\/traballos-fin-de-grao\/","og_site_name":"Escola Superior de Enxe\u00f1ar\u00eda Inform\u00e1tica","article_modified_time":"2022-02-24T08:51:09+00:00","twitter_card":"summary_large_image","schema":{"@context":"https:\/\/schema.org","@graph":[{"@type":"WebPage","@id":"https:\/\/esei.uvigo.es\/es\/a-esei\/formularios\/traballos-fin-de-grao\/","url":"https:\/\/esei.uvigo.es\/es\/a-esei\/formularios\/traballos-fin-de-grao\/","name":"Trabajos Fin de Grado | Escola Superior de Enxe\u00f1ar\u00eda Inform\u00e1tica","isPartOf":{"@id":"https:\/\/esei.uvigo.es\/es\/#website"},"datePublished":"2019-09-27T18:25:01+00:00","dateModified":"2022-02-24T08:51:09+00:00","breadcrumb":{"@id":"https:\/\/esei.uvigo.es\/es\/a-esei\/formularios\/traballos-fin-de-grao\/#breadcrumb"},"inLanguage":"es","potentialAction":[{"@type":"ReadAction","target":["https:\/\/esei.uvigo.es\/es\/a-esei\/formularios\/traballos-fin-de-grao\/"]}]},{"@type":"BreadcrumbList","@id":"https:\/\/esei.uvigo.es\/es\/a-esei\/formularios\/traballos-fin-de-grao\/#breadcrumb","itemListElement":[{"@type":"ListItem","position":1,"name":"Portada","item":"https:\/\/esei.uvigo.es\/es\/"},{"@type":"ListItem","position":2,"name":"La ESEI","item":"https:\/\/esei.uvigo.es\/es\/a-esei\/"},{"@type":"ListItem","position":3,"name":"Formularios","item":"https:\/\/esei.uvigo.es\/es\/a-esei\/formularios\/"},{"@type":"ListItem","position":4,"name":"Trabajos Fin de Grado"}]},{"@type":"WebSite","@id":"https:\/\/esei.uvigo.es\/es\/#website","url":"https:\/\/esei.uvigo.es\/es\/","name":"Escola Superior de Enxe\u00f1ar\u00eda Inform\u00e1tica","description":"","publisher":{"@id":"https:\/\/esei.uvigo.es\/es\/#organization"},"potentialAction":[{"@type":"SearchAction","target":{"@type":"EntryPoint","urlTemplate":"https:\/\/esei.uvigo.es\/es\/?s={search_term_string}"},"query-input":{"@type":"PropertyValueSpecification","valueRequired":true,"valueName":"search_term_string"}}],"inLanguage":"es"},{"@type":"Organization","@id":"https:\/\/esei.uvigo.es\/es\/#organization","name":"Escola Superior de Enxe\u00f1ar\u00eda Inform\u00e1tica","url":"https:\/\/esei.uvigo.es\/es\/","logo":{"@type":"ImageObject","inLanguage":"es","@id":"https:\/\/esei.uvigo.es\/es\/#\/schema\/logo\/image\/","url":"https:\/\/esei.uvigo.es\/wp-content\/uploads\/2019\/09\/esei.png","contentUrl":"https:\/\/esei.uvigo.es\/wp-content\/uploads\/2019\/09\/esei.png","width":579,"height":98,"caption":"Escola Superior de Enxe\u00f1ar\u00eda Inform\u00e1tica"},"image":{"@id":"https:\/\/esei.uvigo.es\/es\/#\/schema\/logo\/image\/"}}]}},"_links":{"self":[{"href":"https:\/\/esei.uvigo.es\/es\/wp-json\/wp\/v2\/pages\/22773","targetHints":{"allow":["GET"]}}],"collection":[{"href":"https:\/\/esei.uvigo.es\/es\/wp-json\/wp\/v2\/pages"}],"about":[{"href":"https:\/\/esei.uvigo.es\/es\/wp-json\/wp\/v2\/types\/page"}],"author":[{"embeddable":true,"href":"https:\/\/esei.uvigo.es\/es\/wp-json\/wp\/v2\/users\/1"}],"replies":[{"embeddable":true,"href":"https:\/\/esei.uvigo.es\/es\/wp-json\/wp\/v2\/comments?post=22773"}],"version-history":[{"count":1,"href":"https:\/\/esei.uvigo.es\/es\/wp-json\/wp\/v2\/pages\/22773\/revisions"}],"predecessor-version":[{"id":23023,"href":"https:\/\/esei.uvigo.es\/es\/wp-json\/wp\/v2\/pages\/22773\/revisions\/23023"}],"up":[{"embeddable":true,"href":"https:\/\/esei.uvigo.es\/es\/wp-json\/wp\/v2\/pages\/22770"}],"wp:attachment":[{"href":"https:\/\/esei.uvigo.es\/es\/wp-json\/wp\/v2\/media?parent=22773"}],"curies":[{"name":"wp","href":"https:\/\/api.w.org\/{rel}","templated":true}]}}