{"id":22767,"date":"2019-02-06T12:22:42","date_gmt":"2019-02-06T11:22:42","guid":{"rendered":"https:\/\/esei.uvigo.es\/a-esei\/igualdade\/"},"modified":"2022-06-21T11:09:52","modified_gmt":"2022-06-21T09:09:52","slug":"igualdade","status":"publish","type":"page","link":"https:\/\/esei.uvigo.es\/es\/a-esei\/igualdade\/","title":{"rendered":"Igualdad"},"content":{"rendered":"<p>La ESEI es un centro preocupado por las pol\u00edticas de igualdad. Desde setiembre de 2014, un representante del equipo directivo asume las funciones de enlace de igualdad, como una de las medidas contempladas en el <a class=\"external-link-new-window\" href=\"http:\/\/www.uvigo.gal\/opencms\/export\/sites\/uvigo\/sites\/default\/uvigo\/DOCUMENTOS\/igualdade\/PLAN_IGUALDADE_UVigo_GALEGO_web.pdf\" target=\"_blank\" rel=\"noopener noreferrer\"><b>I Plan de igualdad entre mujeres y hombres de la Universidade de Vigo 2012\/14<\/b><\/a> aprobado en el Consejo de Gobierno del 12\/11\/2012, y la creaci\u00f3n de este cargo fue valorada muy positivamente en el <a class=\"download\" href=\"https:\/\/esei.uvigo.es\/wp-content\/uploads\/2019\/09\/II_Plan_de_Igualdade.pdf\" target=\"_blank\" rel=\"noopener noreferrer\"><b>II Plan de Igualdad entre mujeres y hombres de la Universidade de Vigo 2016\/19<\/b><\/a>.<\/p>\n<p>Actualmente la Secretaria del Centro, <a class=\"internal-link\" href=\"https:\/\/esei.uvigo.es\/docencia\/profesorado\/profesor\/gonzalez-rufino-maria-encarnacion\/\" rel=\"noopener noreferrer\"><b>Mar\u00eda Encarnaci\u00f3n Gonz\u00e1lez Rufino<\/b><\/a>, ejerce como enlace de igualdad, y tiene asignadas las funciones de dinamizaci\u00f3n e implantaci\u00f3n de las pol\u00edticas de igualdad, para contribuir a la aplicaci\u00f3n y seguimiento de las medidas propuestas en el Plan cara la consecuci\u00f3n de una situaci\u00f3n m\u00e1s equilibrada de las mujeres y de los hombres en la instituci\u00f3n, y est\u00e1 en contacto permanente con la <a class=\"external-link-new-window\" href=\"https:\/\/www.uvigo.gal\/campus\/igualdade\" target=\"_blank\" rel=\"noopener noreferrer\"><b>Unidad de Igualdad<\/b><\/a> de la Universidade de Vigo.<\/p>\n<p>La ESEI participa en numerosas <a class=\"external-link-new-window\" href=\"https:\/\/www.uvigo.gal\/campus\/igualdade\/afondar-igualdade\" target=\"_blank\" rel=\"noopener noreferrer\"><b>actividades<\/b><\/a> tanto propias, como conjuntas con otros centros, como desarrolladas con la Unidad de Igualdad de la Universidade de Vigo. Como por ejemplo:<\/p>\n<ul>\n<li><a href=\"https:\/\/exxperimentaenfeminino.uvigo.gal\" target=\"_blank\" rel=\"noopener noreferrer\">E<span style=\"color: #cc99ff;\"><em>\u03c7\u03c7<\/em><\/span>PERIMENTA en femenino<\/a><\/li>\n<li><a href=\"https:\/\/esei.uvigo.es\/documentos\/iii-concurso-escolar-de-debuxo-e-redaccion-do-dia-internacional-da-muller-e-a-nena-na-ciencia\/\" target=\"_blank\" rel=\"noopener noreferrer\">III Concurso escolar de dibujo y redacci\u00f3n del D\u00eda Internacional de la Mujer y la Ni\u00f1a en la Ciencia<\/a><\/li>\n<li><a class=\"download\" href=\"https:\/\/esei.uvigo.es\/documentos\/xornadas-o-talento-feminino-suma\/\" target=\"_blank\" rel=\"noopener noreferrer\">Jornadas el Talento Femenino SUMA<\/a><\/li>\n<li><a href=\"https:\/\/esei.uvigo.es\/documentos\/exposicion-achegas-das-mulleres-a-sustentabilidade-do-mar\/\" target=\"_blank\" rel=\"noopener noreferrer\">Exposici\u00f3n: \u00abAchegas das mulleres \u00e1 sustentabilidade do mar\u00bb<\/a><\/li>\n<li><a class=\"download\" href=\"https:\/\/esei.uvigo.es\/documentos\/ii-concurso-escolar-de-debuxo-e-redaccion-do-dia-internacional-da-muller-e-a-nena-na-ciencia\/\" target=\"_blank\" rel=\"noopener noreferrer\">II Concurso escolar de dibujo y redacci\u00f3n do D\u00eda Internacional de la Mujer y la Ni\u00f1a en la Ciencia<\/a><\/li>\n<li><a class=\"download\" href=\"https:\/\/esei.uvigo.es\/documentos\/i-xornada-divulgacion-en-ciencia-tecnoloxia-enxenaria-e-matematicas\/\" target=\"_blank\" rel=\"noopener noreferrer\">I Jornada Divulgaci\u00f3n en Ciencia, Tecnolog\u00eda, Ingenier\u00eda y Matem\u00e1ticas<\/a><\/li>\n<\/ul>\n","protected":false},"excerpt":{"rendered":"<p>La ESEI es un centro preocupado por las pol\u00edticas de igualdad. Desde setiembre de 2014, un representante del equipo directivo asume las funciones de enlace &hellip; <a class=\"excerpt_more\" href=\"https:\/\/esei.uvigo.es\/es\/a-esei\/igualdade\/\">Contin\u00faa<\/a><\/p>\n","protected":false},"author":1,"featured_media":0,"parent":14,"menu_order":31,"comment_status":"closed","ping_status":"closed","template":"","meta":{"_acf_changed":false,"footnotes":""},"class_list":["post-22767","page","type-page","status-publish","hentry"],"acf":[],"yoast_head":"<!-- This site is optimized with the Yoast SEO plugin v27.6 - https:\/\/yoast.com\/product\/yoast-seo-wordpress\/ -->\n<title>Igualdad | Escola Superior de Enxe\u00f1ar\u00eda Inform\u00e1tica<\/title>\n<meta name=\"robots\" content=\"index, follow, max-snippet:-1, max-image-preview:large, max-video-preview:-1\" \/>\n<link rel=\"canonical\" href=\"https:\/\/esei.uvigo.es\/es\/a-esei\/igualdade\/\" \/>\n<meta property=\"og:locale\" content=\"es_ES\" \/>\n<meta property=\"og:type\" content=\"article\" \/>\n<meta property=\"og:title\" content=\"Igualdad | Escola Superior de Enxe\u00f1ar\u00eda Inform\u00e1tica\" \/>\n<meta property=\"og:description\" content=\"La ESEI es un centro preocupado por las pol\u00edticas de igualdad. Desde setiembre de 2014, un representante del equipo directivo asume las funciones de enlace &hellip; Contin\u00faa\" \/>\n<meta property=\"og:url\" content=\"https:\/\/esei.uvigo.es\/es\/a-esei\/igualdade\/\" \/>\n<meta property=\"og:site_name\" content=\"Escola Superior de Enxe\u00f1ar\u00eda Inform\u00e1tica\" \/>\n<meta property=\"article:modified_time\" content=\"2022-06-21T09:09:52+00:00\" \/>\n<meta name=\"twitter:card\" content=\"summary_large_image\" \/>\n<meta name=\"twitter:label1\" content=\"Tiempo de lectura\" \/>\n\t<meta name=\"twitter:data1\" content=\"1 minuto\" \/>\n<script type=\"application\/ld+json\" class=\"yoast-schema-graph\">{\"@context\":\"https:\\\/\\\/schema.org\",\"@graph\":[{\"@type\":\"WebPage\",\"@id\":\"https:\\\/\\\/esei.uvigo.es\\\/es\\\/a-esei\\\/igualdade\\\/\",\"url\":\"https:\\\/\\\/esei.uvigo.es\\\/es\\\/a-esei\\\/igualdade\\\/\",\"name\":\"Igualdad | Escola Superior de Enxe\u00f1ar\u00eda Inform\u00e1tica\",\"isPartOf\":{\"@id\":\"https:\\\/\\\/esei.uvigo.es\\\/es\\\/#website\"},\"datePublished\":\"2019-02-06T11:22:42+00:00\",\"dateModified\":\"2022-06-21T09:09:52+00:00\",\"breadcrumb\":{\"@id\":\"https:\\\/\\\/esei.uvigo.es\\\/es\\\/a-esei\\\/igualdade\\\/#breadcrumb\"},\"inLanguage\":\"es\",\"potentialAction\":[{\"@type\":\"ReadAction\",\"target\":[\"https:\\\/\\\/esei.uvigo.es\\\/es\\\/a-esei\\\/igualdade\\\/\"]}]},{\"@type\":\"BreadcrumbList\",\"@id\":\"https:\\\/\\\/esei.uvigo.es\\\/es\\\/a-esei\\\/igualdade\\\/#breadcrumb\",\"itemListElement\":[{\"@type\":\"ListItem\",\"position\":1,\"name\":\"Portada\",\"item\":\"https:\\\/\\\/esei.uvigo.es\\\/es\\\/\"},{\"@type\":\"ListItem\",\"position\":2,\"name\":\"La ESEI\",\"item\":\"https:\\\/\\\/esei.uvigo.es\\\/es\\\/a-esei\\\/\"},{\"@type\":\"ListItem\",\"position\":3,\"name\":\"Igualdad\"}]},{\"@type\":\"WebSite\",\"@id\":\"https:\\\/\\\/esei.uvigo.es\\\/es\\\/#website\",\"url\":\"https:\\\/\\\/esei.uvigo.es\\\/es\\\/\",\"name\":\"Escola Superior de Enxe\u00f1ar\u00eda Inform\u00e1tica\",\"description\":\"\",\"publisher\":{\"@id\":\"https:\\\/\\\/esei.uvigo.es\\\/es\\\/#organization\"},\"potentialAction\":[{\"@type\":\"SearchAction\",\"target\":{\"@type\":\"EntryPoint\",\"urlTemplate\":\"https:\\\/\\\/esei.uvigo.es\\\/es\\\/?s={search_term_string}\"},\"query-input\":{\"@type\":\"PropertyValueSpecification\",\"valueRequired\":true,\"valueName\":\"search_term_string\"}}],\"inLanguage\":\"es\"},{\"@type\":\"Organization\",\"@id\":\"https:\\\/\\\/esei.uvigo.es\\\/es\\\/#organization\",\"name\":\"Escola Superior de Enxe\u00f1ar\u00eda Inform\u00e1tica\",\"url\":\"https:\\\/\\\/esei.uvigo.es\\\/es\\\/\",\"logo\":{\"@type\":\"ImageObject\",\"inLanguage\":\"es\",\"@id\":\"https:\\\/\\\/esei.uvigo.es\\\/es\\\/#\\\/schema\\\/logo\\\/image\\\/\",\"url\":\"https:\\\/\\\/esei.uvigo.es\\\/wp-content\\\/uploads\\\/2019\\\/09\\\/esei.png\",\"contentUrl\":\"https:\\\/\\\/esei.uvigo.es\\\/wp-content\\\/uploads\\\/2019\\\/09\\\/esei.png\",\"width\":579,\"height\":98,\"caption\":\"Escola Superior de Enxe\u00f1ar\u00eda Inform\u00e1tica\"},\"image\":{\"@id\":\"https:\\\/\\\/esei.uvigo.es\\\/es\\\/#\\\/schema\\\/logo\\\/image\\\/\"}}]}<\/script>\n<!-- \/ Yoast SEO plugin. -->","yoast_head_json":{"title":"Igualdad | Escola Superior de Enxe\u00f1ar\u00eda Inform\u00e1tica","robots":{"index":"index","follow":"follow","max-snippet":"max-snippet:-1","max-image-preview":"max-image-preview:large","max-video-preview":"max-video-preview:-1"},"canonical":"https:\/\/esei.uvigo.es\/es\/a-esei\/igualdade\/","og_locale":"es_ES","og_type":"article","og_title":"Igualdad | Escola Superior de Enxe\u00f1ar\u00eda Inform\u00e1tica","og_description":"La ESEI es un centro preocupado por las pol\u00edticas de igualdad. Desde setiembre de 2014, un representante del equipo directivo asume las funciones de enlace &hellip; Contin\u00faa","og_url":"https:\/\/esei.uvigo.es\/es\/a-esei\/igualdade\/","og_site_name":"Escola Superior de Enxe\u00f1ar\u00eda Inform\u00e1tica","article_modified_time":"2022-06-21T09:09:52+00:00","twitter_card":"summary_large_image","twitter_misc":{"Tiempo de lectura":"1 minuto"},"schema":{"@context":"https:\/\/schema.org","@graph":[{"@type":"WebPage","@id":"https:\/\/esei.uvigo.es\/es\/a-esei\/igualdade\/","url":"https:\/\/esei.uvigo.es\/es\/a-esei\/igualdade\/","name":"Igualdad | Escola Superior de Enxe\u00f1ar\u00eda Inform\u00e1tica","isPartOf":{"@id":"https:\/\/esei.uvigo.es\/es\/#website"},"datePublished":"2019-02-06T11:22:42+00:00","dateModified":"2022-06-21T09:09:52+00:00","breadcrumb":{"@id":"https:\/\/esei.uvigo.es\/es\/a-esei\/igualdade\/#breadcrumb"},"inLanguage":"es","potentialAction":[{"@type":"ReadAction","target":["https:\/\/esei.uvigo.es\/es\/a-esei\/igualdade\/"]}]},{"@type":"BreadcrumbList","@id":"https:\/\/esei.uvigo.es\/es\/a-esei\/igualdade\/#breadcrumb","itemListElement":[{"@type":"ListItem","position":1,"name":"Portada","item":"https:\/\/esei.uvigo.es\/es\/"},{"@type":"ListItem","position":2,"name":"La ESEI","item":"https:\/\/esei.uvigo.es\/es\/a-esei\/"},{"@type":"ListItem","position":3,"name":"Igualdad"}]},{"@type":"WebSite","@id":"https:\/\/esei.uvigo.es\/es\/#website","url":"https:\/\/esei.uvigo.es\/es\/","name":"Escola Superior de Enxe\u00f1ar\u00eda Inform\u00e1tica","description":"","publisher":{"@id":"https:\/\/esei.uvigo.es\/es\/#organization"},"potentialAction":[{"@type":"SearchAction","target":{"@type":"EntryPoint","urlTemplate":"https:\/\/esei.uvigo.es\/es\/?s={search_term_string}"},"query-input":{"@type":"PropertyValueSpecification","valueRequired":true,"valueName":"search_term_string"}}],"inLanguage":"es"},{"@type":"Organization","@id":"https:\/\/esei.uvigo.es\/es\/#organization","name":"Escola Superior de Enxe\u00f1ar\u00eda Inform\u00e1tica","url":"https:\/\/esei.uvigo.es\/es\/","logo":{"@type":"ImageObject","inLanguage":"es","@id":"https:\/\/esei.uvigo.es\/es\/#\/schema\/logo\/image\/","url":"https:\/\/esei.uvigo.es\/wp-content\/uploads\/2019\/09\/esei.png","contentUrl":"https:\/\/esei.uvigo.es\/wp-content\/uploads\/2019\/09\/esei.png","width":579,"height":98,"caption":"Escola Superior de Enxe\u00f1ar\u00eda Inform\u00e1tica"},"image":{"@id":"https:\/\/esei.uvigo.es\/es\/#\/schema\/logo\/image\/"}}]}},"_links":{"self":[{"href":"https:\/\/esei.uvigo.es\/es\/wp-json\/wp\/v2\/pages\/22767","targetHints":{"allow":["GET"]}}],"collection":[{"href":"https:\/\/esei.uvigo.es\/es\/wp-json\/wp\/v2\/pages"}],"about":[{"href":"https:\/\/esei.uvigo.es\/es\/wp-json\/wp\/v2\/types\/page"}],"author":[{"embeddable":true,"href":"https:\/\/esei.uvigo.es\/es\/wp-json\/wp\/v2\/users\/1"}],"replies":[{"embeddable":true,"href":"https:\/\/esei.uvigo.es\/es\/wp-json\/wp\/v2\/comments?post=22767"}],"version-history":[{"count":3,"href":"https:\/\/esei.uvigo.es\/es\/wp-json\/wp\/v2\/pages\/22767\/revisions"}],"predecessor-version":[{"id":23615,"href":"https:\/\/esei.uvigo.es\/es\/wp-json\/wp\/v2\/pages\/22767\/revisions\/23615"}],"up":[{"embeddable":true,"href":"https:\/\/esei.uvigo.es\/es\/wp-json\/wp\/v2\/pages\/14"}],"wp:attachment":[{"href":"https:\/\/esei.uvigo.es\/es\/wp-json\/wp\/v2\/media?parent=22767"}],"curies":[{"name":"wp","href":"https:\/\/api.w.org\/{rel}","templated":true}]}}