{"id":22765,"date":"2018-09-20T13:02:55","date_gmt":"2018-09-20T11:02:55","guid":{"rendered":"https:\/\/esei.uvigo.es\/a-esei\/delegacion-de-alumnos\/"},"modified":"2026-03-02T17:44:38","modified_gmt":"2026-03-02T16:44:38","slug":"delegacion-de-alumnos","status":"publish","type":"page","link":"https:\/\/esei.uvigo.es\/es\/a-esei\/delegacion-de-alumnos\/","title":{"rendered":"Delegaci\u00f3n de Alumnos"},"content":{"rendered":"<div class=\"row\">\n<div class=\"col-md-2\"><a href=\"https:\/\/eseida.uvigo.gal\"><img loading=\"lazy\" decoding=\"async\" class=\"alignnone wp-image-25736 size-medium\" src=\"https:\/\/esei.uvigo.es\/wp-content\/uploads\/2023\/06\/Corporativo-1-300x100.png\" alt=\"\" width=\"300\" height=\"100\" srcset=\"https:\/\/esei.uvigo.es\/wp-content\/uploads\/2023\/06\/Corporativo-1-300x100.png 300w, https:\/\/esei.uvigo.es\/wp-content\/uploads\/2023\/06\/Corporativo-1-1024x341.png 1024w, https:\/\/esei.uvigo.es\/wp-content\/uploads\/2023\/06\/Corporativo-1-768x256.png 768w, https:\/\/esei.uvigo.es\/wp-content\/uploads\/2023\/06\/Corporativo-1-1536x512.png 1536w, https:\/\/esei.uvigo.es\/wp-content\/uploads\/2023\/06\/Corporativo-1-2048x682.png 2048w\" sizes=\"auto, (max-width: 300px) 100vw, 300px\" \/><\/a><\/div>\n<div class=\"col-md-8\"> Cada dos a\u00f1os los estudiantes eligen a sus representantes en los \u00f3rganos de gobierno de la ESEI (Junta de Centro y diferentes comisiones), as\u00ed como en los \u00f3rganos de gobierno de la Universidad (Claustro e Consejo de Gobierno).<\/p>\n<p>La Delegaci\u00f3n, conocida como Eseida, est\u00e1 a vuestra disposici\u00f3n en su sala 30B (tercera planta), as\u00ed como en el tel\u00e9fono 988 387 036 o en <a href=\"mailto:eseida@uvigo.es\">eseida@uvigo.es<\/a><\/div>.<br \/>\n<\/div>\n<p>Tambi\u00e9n pod\u00e9is contactar con la Eseida trav\u00e9s de <a href=\"http:\/\/twitter.com\/Eseida\" target=\"_blank\" rel=\"noopener noreferrer\">Twitter<\/a> o <a href=\"https:\/\/www.instagram.com\/Eseida\/\" target=\"_blank\" rel=\"noopener noreferrer\">Instagram<\/a>.<\/p>\n<h3>Miembros (1\u00ba y 2\u00ba Ciclo)<\/h3>\n<div class=\"row\">\n<div class=\"col-md-6\">\n<ul>\n<li>Ana \u00c1lvarez L\u00f3pez<\/li>\n<li>H\u00e9ctor Calvi\u00f1o Canitrot<\/li>\n<li>Hiba El Ghali El Ghali<\/li>\n<li>Alberto Andr\u00e9s Faublak \u00c1lvarez<\/li>\n<li>Lucas F\u00e9lix Casal<\/li>\n<li>Eva Freire Su\u00e1rez<\/li>\n<li>Luis Garbayo Fern\u00e1ndez<\/li>\n<li>Juan Garrido Blanco<\/li>\n<li>Tom\u00e1s Leis Bravo<\/li>\n<li>Anxo L\u00f3pez Rodr\u00edguez<\/li>\n<\/ul>\n<\/div>\n<div class=\"col-md-6\">\n<ul>\n<li>Paula Mosquera del R\u00edo<\/li>\n<li>Alberto N\u00f3voa Gonz\u00e1lez<\/li>\n<li>Andr\u00e9s David P\u00e9rez Almu\u00f1ez<\/li>\n<li>Tatiana Mar\u00eda Quintas Rodr\u00edguez<\/li>\n<li>Alejandro Rodr\u00edguez Aneiros<\/li>\n<li>Ant\u00eda Rodr\u00edguez Romero<\/li>\n<li>Luis Manuel Seara Curiel<\/li>\n<li>Estela Sobral Peque\u00f1o<\/li>\n<li>Manuel Leonardo Torrecilla R\u00edo<\/li>\n<\/ul>\n<\/div>\n<\/div>\n<h3>Miembros (3\u00ba Ciclo)<\/h3>\n<div class=\"row\">\n<div class=\"col-md-6\">\n<ul>\n<li>Manuel Alonso Carracedo<\/li>\n<li>Noelia Garc\u00eda Hervella<\/li>\n<\/ul>\n<\/div>\n<div class=\"col-md-6\">\n<ul>\n<li>Iv\u00e1n Luis V\u00e1zquez<\/li>\n<li>Jos\u00e9 Manuel Sorribes Fern\u00e1ndez<\/li>\n<\/ul>\n<\/div>\n<\/div>\n","protected":false},"excerpt":{"rendered":"<p>Tambi\u00e9n pod\u00e9is contactar con la Eseida trav\u00e9s de Twitter o Instagram. Miembros (1\u00ba y 2\u00ba Ciclo) Miembros (3\u00ba Ciclo)<\/p>\n","protected":false},"author":1,"featured_media":0,"parent":14,"menu_order":26,"comment_status":"closed","ping_status":"closed","template":"","meta":{"_acf_changed":false,"footnotes":""},"class_list":["post-22765","page","type-page","status-publish","hentry"],"acf":[],"yoast_head":"<!-- This site is optimized with the Yoast SEO plugin v27.6 - https:\/\/yoast.com\/product\/yoast-seo-wordpress\/ -->\n<title>Delegaci\u00f3n de Alumnos | Escola Superior de Enxe\u00f1ar\u00eda Inform\u00e1tica<\/title>\n<meta name=\"robots\" content=\"index, follow, max-snippet:-1, max-image-preview:large, max-video-preview:-1\" \/>\n<link rel=\"canonical\" href=\"https:\/\/esei.uvigo.es\/es\/a-esei\/delegacion-de-alumnos\/\" \/>\n<meta property=\"og:locale\" content=\"es_ES\" \/>\n<meta property=\"og:type\" content=\"article\" \/>\n<meta property=\"og:title\" content=\"Delegaci\u00f3n de Alumnos | Escola Superior de Enxe\u00f1ar\u00eda Inform\u00e1tica\" \/>\n<meta property=\"og:description\" content=\"Tambi\u00e9n pod\u00e9is contactar con la Eseida trav\u00e9s de Twitter o Instagram. Miembros (1\u00ba y 2\u00ba Ciclo) Miembros (3\u00ba Ciclo)\" \/>\n<meta property=\"og:url\" content=\"https:\/\/esei.uvigo.es\/es\/a-esei\/delegacion-de-alumnos\/\" \/>\n<meta property=\"og:site_name\" content=\"Escola Superior de Enxe\u00f1ar\u00eda Inform\u00e1tica\" \/>\n<meta property=\"article:modified_time\" content=\"2026-03-02T16:44:38+00:00\" \/>\n<meta property=\"og:image\" content=\"https:\/\/esei.uvigo.es\/wp-content\/uploads\/2023\/06\/Corporativo-1.png\" \/>\n\t<meta property=\"og:image:width\" content=\"3001\" \/>\n\t<meta property=\"og:image:height\" content=\"1000\" \/>\n\t<meta property=\"og:image:type\" content=\"image\/png\" \/>\n<meta name=\"twitter:card\" content=\"summary_large_image\" \/>\n<meta name=\"twitter:label1\" content=\"Tiempo de lectura\" \/>\n\t<meta name=\"twitter:data1\" content=\"2 minutos\" \/>\n<script type=\"application\/ld+json\" class=\"yoast-schema-graph\">{\"@context\":\"https:\\\/\\\/schema.org\",\"@graph\":[{\"@type\":\"WebPage\",\"@id\":\"https:\\\/\\\/esei.uvigo.es\\\/es\\\/a-esei\\\/delegacion-de-alumnos\\\/\",\"url\":\"https:\\\/\\\/esei.uvigo.es\\\/es\\\/a-esei\\\/delegacion-de-alumnos\\\/\",\"name\":\"Delegaci\u00f3n de Alumnos | Escola Superior de Enxe\u00f1ar\u00eda Inform\u00e1tica\",\"isPartOf\":{\"@id\":\"https:\\\/\\\/esei.uvigo.es\\\/es\\\/#website\"},\"primaryImageOfPage\":{\"@id\":\"https:\\\/\\\/esei.uvigo.es\\\/es\\\/a-esei\\\/delegacion-de-alumnos\\\/#primaryimage\"},\"image\":{\"@id\":\"https:\\\/\\\/esei.uvigo.es\\\/es\\\/a-esei\\\/delegacion-de-alumnos\\\/#primaryimage\"},\"thumbnailUrl\":\"https:\\\/\\\/esei.uvigo.es\\\/wp-content\\\/uploads\\\/2023\\\/06\\\/Corporativo-1-300x100.png\",\"datePublished\":\"2018-09-20T11:02:55+00:00\",\"dateModified\":\"2026-03-02T16:44:38+00:00\",\"breadcrumb\":{\"@id\":\"https:\\\/\\\/esei.uvigo.es\\\/es\\\/a-esei\\\/delegacion-de-alumnos\\\/#breadcrumb\"},\"inLanguage\":\"es\",\"potentialAction\":[{\"@type\":\"ReadAction\",\"target\":[\"https:\\\/\\\/esei.uvigo.es\\\/es\\\/a-esei\\\/delegacion-de-alumnos\\\/\"]}]},{\"@type\":\"ImageObject\",\"inLanguage\":\"es\",\"@id\":\"https:\\\/\\\/esei.uvigo.es\\\/es\\\/a-esei\\\/delegacion-de-alumnos\\\/#primaryimage\",\"url\":\"https:\\\/\\\/esei.uvigo.es\\\/wp-content\\\/uploads\\\/2023\\\/06\\\/Corporativo-1-300x100.png\",\"contentUrl\":\"https:\\\/\\\/esei.uvigo.es\\\/wp-content\\\/uploads\\\/2023\\\/06\\\/Corporativo-1-300x100.png\"},{\"@type\":\"BreadcrumbList\",\"@id\":\"https:\\\/\\\/esei.uvigo.es\\\/es\\\/a-esei\\\/delegacion-de-alumnos\\\/#breadcrumb\",\"itemListElement\":[{\"@type\":\"ListItem\",\"position\":1,\"name\":\"Portada\",\"item\":\"https:\\\/\\\/esei.uvigo.es\\\/es\\\/\"},{\"@type\":\"ListItem\",\"position\":2,\"name\":\"La ESEI\",\"item\":\"https:\\\/\\\/esei.uvigo.es\\\/es\\\/a-esei\\\/\"},{\"@type\":\"ListItem\",\"position\":3,\"name\":\"Delegaci\u00f3n de Alumnos\"}]},{\"@type\":\"WebSite\",\"@id\":\"https:\\\/\\\/esei.uvigo.es\\\/es\\\/#website\",\"url\":\"https:\\\/\\\/esei.uvigo.es\\\/es\\\/\",\"name\":\"Escola Superior de Enxe\u00f1ar\u00eda Inform\u00e1tica\",\"description\":\"\",\"publisher\":{\"@id\":\"https:\\\/\\\/esei.uvigo.es\\\/es\\\/#organization\"},\"potentialAction\":[{\"@type\":\"SearchAction\",\"target\":{\"@type\":\"EntryPoint\",\"urlTemplate\":\"https:\\\/\\\/esei.uvigo.es\\\/es\\\/?s={search_term_string}\"},\"query-input\":{\"@type\":\"PropertyValueSpecification\",\"valueRequired\":true,\"valueName\":\"search_term_string\"}}],\"inLanguage\":\"es\"},{\"@type\":\"Organization\",\"@id\":\"https:\\\/\\\/esei.uvigo.es\\\/es\\\/#organization\",\"name\":\"Escola Superior de Enxe\u00f1ar\u00eda Inform\u00e1tica\",\"url\":\"https:\\\/\\\/esei.uvigo.es\\\/es\\\/\",\"logo\":{\"@type\":\"ImageObject\",\"inLanguage\":\"es\",\"@id\":\"https:\\\/\\\/esei.uvigo.es\\\/es\\\/#\\\/schema\\\/logo\\\/image\\\/\",\"url\":\"https:\\\/\\\/esei.uvigo.es\\\/wp-content\\\/uploads\\\/2019\\\/09\\\/esei.png\",\"contentUrl\":\"https:\\\/\\\/esei.uvigo.es\\\/wp-content\\\/uploads\\\/2019\\\/09\\\/esei.png\",\"width\":579,\"height\":98,\"caption\":\"Escola Superior de Enxe\u00f1ar\u00eda Inform\u00e1tica\"},\"image\":{\"@id\":\"https:\\\/\\\/esei.uvigo.es\\\/es\\\/#\\\/schema\\\/logo\\\/image\\\/\"}}]}<\/script>\n<!-- \/ Yoast SEO plugin. -->","yoast_head_json":{"title":"Delegaci\u00f3n de Alumnos | Escola Superior de Enxe\u00f1ar\u00eda Inform\u00e1tica","robots":{"index":"index","follow":"follow","max-snippet":"max-snippet:-1","max-image-preview":"max-image-preview:large","max-video-preview":"max-video-preview:-1"},"canonical":"https:\/\/esei.uvigo.es\/es\/a-esei\/delegacion-de-alumnos\/","og_locale":"es_ES","og_type":"article","og_title":"Delegaci\u00f3n de Alumnos | Escola Superior de Enxe\u00f1ar\u00eda Inform\u00e1tica","og_description":"Tambi\u00e9n pod\u00e9is contactar con la Eseida trav\u00e9s de Twitter o Instagram. Miembros (1\u00ba y 2\u00ba Ciclo) Miembros (3\u00ba Ciclo)","og_url":"https:\/\/esei.uvigo.es\/es\/a-esei\/delegacion-de-alumnos\/","og_site_name":"Escola Superior de Enxe\u00f1ar\u00eda Inform\u00e1tica","article_modified_time":"2026-03-02T16:44:38+00:00","og_image":[{"width":3001,"height":1000,"url":"https:\/\/esei.uvigo.es\/wp-content\/uploads\/2023\/06\/Corporativo-1.png","type":"image\/png"}],"twitter_card":"summary_large_image","twitter_misc":{"Tiempo de lectura":"2 minutos"},"schema":{"@context":"https:\/\/schema.org","@graph":[{"@type":"WebPage","@id":"https:\/\/esei.uvigo.es\/es\/a-esei\/delegacion-de-alumnos\/","url":"https:\/\/esei.uvigo.es\/es\/a-esei\/delegacion-de-alumnos\/","name":"Delegaci\u00f3n de Alumnos | Escola Superior de Enxe\u00f1ar\u00eda Inform\u00e1tica","isPartOf":{"@id":"https:\/\/esei.uvigo.es\/es\/#website"},"primaryImageOfPage":{"@id":"https:\/\/esei.uvigo.es\/es\/a-esei\/delegacion-de-alumnos\/#primaryimage"},"image":{"@id":"https:\/\/esei.uvigo.es\/es\/a-esei\/delegacion-de-alumnos\/#primaryimage"},"thumbnailUrl":"https:\/\/esei.uvigo.es\/wp-content\/uploads\/2023\/06\/Corporativo-1-300x100.png","datePublished":"2018-09-20T11:02:55+00:00","dateModified":"2026-03-02T16:44:38+00:00","breadcrumb":{"@id":"https:\/\/esei.uvigo.es\/es\/a-esei\/delegacion-de-alumnos\/#breadcrumb"},"inLanguage":"es","potentialAction":[{"@type":"ReadAction","target":["https:\/\/esei.uvigo.es\/es\/a-esei\/delegacion-de-alumnos\/"]}]},{"@type":"ImageObject","inLanguage":"es","@id":"https:\/\/esei.uvigo.es\/es\/a-esei\/delegacion-de-alumnos\/#primaryimage","url":"https:\/\/esei.uvigo.es\/wp-content\/uploads\/2023\/06\/Corporativo-1-300x100.png","contentUrl":"https:\/\/esei.uvigo.es\/wp-content\/uploads\/2023\/06\/Corporativo-1-300x100.png"},{"@type":"BreadcrumbList","@id":"https:\/\/esei.uvigo.es\/es\/a-esei\/delegacion-de-alumnos\/#breadcrumb","itemListElement":[{"@type":"ListItem","position":1,"name":"Portada","item":"https:\/\/esei.uvigo.es\/es\/"},{"@type":"ListItem","position":2,"name":"La ESEI","item":"https:\/\/esei.uvigo.es\/es\/a-esei\/"},{"@type":"ListItem","position":3,"name":"Delegaci\u00f3n de Alumnos"}]},{"@type":"WebSite","@id":"https:\/\/esei.uvigo.es\/es\/#website","url":"https:\/\/esei.uvigo.es\/es\/","name":"Escola Superior de Enxe\u00f1ar\u00eda Inform\u00e1tica","description":"","publisher":{"@id":"https:\/\/esei.uvigo.es\/es\/#organization"},"potentialAction":[{"@type":"SearchAction","target":{"@type":"EntryPoint","urlTemplate":"https:\/\/esei.uvigo.es\/es\/?s={search_term_string}"},"query-input":{"@type":"PropertyValueSpecification","valueRequired":true,"valueName":"search_term_string"}}],"inLanguage":"es"},{"@type":"Organization","@id":"https:\/\/esei.uvigo.es\/es\/#organization","name":"Escola Superior de Enxe\u00f1ar\u00eda Inform\u00e1tica","url":"https:\/\/esei.uvigo.es\/es\/","logo":{"@type":"ImageObject","inLanguage":"es","@id":"https:\/\/esei.uvigo.es\/es\/#\/schema\/logo\/image\/","url":"https:\/\/esei.uvigo.es\/wp-content\/uploads\/2019\/09\/esei.png","contentUrl":"https:\/\/esei.uvigo.es\/wp-content\/uploads\/2019\/09\/esei.png","width":579,"height":98,"caption":"Escola Superior de Enxe\u00f1ar\u00eda Inform\u00e1tica"},"image":{"@id":"https:\/\/esei.uvigo.es\/es\/#\/schema\/logo\/image\/"}}]}},"_links":{"self":[{"href":"https:\/\/esei.uvigo.es\/es\/wp-json\/wp\/v2\/pages\/22765","targetHints":{"allow":["GET"]}}],"collection":[{"href":"https:\/\/esei.uvigo.es\/es\/wp-json\/wp\/v2\/pages"}],"about":[{"href":"https:\/\/esei.uvigo.es\/es\/wp-json\/wp\/v2\/types\/page"}],"author":[{"embeddable":true,"href":"https:\/\/esei.uvigo.es\/es\/wp-json\/wp\/v2\/users\/1"}],"replies":[{"embeddable":true,"href":"https:\/\/esei.uvigo.es\/es\/wp-json\/wp\/v2\/comments?post=22765"}],"version-history":[{"count":20,"href":"https:\/\/esei.uvigo.es\/es\/wp-json\/wp\/v2\/pages\/22765\/revisions"}],"predecessor-version":[{"id":30171,"href":"https:\/\/esei.uvigo.es\/es\/wp-json\/wp\/v2\/pages\/22765\/revisions\/30171"}],"up":[{"embeddable":true,"href":"https:\/\/esei.uvigo.es\/es\/wp-json\/wp\/v2\/pages\/14"}],"wp:attachment":[{"href":"https:\/\/esei.uvigo.es\/es\/wp-json\/wp\/v2\/media?parent=22765"}],"curies":[{"name":"wp","href":"https:\/\/api.w.org\/{rel}","templated":true}]}}