{"id":22764,"date":"2019-02-06T11:30:52","date_gmt":"2019-02-06T10:30:52","guid":{"rendered":"https:\/\/esei.uvigo.es\/a-esei\/coordinacion\/"},"modified":"2024-09-02T21:13:19","modified_gmt":"2024-09-02T19:13:19","slug":"coordinacion","status":"publish","type":"page","link":"https:\/\/esei.uvigo.es\/es\/a-esei\/coordinacion\/","title":{"rendered":"Coordinaci\u00f3n"},"content":{"rendered":"<ul id=\"coordinaci\u00f3n\" class=\"nav nav-tabs\" role=\"tablist\">\n<li class=\"nav-item\"><a id=\"GREI-tab\" class=\"nav-link active\" role=\"tab\" href=\"#GREI\" data-toggle=\"tab\" aria-controls=\"GREI\" aria-selected=\"true\">GREI<\/a><\/li>\n<li class=\"nav-item\"><a id=\"GRIA-tab\" class=\"nav-link\" role=\"tab\" href=\"#GRIA\" data-toggle=\"tab\" aria-controls=\"segundo\" aria-selected=\"false\">GRIA<\/a><\/li>\n<li class=\"nav-item\"><a id=\"MEI-tab\" class=\"nav-link\" role=\"tab\" href=\"#MEI\" data-toggle=\"tab\" aria-controls=\"MEI\" aria-selected=\"false\">MEI<\/a><\/li>\n<li class=\"nav-item\"><a id=\"MIA-tab\" class=\"nav-link\" role=\"tab\" href=\"#MIA\" data-toggle=\"tab\" aria-controls=\"MIA\" aria-selected=\"false\">MIA<\/a><\/li>\n<\/ul>\n<div class=\"tab-content\">\n<div id=\"GREI\" class=\"tab-pane active\" role=\"tabpanel\" aria-labelledby=\"GREI-tab\">\n<h2><a href=\"https:\/\/esei.uvigo.es\/estudos\/grao-en-enxenaria-informatica\/\" rel=\"noopener noreferrer\"><b>Grado en Ingenier\u00eda Inform\u00e1tica<\/b><\/a><\/h2>\n<p><b>Coordinadora de la titulaci\u00f3n<\/b>:\u00a0<a href=\"https:\/\/esei.uvigo.es\/docencia\/profesorado\/profesor\/lorenzo-iglesias-eva-maria\/\" rel=\"noopener noreferrer\">Eva Mar\u00eda Lorenzo Iglesias<\/a><\/p>\n<ul>\n<li>Email:\u00a0<a href=\"mailto:eva@uvigo.gal\">eva@uvigo.gal<\/a><\/li>\n<li>Tel\u00e9fono: (34) 988 387 019<\/li>\n<li><a href=\"https:\/\/esei.uvigo.es\/documentos\/plano-planta-4-2019\/\" target=\"_blank\" rel=\"noopener noreferrer\">Despacho: 412<\/a><\/li>\n<\/ul>\n<p><b>Coordinadora de primer curso<\/b>:\u00a0<a class=\"external-link-new-window\" href=\"https:\/\/esei.uvigo.es\/docencia\/profesorado\/profesor\/lado-tourino-maria-jose\/\" rel=\"noopener noreferrer\">Mar\u00eda Jos\u00e9 Lado Touri\u00f1o<\/a><\/p>\n<ul>\n<li>Email:\u00a0<a href=\"mailto:mrpepa@uvigo.gal\">mrpepa@uvigo.gal<\/a><\/li>\n<li>Tel\u00e9fono: (34) 988 387 012<\/li>\n<li><a href=\"https:\/\/esei.uvigo.es\/documentos\/plano-planta-4-2019\/\" target=\"_blank\" rel=\"noopener noreferrer\">Despacho: 405<\/a><\/li>\n<\/ul>\n<p><b>Coordinadora de segundo curso<\/b>:\u00a0<a class=\"internal-link\" href=\"https:\/\/esei.uvigo.es\/docencia\/profesorado\/profesor\/gonzalez-rufino-maria-encarnacion\/\" rel=\"noopener noreferrer\">Mar\u00eda Encarnaci\u00f3n Gonz\u00e1lez Rufino<\/a><\/p>\n<ul>\n<li>Email:\u00a0<a class=\"mail\" href=\"mailto:nrufino@uvigo.gal\">nrufino@uvigo.gal<\/a><\/li>\n<li>Tel\u00e9fono: (34) 988 387 016<\/li>\n<li><a href=\"https:\/\/esei.uvigo.es\/documentos\/plano-planta-4-2019\/\" target=\"_blank\" rel=\"noopener noreferrer\">Despacho: 409<\/a><\/li>\n<\/ul>\n<p><b>Coordinador de tercer curso<\/b>:\u00a0<a class=\"internal-link\" href=\"https:\/\/esei.uvigo.es\/docencia\/profesorado\/profesor\/diaz-cacho-medina-miguel-ramon\/\" rel=\"noopener noreferrer\">Miguel D\u00edaz-Cacho Medina<\/a><\/p>\n<ul>\n<li>Email:\u00a0<a class=\"mail\" href=\"mailto:mcacho@uvigo.gal\">mcacho@uvigo.gal<\/a><\/li>\n<li>Tel\u00e9fono: (34) 988 387 034<\/li>\n<li><a href=\"https:\/\/esei.uvigo.es\/documentos\/plano-planta-3-esei\/\" target=\"_blank\" rel=\"noopener noreferrer\">Despacho: 310<\/a><\/li>\n<\/ul>\n<p><b>Coordinadora de cuarto curso<\/b>:\u00a0<a class=\"internal-link\" href=\"https:\/\/esei.uvigo.es\/docencia\/profesorado\/profesor\/pavon-rial-maria-reyes\/\" rel=\"noopener noreferrer\">Reyes Pav\u00f3n Rial<\/a><\/p>\n<ul>\n<li>Email:\u00a0<a class=\"mail\" href=\"mailto:pavon@uvigo.gal\">pavon@uvigo.gal<\/a><\/li>\n<li>Tel\u00e9fono: (34) 988 387 013<\/li>\n<li><a href=\"https:\/\/esei.uvigo.es\/documentos\/plano-planta-4-2019\/\" target=\"_blank\" rel=\"noopener noreferrer\">Despacho: 406<\/a><\/li>\n<\/ul>\n<p><b>Coordinador de Pr\u00e1cticas<\/b>:\u00a0<a class=\"external-link-new-window\" href=\"https:\/\/esei.uvigo.es\/es\/docencia\/profesorado\/profesor\/rodriguez-martinez-francisco-javier\/\" rel=\"noopener noreferrer\">Francisco Javier Rodr\u00edguez Mart\u00ednez<\/a><\/p>\n<ul>\n<li>Email: <a href=\"mailto:emprego@esei.uvigo.gal\">emprego@esei.uvigo.gal<\/a><\/li>\n<li>Tel\u00e9fono: (34) 988 387 028<\/li>\n<li><a href=\"https:\/\/esei.uvigo.es\/documentos\/plano-planta-3-esei\/\" target=\"_blank\" rel=\"noopener noreferrer\">Despacho: 301<\/a><\/li>\n<\/ul>\n<p><b>Coordinadora de Movilidad<\/b>:\u00a0<a class=\"internal-link\" href=\"http:\/\/esei.uvigo.es\/index.php?id=364&amp;L=1%27A\">\u00a0<\/a><a class=\"internal-link\" href=\"https:\/\/esei.uvigo.es\/docencia\/profesorado\/profesor\/gomez-rodriguez-alma-maria\/\" rel=\"noopener noreferrer\">Alma Mar\u00eda G\u00f3mez Rodr\u00edguez<\/a><\/p>\n<ul>\n<li>Email: <a class=\"mail\" href=\"mailto:esei.move@vigo.gal\">esei.move@vigo.gal<\/a><\/li>\n<li>Tel\u00e9fono: (34) 988 387 008<\/li>\n<li><a href=\"https:\/\/esei.uvigo.es\/documentos\/plano-planta-4-2019\/\" target=\"_blank\" rel=\"noopener noreferrer\">Despacho: 401<\/a><\/li>\n<\/ul>\n<p><b>Coordinadora de PAT-ANEAE<\/b>:\u00a0<a class=\"internal-link\" href=\"https:\/\/esei.uvigo.es\/docencia\/profesorado\/profesor\/pavon-rial-maria-reyes\/\" rel=\"noopener noreferrer\">Reyes Pav\u00f3n Rial<\/a><\/p>\n<ul>\n<li>Email:\u00a0<a class=\"mail\" href=\"mailto:pavon@uvigo.gal\">pavon@uvigo.gal<\/a><\/li>\n<li>Tel\u00e9fono: (34) 988 387 013<\/li>\n<li><a href=\"https:\/\/esei.uvigo.es\/documentos\/plano-planta-4-2019\/\" target=\"_blank\" rel=\"noopener noreferrer\">Despacho: 406<\/a><\/li>\n<\/ul>\n<\/div>\n<div id=\"GRIA\" class=\"tab-pane\" role=\"tabpanel\" aria-labelledby=\"GRIA-tab\">\n<h2><a href=\"https:\/\/esei.uvigo.es\/estudos\/grao-en-intelixencia-artifical\/\"><strong>Grado en Inteligencia Artificial<\/strong><\/a><\/h2>\n<p><b>Coordinadora de la titulaci\u00f3n<\/b>: <a class=\"external-link-new-window\" href=\"https:\/\/esei.uvigo.es\/docencia\/profesorado\/profesor\/borrajo-diz-maria-lourdes\/\" rel=\"noopener noreferrer\">Mar\u00eda Lourdes Borrajo Diz<\/a><\/p>\n<ul>\n<li>Email: <a href=\"mailto:eva@uvigo.gal\">lborrajo@uvigo.gal<\/a><\/li>\n<li>Tel\u00e9fono: (34) 988 387 028<\/li>\n<li><a href=\"https:\/\/esei.uvigo.es\/documentos\/plano-planta-4-2019\/\" target=\"_blank\" rel=\"noopener noreferrer\">Despacho: 307<\/a><\/li>\n<\/ul>\n<p><b>Coordinadora de primer curso<\/b>:\u00a0<a class=\"external-link-new-window\" href=\"https:\/\/esei.uvigo.es\/docencia\/profesorado\/profesor\/borrajo-diz-maria-lourdes\/\" rel=\"noopener noreferrer\">Mar\u00eda Lourdes Borrajo Diz<\/a><\/p>\n<ul>\n<li>Email: <a href=\"mailto:lborrajo@uvigo.gal\">lborrajo@uvigo.gal<\/a><\/li>\n<li>Tel\u00e9fono: (34) 988 387 028<\/li>\n<li><a href=\"https:\/\/esei.uvigo.es\/documentos\/plano-planta-3-esei\/\" target=\"_blank\" rel=\"noopener noreferrer\">Despacho: 307<\/a><\/li>\n<\/ul>\n<p><b>Coordinador de segundo curso<\/b>:\u00a0<a class=\"external-link-new-window\" href=\"https:\/\/esei.uvigo.es\/docencia\/profesorado\/profesor\/seara-vieira-adrian\/\" rel=\"noopener noreferrer\">Adri\u00e1n Seara Vieira<\/a><\/p>\n<ul>\n<li>Email: <a href=\"mailto:adrseara@uvigo.gal\" target=\"_blank\" rel=\"noopener\">adrseara@uvigo.gal<\/a><\/li>\n<li>Tel\u00e9fono: (34) 988 387 019<\/li>\n<li><a href=\"https:\/\/esei.uvigo.es\/documentos\/plano-planta-4-esei\/\" target=\"_blank\" rel=\"noopener noreferrer\">Despacho: 412<\/a><\/li>\n<\/ul>\n<p><b>Coordinadora de tercer curso<\/b>:\u00a0<a class=\"external-link-new-window\" href=\"https:\/\/esei.uvigo.es\/docencia\/profesorado\/profesor\/borrajo-diz-maria-lourdes\/\" rel=\"noopener noreferrer\">Mar\u00eda Lourdes Borrajo Diz<\/a><\/p>\n<ul>\n<li>Email: <a href=\"mailto:lborrajo@uvigo.gal\">lborrajo@uvigo.gal<\/a><\/li>\n<li>Tel\u00e9fono: (34) 988 387 028<\/li>\n<li><a href=\"https:\/\/esei.uvigo.es\/documentos\/plano-planta-3-esei\/\" target=\"_blank\" rel=\"noopener noreferrer\">Despacho: 307<\/a><\/li>\n<\/ul>\n<\/div>\n<div id=\"MEI\" class=\"tab-pane\" role=\"tabpanel\" aria-labelledby=\"MEI-tab\">\n<h2><strong><a href=\"https:\/\/esei.uvigo.es\/estudos\/master-universitario-en-enxenaria-informatica\/\" rel=\"noopener noreferrer\">M\u00e1ster Universitario en Ingenier\u00eda Inform\u00e1tica<\/a><\/strong><\/h2>\n<p><b>Coordinadora de la titulaci\u00f3n<\/b>:\u00a0<a class=\"internal-link\" href=\"http:\/\/esei.uvigo.es\/index.php?id=364&amp;L=1%27A\">\u00a0<\/a><a class=\"internal-link\" href=\"https:\/\/esei.uvigo.es\/docencia\/profesorado\/profesor\/gomez-rodriguez-alma-maria\/\" rel=\"noopener noreferrer\">Alma Mar\u00eda G\u00f3mez Rodr\u00edguez<\/a><\/p>\n<ul>\n<li>Email:\u00a0<a class=\"mail\" href=\"mailto:alma@vigo.gal\">alma@vigo.gal<\/a><\/li>\n<li>Tel\u00e9fono: (34) 988 387 008<\/li>\n<li><a href=\"https:\/\/esei.uvigo.es\/documentos\/plano-planta-4-2019\/\" target=\"_blank\" rel=\"noopener noreferrer\">Despacho: 401<\/a><\/li>\n<\/ul>\n<p><b>Coordinadora de primer curso<\/b>: <a class=\"internal-link\" href=\"https:\/\/esei.uvigo.es\/docencia\/profesorado\/profesor\/gomez-rodriguez-alma-maria\/\" rel=\"noopener noreferrer\">Alma Mar\u00eda G\u00f3mez Rodr\u00edguez<\/a><\/p>\n<ul>\n<li>Email:\u00a0<a class=\"mail\" href=\"mailto:alma@vigo.gal\">alma@vigo.gal<\/a><\/li>\n<li>Tel\u00e9fono: (34) 988 387 008<\/li>\n<li><a href=\"https:\/\/esei.uvigo.es\/documentos\/plano-planta-4-2019\/\" target=\"_blank\" rel=\"noopener noreferrer\">Despacho: 401<\/a><\/li>\n<\/ul>\n<p><b>Coordinadora de segundo curso<\/b>: <a class=\"internal-link\" href=\"https:\/\/esei.uvigo.es\/docencia\/profesorado\/profesor\/gomez-rodriguez-alma-maria\/\" rel=\"noopener noreferrer\">Alma Mar\u00eda G\u00f3mez Rodr\u00edguez<\/a><\/p>\n<ul>\n<li>Email:\u00a0<a class=\"mail\" href=\"mailto:alma@vigo.gal\">alma@vigo.gal<\/a><\/li>\n<li>Tel\u00e9fono: (34) 988 387 008<\/li>\n<li><a href=\"https:\/\/esei.uvigo.es\/documentos\/plano-planta-4-2019\/\" target=\"_blank\" rel=\"noopener noreferrer\">Despacho: 401<\/a><\/li>\n<\/ul>\n<p><b>Coordinador de Pr\u00e1cticas<\/b>:\u00a0<a class=\"external-link-new-window\" href=\"https:\/\/esei.uvigo.es\/es\/docencia\/profesorado\/profesor\/rodriguez-martinez-francisco-javier\/\" rel=\"noopener noreferrer\">Francisco Javier Rodr\u00edguez Mart\u00ednez<\/a><\/p>\n<ul>\n<li>Email: <a href=\"mailto:emprego@esei.uvigo.gal\">emprego@esei.uvigo.gal<\/a><\/li>\n<li>Tel\u00e9fono: (34) 988 387 028<\/li>\n<li><a href=\"https:\/\/esei.uvigo.es\/documentos\/plano-planta-3-esei\/\" target=\"_blank\" rel=\"noopener noreferrer\">Despacho: 301<\/a><\/li>\n<\/ul>\n<p><b>Coordinadora de Movilidad<\/b>:\u00a0<a class=\"internal-link\" href=\"http:\/\/esei.uvigo.es\/index.php?id=364&amp;L=1%27A\">\u00a0<\/a><a class=\"internal-link\" href=\"https:\/\/esei.uvigo.es\/docencia\/profesorado\/profesor\/gomez-rodriguez-alma-maria\/\" rel=\"noopener noreferrer\">Alma Mar\u00eda G\u00f3mez Rodr\u00edguez<\/a><\/p>\n<ul>\n<li>Email: <a class=\"mail\" href=\"mailto:esei.move@vigo.gal\">esei.move@vigo.gal<\/a><\/li>\n<li>Tel\u00e9fono: (34) 988 387 008<\/li>\n<li><a href=\"https:\/\/esei.uvigo.es\/documentos\/plano-planta-4-2019\/\" target=\"_blank\" rel=\"noopener noreferrer\">Despacho: 401<\/a><\/li>\n<\/ul>\n<\/div>\n<div id=\"MIA\" class=\"tab-pane\" role=\"tabpanel\" aria-labelledby=\"MIA-tab\">\n<h2><strong><a href=\"https:\/\/esei.uvigo.es\/estudos\/master-universitario-en-intelixencia-artificial\/\" rel=\"noopener noreferrer\">M\u00e1ster Universitario en Inteligencia Artificial<\/a><\/strong><\/h2>\n<p><b>Coordinadora de la titulaci\u00f3n<\/b>: <a href=\"https:\/\/esei.uvigo.es\/docencia\/profesorado\/profesor\/garcia-lourenco-analia-maria\/\">Analia Mar\u00eda Garc\u00eda Louren\u00e7o<\/a><\/p>\n<ul>\n<li>Email: <a href=\"mailto:analia@uvigo.gal\">analia@uvigo.gal<\/a><\/li>\n<li>Tel\u00e9fono: (34) 988 387 029<\/li>\n<li><a href=\"https:\/\/esei.uvigo.es\/documentos\/plano-planta-3-esei\/\" target=\"_blank\" rel=\"noopener noreferrer\">Despacho: 308<\/a><\/li>\n<\/ul>\n<\/div>\n<\/div>\n","protected":false},"excerpt":{"rendered":"<p>GREI GRIA MEI MIA Grado en Ingenier\u00eda Inform\u00e1tica Coordinadora de la titulaci\u00f3n:\u00a0Eva Mar\u00eda Lorenzo Iglesias Email:\u00a0eva@uvigo.gal Tel\u00e9fono: (34) 988 387 019 Despacho: 412 Coordinadora de &hellip; <a class=\"excerpt_more\" href=\"https:\/\/esei.uvigo.es\/es\/a-esei\/coordinacion\/\">Contin\u00faa<\/a><\/p>\n","protected":false},"author":1,"featured_media":0,"parent":14,"menu_order":21,"comment_status":"closed","ping_status":"closed","template":"","meta":{"_acf_changed":false,"footnotes":""},"class_list":["post-22764","page","type-page","status-publish","hentry"],"acf":[],"yoast_head":"<!-- This site is optimized with the Yoast SEO plugin v27.6 - https:\/\/yoast.com\/product\/yoast-seo-wordpress\/ -->\n<title>Coordinaci\u00f3n | Escola Superior de Enxe\u00f1ar\u00eda Inform\u00e1tica<\/title>\n<meta name=\"robots\" content=\"index, follow, max-snippet:-1, max-image-preview:large, max-video-preview:-1\" \/>\n<link rel=\"canonical\" href=\"https:\/\/esei.uvigo.es\/es\/a-esei\/coordinacion\/\" \/>\n<meta property=\"og:locale\" content=\"es_ES\" \/>\n<meta property=\"og:type\" content=\"article\" \/>\n<meta property=\"og:title\" content=\"Coordinaci\u00f3n | Escola Superior de Enxe\u00f1ar\u00eda Inform\u00e1tica\" \/>\n<meta property=\"og:description\" content=\"GREI GRIA MEI MIA Grado en Ingenier\u00eda Inform\u00e1tica Coordinadora de la titulaci\u00f3n:\u00a0Eva Mar\u00eda Lorenzo Iglesias Email:\u00a0eva@uvigo.gal Tel\u00e9fono: (34) 988 387 019 Despacho: 412 Coordinadora de &hellip; Contin\u00faa\" \/>\n<meta property=\"og:url\" content=\"https:\/\/esei.uvigo.es\/es\/a-esei\/coordinacion\/\" \/>\n<meta property=\"og:site_name\" content=\"Escola Superior de Enxe\u00f1ar\u00eda Inform\u00e1tica\" \/>\n<meta property=\"article:modified_time\" content=\"2024-09-02T19:13:19+00:00\" \/>\n<meta name=\"twitter:card\" content=\"summary_large_image\" \/>\n<meta name=\"twitter:label1\" content=\"Tiempo de lectura\" \/>\n\t<meta name=\"twitter:data1\" content=\"2 minutos\" \/>\n<script type=\"application\/ld+json\" class=\"yoast-schema-graph\">{\"@context\":\"https:\\\/\\\/schema.org\",\"@graph\":[{\"@type\":\"WebPage\",\"@id\":\"https:\\\/\\\/esei.uvigo.es\\\/es\\\/a-esei\\\/coordinacion\\\/\",\"url\":\"https:\\\/\\\/esei.uvigo.es\\\/es\\\/a-esei\\\/coordinacion\\\/\",\"name\":\"Coordinaci\u00f3n | Escola Superior de Enxe\u00f1ar\u00eda Inform\u00e1tica\",\"isPartOf\":{\"@id\":\"https:\\\/\\\/esei.uvigo.es\\\/es\\\/#website\"},\"datePublished\":\"2019-02-06T10:30:52+00:00\",\"dateModified\":\"2024-09-02T19:13:19+00:00\",\"breadcrumb\":{\"@id\":\"https:\\\/\\\/esei.uvigo.es\\\/es\\\/a-esei\\\/coordinacion\\\/#breadcrumb\"},\"inLanguage\":\"es\",\"potentialAction\":[{\"@type\":\"ReadAction\",\"target\":[\"https:\\\/\\\/esei.uvigo.es\\\/es\\\/a-esei\\\/coordinacion\\\/\"]}]},{\"@type\":\"BreadcrumbList\",\"@id\":\"https:\\\/\\\/esei.uvigo.es\\\/es\\\/a-esei\\\/coordinacion\\\/#breadcrumb\",\"itemListElement\":[{\"@type\":\"ListItem\",\"position\":1,\"name\":\"Portada\",\"item\":\"https:\\\/\\\/esei.uvigo.es\\\/es\\\/\"},{\"@type\":\"ListItem\",\"position\":2,\"name\":\"La ESEI\",\"item\":\"https:\\\/\\\/esei.uvigo.es\\\/es\\\/a-esei\\\/\"},{\"@type\":\"ListItem\",\"position\":3,\"name\":\"Coordinaci\u00f3n\"}]},{\"@type\":\"WebSite\",\"@id\":\"https:\\\/\\\/esei.uvigo.es\\\/es\\\/#website\",\"url\":\"https:\\\/\\\/esei.uvigo.es\\\/es\\\/\",\"name\":\"Escola Superior de Enxe\u00f1ar\u00eda Inform\u00e1tica\",\"description\":\"\",\"publisher\":{\"@id\":\"https:\\\/\\\/esei.uvigo.es\\\/es\\\/#organization\"},\"potentialAction\":[{\"@type\":\"SearchAction\",\"target\":{\"@type\":\"EntryPoint\",\"urlTemplate\":\"https:\\\/\\\/esei.uvigo.es\\\/es\\\/?s={search_term_string}\"},\"query-input\":{\"@type\":\"PropertyValueSpecification\",\"valueRequired\":true,\"valueName\":\"search_term_string\"}}],\"inLanguage\":\"es\"},{\"@type\":\"Organization\",\"@id\":\"https:\\\/\\\/esei.uvigo.es\\\/es\\\/#organization\",\"name\":\"Escola Superior de Enxe\u00f1ar\u00eda Inform\u00e1tica\",\"url\":\"https:\\\/\\\/esei.uvigo.es\\\/es\\\/\",\"logo\":{\"@type\":\"ImageObject\",\"inLanguage\":\"es\",\"@id\":\"https:\\\/\\\/esei.uvigo.es\\\/es\\\/#\\\/schema\\\/logo\\\/image\\\/\",\"url\":\"https:\\\/\\\/esei.uvigo.es\\\/wp-content\\\/uploads\\\/2019\\\/09\\\/esei.png\",\"contentUrl\":\"https:\\\/\\\/esei.uvigo.es\\\/wp-content\\\/uploads\\\/2019\\\/09\\\/esei.png\",\"width\":579,\"height\":98,\"caption\":\"Escola Superior de Enxe\u00f1ar\u00eda Inform\u00e1tica\"},\"image\":{\"@id\":\"https:\\\/\\\/esei.uvigo.es\\\/es\\\/#\\\/schema\\\/logo\\\/image\\\/\"}}]}<\/script>\n<!-- \/ Yoast SEO plugin. -->","yoast_head_json":{"title":"Coordinaci\u00f3n | Escola Superior de Enxe\u00f1ar\u00eda Inform\u00e1tica","robots":{"index":"index","follow":"follow","max-snippet":"max-snippet:-1","max-image-preview":"max-image-preview:large","max-video-preview":"max-video-preview:-1"},"canonical":"https:\/\/esei.uvigo.es\/es\/a-esei\/coordinacion\/","og_locale":"es_ES","og_type":"article","og_title":"Coordinaci\u00f3n | Escola Superior de Enxe\u00f1ar\u00eda Inform\u00e1tica","og_description":"GREI GRIA MEI MIA Grado en Ingenier\u00eda Inform\u00e1tica Coordinadora de la titulaci\u00f3n:\u00a0Eva Mar\u00eda Lorenzo Iglesias Email:\u00a0eva@uvigo.gal Tel\u00e9fono: (34) 988 387 019 Despacho: 412 Coordinadora de &hellip; Contin\u00faa","og_url":"https:\/\/esei.uvigo.es\/es\/a-esei\/coordinacion\/","og_site_name":"Escola Superior de Enxe\u00f1ar\u00eda Inform\u00e1tica","article_modified_time":"2024-09-02T19:13:19+00:00","twitter_card":"summary_large_image","twitter_misc":{"Tiempo de lectura":"2 minutos"},"schema":{"@context":"https:\/\/schema.org","@graph":[{"@type":"WebPage","@id":"https:\/\/esei.uvigo.es\/es\/a-esei\/coordinacion\/","url":"https:\/\/esei.uvigo.es\/es\/a-esei\/coordinacion\/","name":"Coordinaci\u00f3n | Escola Superior de Enxe\u00f1ar\u00eda Inform\u00e1tica","isPartOf":{"@id":"https:\/\/esei.uvigo.es\/es\/#website"},"datePublished":"2019-02-06T10:30:52+00:00","dateModified":"2024-09-02T19:13:19+00:00","breadcrumb":{"@id":"https:\/\/esei.uvigo.es\/es\/a-esei\/coordinacion\/#breadcrumb"},"inLanguage":"es","potentialAction":[{"@type":"ReadAction","target":["https:\/\/esei.uvigo.es\/es\/a-esei\/coordinacion\/"]}]},{"@type":"BreadcrumbList","@id":"https:\/\/esei.uvigo.es\/es\/a-esei\/coordinacion\/#breadcrumb","itemListElement":[{"@type":"ListItem","position":1,"name":"Portada","item":"https:\/\/esei.uvigo.es\/es\/"},{"@type":"ListItem","position":2,"name":"La ESEI","item":"https:\/\/esei.uvigo.es\/es\/a-esei\/"},{"@type":"ListItem","position":3,"name":"Coordinaci\u00f3n"}]},{"@type":"WebSite","@id":"https:\/\/esei.uvigo.es\/es\/#website","url":"https:\/\/esei.uvigo.es\/es\/","name":"Escola Superior de Enxe\u00f1ar\u00eda Inform\u00e1tica","description":"","publisher":{"@id":"https:\/\/esei.uvigo.es\/es\/#organization"},"potentialAction":[{"@type":"SearchAction","target":{"@type":"EntryPoint","urlTemplate":"https:\/\/esei.uvigo.es\/es\/?s={search_term_string}"},"query-input":{"@type":"PropertyValueSpecification","valueRequired":true,"valueName":"search_term_string"}}],"inLanguage":"es"},{"@type":"Organization","@id":"https:\/\/esei.uvigo.es\/es\/#organization","name":"Escola Superior de Enxe\u00f1ar\u00eda Inform\u00e1tica","url":"https:\/\/esei.uvigo.es\/es\/","logo":{"@type":"ImageObject","inLanguage":"es","@id":"https:\/\/esei.uvigo.es\/es\/#\/schema\/logo\/image\/","url":"https:\/\/esei.uvigo.es\/wp-content\/uploads\/2019\/09\/esei.png","contentUrl":"https:\/\/esei.uvigo.es\/wp-content\/uploads\/2019\/09\/esei.png","width":579,"height":98,"caption":"Escola Superior de Enxe\u00f1ar\u00eda Inform\u00e1tica"},"image":{"@id":"https:\/\/esei.uvigo.es\/es\/#\/schema\/logo\/image\/"}}]}},"_links":{"self":[{"href":"https:\/\/esei.uvigo.es\/es\/wp-json\/wp\/v2\/pages\/22764","targetHints":{"allow":["GET"]}}],"collection":[{"href":"https:\/\/esei.uvigo.es\/es\/wp-json\/wp\/v2\/pages"}],"about":[{"href":"https:\/\/esei.uvigo.es\/es\/wp-json\/wp\/v2\/types\/page"}],"author":[{"embeddable":true,"href":"https:\/\/esei.uvigo.es\/es\/wp-json\/wp\/v2\/users\/1"}],"replies":[{"embeddable":true,"href":"https:\/\/esei.uvigo.es\/es\/wp-json\/wp\/v2\/comments?post=22764"}],"version-history":[{"count":18,"href":"https:\/\/esei.uvigo.es\/es\/wp-json\/wp\/v2\/pages\/22764\/revisions"}],"predecessor-version":[{"id":27244,"href":"https:\/\/esei.uvigo.es\/es\/wp-json\/wp\/v2\/pages\/22764\/revisions\/27244"}],"up":[{"embeddable":true,"href":"https:\/\/esei.uvigo.es\/es\/wp-json\/wp\/v2\/pages\/14"}],"wp:attachment":[{"href":"https:\/\/esei.uvigo.es\/es\/wp-json\/wp\/v2\/media?parent=22764"}],"curies":[{"name":"wp","href":"https:\/\/api.w.org\/{rel}","templated":true}]}}