{"id":22762,"date":"2019-02-06T12:18:28","date_gmt":"2019-02-06T11:18:28","guid":{"rendered":"https:\/\/esei.uvigo.es\/a-esei\/organos-de-goberno\/comision-de-avaliacion-por-compensacion\/"},"modified":"2026-03-02T17:36:34","modified_gmt":"2026-03-02T16:36:34","slug":"comision-de-avaliacion-por-compensacion","status":"publish","type":"page","link":"https:\/\/esei.uvigo.es\/es\/a-esei\/organos-de-goberno\/comision-de-avaliacion-por-compensacion\/","title":{"rendered":"Comisi\u00f3n de Evaluaci\u00f3n por Compensaci\u00f3n"},"content":{"rendered":"<h2>Funciones<\/h2>\n<ul>\n<li>Llevar a cabo los procesos y tareas que se deriven de las solicitudes de evaluaci\u00f3n por compensaci\u00f3n de estudiantes de Grado.<\/li>\n<\/ul>\n<h2>Composici\u00f3n da comisi\u00f3n<\/h2>\n<p>(El decano\/a, director\/a o persona coordinadora de la titulaci\u00f3n en la que delegue que la presidir\u00e1, tres vocales y tres suplentes pertenecientes al profesorado de la titulaci\u00f3n, un o una vocal que represente al estudiantado)<\/p>\n<h3>Presidente<\/h3>\n<ul>\n<li><a href=\"https:\/\/esei.uvigo.es\/es\/docencia\/profesorado\/profesor\/formella-arno\/\">Arno Formella<\/a><\/li>\n<\/ul>\n<h3>PDI<\/h3>\n<ul>\n<li><a href=\"https:\/\/esei.uvigo.es\/es\/docencia\/profesorado\/profesor\/diaz-cacho-medina-miguel-ramon\/\" rel=\"noopener noreferrer\">Miguel Ram\u00f3n D\u00edaz-Cacho Medina<\/a><\/li>\n<li><a href=\"https:\/\/esei.uvigo.es\/es\/docencia\/profesorado\/profesor\/fernandez-lanza-santiago\/\">Santiago Fern\u00e1ndez Lanza<\/a><\/li>\n<li><a href=\"https:\/\/esei.uvigo.es\/es\/docencia\/profesorado\/profesor\/garriga-dominguez-ana\/\">Ana Garriga Dom\u00ednguez<\/a><\/li>\n<li><a href=\"https:\/\/esei.uvigo.es\/es\/docencia\/profesorado\/profesor\/gonzalez-rufino-maria-encarnacion\/\">M\u00aa Encarnaci\u00f3n Gonz\u00e1lez Rufino<\/a><\/li>\n<li><a href=\"https:\/\/esei.uvigo.es\/es\/docencia\/profesorado\/profesor\/pajaro-dieguez-manuel\/\">Manuel P\u00e1jaro Di\u00e9guez<\/a><\/li>\n<li><a href=\"https:\/\/esei.uvigo.es\/es\/docencia\/profesorado\/profesor\/rodriguez-martinez-francisco-javier\/\" rel=\"noopener noreferrer\">Francisco Javier Rodr\u00edguez Mart\u00ednez<\/a><\/li>\n<\/ul>\n<h3>Estudiantes<\/h3>\n<ul>\n<li>Juan Garrido Blanco<\/li>\n<li>Alberto N\u00f3voa Gonz\u00e1lez<\/li>\n<\/ul>\n","protected":false},"excerpt":{"rendered":"<p>Funciones Llevar a cabo los procesos y tareas que se deriven de las solicitudes de evaluaci\u00f3n por compensaci\u00f3n de estudiantes de Grado. Composici\u00f3n da comisi\u00f3n &hellip; <a class=\"excerpt_more\" href=\"https:\/\/esei.uvigo.es\/es\/a-esei\/organos-de-goberno\/comision-de-avaliacion-por-compensacion\/\">Contin\u00faa<\/a><\/p>\n","protected":false},"author":1,"featured_media":0,"parent":22756,"menu_order":26,"comment_status":"closed","ping_status":"closed","template":"","meta":{"_acf_changed":false,"footnotes":""},"class_list":["post-22762","page","type-page","status-publish","hentry"],"acf":[],"yoast_head":"<!-- This site is optimized with the Yoast SEO plugin v27.6 - https:\/\/yoast.com\/product\/yoast-seo-wordpress\/ -->\n<title>Comisi\u00f3n de Evaluaci\u00f3n por Compensaci\u00f3n | Escola Superior de Enxe\u00f1ar\u00eda Inform\u00e1tica<\/title>\n<meta name=\"robots\" content=\"index, follow, max-snippet:-1, max-image-preview:large, max-video-preview:-1\" \/>\n<link rel=\"canonical\" href=\"https:\/\/esei.uvigo.es\/es\/a-esei\/organos-de-goberno\/comision-de-avaliacion-por-compensacion\/\" \/>\n<meta property=\"og:locale\" content=\"es_ES\" \/>\n<meta property=\"og:type\" content=\"article\" \/>\n<meta property=\"og:title\" content=\"Comisi\u00f3n de Evaluaci\u00f3n por Compensaci\u00f3n | Escola Superior de Enxe\u00f1ar\u00eda Inform\u00e1tica\" \/>\n<meta property=\"og:description\" content=\"Funciones Llevar a cabo los procesos y tareas que se deriven de las solicitudes de evaluaci\u00f3n por compensaci\u00f3n de estudiantes de Grado. Composici\u00f3n da comisi\u00f3n &hellip; Contin\u00faa\" \/>\n<meta property=\"og:url\" content=\"https:\/\/esei.uvigo.es\/es\/a-esei\/organos-de-goberno\/comision-de-avaliacion-por-compensacion\/\" \/>\n<meta property=\"og:site_name\" content=\"Escola Superior de Enxe\u00f1ar\u00eda Inform\u00e1tica\" \/>\n<meta property=\"article:modified_time\" content=\"2026-03-02T16:36:34+00:00\" \/>\n<meta name=\"twitter:card\" content=\"summary_large_image\" \/>\n<meta name=\"twitter:label1\" content=\"Tiempo de lectura\" \/>\n\t<meta name=\"twitter:data1\" content=\"1 minuto\" \/>\n<script type=\"application\/ld+json\" class=\"yoast-schema-graph\">{\"@context\":\"https:\\\/\\\/schema.org\",\"@graph\":[{\"@type\":\"WebPage\",\"@id\":\"https:\\\/\\\/esei.uvigo.es\\\/es\\\/a-esei\\\/organos-de-goberno\\\/comision-de-avaliacion-por-compensacion\\\/\",\"url\":\"https:\\\/\\\/esei.uvigo.es\\\/es\\\/a-esei\\\/organos-de-goberno\\\/comision-de-avaliacion-por-compensacion\\\/\",\"name\":\"Comisi\u00f3n de Evaluaci\u00f3n por Compensaci\u00f3n | Escola Superior de Enxe\u00f1ar\u00eda Inform\u00e1tica\",\"isPartOf\":{\"@id\":\"https:\\\/\\\/esei.uvigo.es\\\/es\\\/#website\"},\"datePublished\":\"2019-02-06T11:18:28+00:00\",\"dateModified\":\"2026-03-02T16:36:34+00:00\",\"breadcrumb\":{\"@id\":\"https:\\\/\\\/esei.uvigo.es\\\/es\\\/a-esei\\\/organos-de-goberno\\\/comision-de-avaliacion-por-compensacion\\\/#breadcrumb\"},\"inLanguage\":\"es\",\"potentialAction\":[{\"@type\":\"ReadAction\",\"target\":[\"https:\\\/\\\/esei.uvigo.es\\\/es\\\/a-esei\\\/organos-de-goberno\\\/comision-de-avaliacion-por-compensacion\\\/\"]}]},{\"@type\":\"BreadcrumbList\",\"@id\":\"https:\\\/\\\/esei.uvigo.es\\\/es\\\/a-esei\\\/organos-de-goberno\\\/comision-de-avaliacion-por-compensacion\\\/#breadcrumb\",\"itemListElement\":[{\"@type\":\"ListItem\",\"position\":1,\"name\":\"Portada\",\"item\":\"https:\\\/\\\/esei.uvigo.es\\\/es\\\/\"},{\"@type\":\"ListItem\",\"position\":2,\"name\":\"La ESEI\",\"item\":\"https:\\\/\\\/esei.uvigo.es\\\/es\\\/a-esei\\\/\"},{\"@type\":\"ListItem\",\"position\":3,\"name\":\"\u00d3rganos de gobierno\",\"item\":\"https:\\\/\\\/esei.uvigo.es\\\/es\\\/a-esei\\\/organos-de-goberno\\\/\"},{\"@type\":\"ListItem\",\"position\":4,\"name\":\"Comisi\u00f3n de Evaluaci\u00f3n por Compensaci\u00f3n\"}]},{\"@type\":\"WebSite\",\"@id\":\"https:\\\/\\\/esei.uvigo.es\\\/es\\\/#website\",\"url\":\"https:\\\/\\\/esei.uvigo.es\\\/es\\\/\",\"name\":\"Escola Superior de Enxe\u00f1ar\u00eda Inform\u00e1tica\",\"description\":\"\",\"publisher\":{\"@id\":\"https:\\\/\\\/esei.uvigo.es\\\/es\\\/#organization\"},\"potentialAction\":[{\"@type\":\"SearchAction\",\"target\":{\"@type\":\"EntryPoint\",\"urlTemplate\":\"https:\\\/\\\/esei.uvigo.es\\\/es\\\/?s={search_term_string}\"},\"query-input\":{\"@type\":\"PropertyValueSpecification\",\"valueRequired\":true,\"valueName\":\"search_term_string\"}}],\"inLanguage\":\"es\"},{\"@type\":\"Organization\",\"@id\":\"https:\\\/\\\/esei.uvigo.es\\\/es\\\/#organization\",\"name\":\"Escola Superior de Enxe\u00f1ar\u00eda Inform\u00e1tica\",\"url\":\"https:\\\/\\\/esei.uvigo.es\\\/es\\\/\",\"logo\":{\"@type\":\"ImageObject\",\"inLanguage\":\"es\",\"@id\":\"https:\\\/\\\/esei.uvigo.es\\\/es\\\/#\\\/schema\\\/logo\\\/image\\\/\",\"url\":\"https:\\\/\\\/esei.uvigo.es\\\/wp-content\\\/uploads\\\/2019\\\/09\\\/esei.png\",\"contentUrl\":\"https:\\\/\\\/esei.uvigo.es\\\/wp-content\\\/uploads\\\/2019\\\/09\\\/esei.png\",\"width\":579,\"height\":98,\"caption\":\"Escola Superior de Enxe\u00f1ar\u00eda Inform\u00e1tica\"},\"image\":{\"@id\":\"https:\\\/\\\/esei.uvigo.es\\\/es\\\/#\\\/schema\\\/logo\\\/image\\\/\"}}]}<\/script>\n<!-- \/ Yoast SEO plugin. -->","yoast_head_json":{"title":"Comisi\u00f3n de Evaluaci\u00f3n por Compensaci\u00f3n | Escola Superior de Enxe\u00f1ar\u00eda Inform\u00e1tica","robots":{"index":"index","follow":"follow","max-snippet":"max-snippet:-1","max-image-preview":"max-image-preview:large","max-video-preview":"max-video-preview:-1"},"canonical":"https:\/\/esei.uvigo.es\/es\/a-esei\/organos-de-goberno\/comision-de-avaliacion-por-compensacion\/","og_locale":"es_ES","og_type":"article","og_title":"Comisi\u00f3n de Evaluaci\u00f3n por Compensaci\u00f3n | Escola Superior de Enxe\u00f1ar\u00eda Inform\u00e1tica","og_description":"Funciones Llevar a cabo los procesos y tareas que se deriven de las solicitudes de evaluaci\u00f3n por compensaci\u00f3n de estudiantes de Grado. Composici\u00f3n da comisi\u00f3n &hellip; Contin\u00faa","og_url":"https:\/\/esei.uvigo.es\/es\/a-esei\/organos-de-goberno\/comision-de-avaliacion-por-compensacion\/","og_site_name":"Escola Superior de Enxe\u00f1ar\u00eda Inform\u00e1tica","article_modified_time":"2026-03-02T16:36:34+00:00","twitter_card":"summary_large_image","twitter_misc":{"Tiempo de lectura":"1 minuto"},"schema":{"@context":"https:\/\/schema.org","@graph":[{"@type":"WebPage","@id":"https:\/\/esei.uvigo.es\/es\/a-esei\/organos-de-goberno\/comision-de-avaliacion-por-compensacion\/","url":"https:\/\/esei.uvigo.es\/es\/a-esei\/organos-de-goberno\/comision-de-avaliacion-por-compensacion\/","name":"Comisi\u00f3n de Evaluaci\u00f3n por Compensaci\u00f3n | Escola Superior de Enxe\u00f1ar\u00eda Inform\u00e1tica","isPartOf":{"@id":"https:\/\/esei.uvigo.es\/es\/#website"},"datePublished":"2019-02-06T11:18:28+00:00","dateModified":"2026-03-02T16:36:34+00:00","breadcrumb":{"@id":"https:\/\/esei.uvigo.es\/es\/a-esei\/organos-de-goberno\/comision-de-avaliacion-por-compensacion\/#breadcrumb"},"inLanguage":"es","potentialAction":[{"@type":"ReadAction","target":["https:\/\/esei.uvigo.es\/es\/a-esei\/organos-de-goberno\/comision-de-avaliacion-por-compensacion\/"]}]},{"@type":"BreadcrumbList","@id":"https:\/\/esei.uvigo.es\/es\/a-esei\/organos-de-goberno\/comision-de-avaliacion-por-compensacion\/#breadcrumb","itemListElement":[{"@type":"ListItem","position":1,"name":"Portada","item":"https:\/\/esei.uvigo.es\/es\/"},{"@type":"ListItem","position":2,"name":"La ESEI","item":"https:\/\/esei.uvigo.es\/es\/a-esei\/"},{"@type":"ListItem","position":3,"name":"\u00d3rganos de gobierno","item":"https:\/\/esei.uvigo.es\/es\/a-esei\/organos-de-goberno\/"},{"@type":"ListItem","position":4,"name":"Comisi\u00f3n de Evaluaci\u00f3n por Compensaci\u00f3n"}]},{"@type":"WebSite","@id":"https:\/\/esei.uvigo.es\/es\/#website","url":"https:\/\/esei.uvigo.es\/es\/","name":"Escola Superior de Enxe\u00f1ar\u00eda Inform\u00e1tica","description":"","publisher":{"@id":"https:\/\/esei.uvigo.es\/es\/#organization"},"potentialAction":[{"@type":"SearchAction","target":{"@type":"EntryPoint","urlTemplate":"https:\/\/esei.uvigo.es\/es\/?s={search_term_string}"},"query-input":{"@type":"PropertyValueSpecification","valueRequired":true,"valueName":"search_term_string"}}],"inLanguage":"es"},{"@type":"Organization","@id":"https:\/\/esei.uvigo.es\/es\/#organization","name":"Escola Superior de Enxe\u00f1ar\u00eda Inform\u00e1tica","url":"https:\/\/esei.uvigo.es\/es\/","logo":{"@type":"ImageObject","inLanguage":"es","@id":"https:\/\/esei.uvigo.es\/es\/#\/schema\/logo\/image\/","url":"https:\/\/esei.uvigo.es\/wp-content\/uploads\/2019\/09\/esei.png","contentUrl":"https:\/\/esei.uvigo.es\/wp-content\/uploads\/2019\/09\/esei.png","width":579,"height":98,"caption":"Escola Superior de Enxe\u00f1ar\u00eda Inform\u00e1tica"},"image":{"@id":"https:\/\/esei.uvigo.es\/es\/#\/schema\/logo\/image\/"}}]}},"_links":{"self":[{"href":"https:\/\/esei.uvigo.es\/es\/wp-json\/wp\/v2\/pages\/22762","targetHints":{"allow":["GET"]}}],"collection":[{"href":"https:\/\/esei.uvigo.es\/es\/wp-json\/wp\/v2\/pages"}],"about":[{"href":"https:\/\/esei.uvigo.es\/es\/wp-json\/wp\/v2\/types\/page"}],"author":[{"embeddable":true,"href":"https:\/\/esei.uvigo.es\/es\/wp-json\/wp\/v2\/users\/1"}],"replies":[{"embeddable":true,"href":"https:\/\/esei.uvigo.es\/es\/wp-json\/wp\/v2\/comments?post=22762"}],"version-history":[{"count":12,"href":"https:\/\/esei.uvigo.es\/es\/wp-json\/wp\/v2\/pages\/22762\/revisions"}],"predecessor-version":[{"id":30163,"href":"https:\/\/esei.uvigo.es\/es\/wp-json\/wp\/v2\/pages\/22762\/revisions\/30163"}],"up":[{"embeddable":true,"href":"https:\/\/esei.uvigo.es\/es\/wp-json\/wp\/v2\/pages\/22756"}],"wp:attachment":[{"href":"https:\/\/esei.uvigo.es\/es\/wp-json\/wp\/v2\/media?parent=22762"}],"curies":[{"name":"wp","href":"https:\/\/api.w.org\/{rel}","templated":true}]}}