{"id":22755,"date":"2019-02-06T11:26:13","date_gmt":"2019-02-06T10:26:13","guid":{"rendered":"https:\/\/esei.uvigo.es\/a-esei\/equipo-directivo\/"},"modified":"2025-12-10T13:47:51","modified_gmt":"2025-12-10T12:47:51","slug":"equipo-directivo","status":"publish","type":"page","link":"https:\/\/esei.uvigo.es\/es\/a-esei\/equipo-directivo\/","title":{"rendered":"Equipo Directivo"},"content":{"rendered":"<p><b>Director:\u00a0<\/b><a href=\"https:\/\/esei.uvigo.es\/es\/docencia\/profesorado\/profesor\/formella-arno\/\">Arno Formella<\/a><\/p>\n<p>Es el responsable final del funcionamiento de la Escuela, aplicar los acuerdos de los \u00f3rganos colegiados, ejecutar el presupuesto y representar al Centro tanto dentro de la Universidad como ante las instituciones y la sociedad en general.<\/p>\n<ul>\n<li>Email: <a href=\"mailto:formella@uvigo.gal\" rel=\"noopener\">formella@uvigo.gal<\/a><\/li>\n<li>Tel\u00e9fono: +34 988 387 002<\/li>\n<li><a href=\"https:\/\/esei.uvigo.es\/documentos\/plano-planta-3-esei\/\">Despacho 309<\/a><\/li>\n<\/ul>\n<p><b>Subdirector de Planificaci\u00f3n: <a href=\"https:\/\/esei.uvigo.es\/es\/docencia\/profesorado\/profesor\/rodriguez-martinez-francisco-javier\/\" rel=\"noopener noreferrer\">Francisco Javier Rodr\u00edguez Mart\u00ednez<\/a><\/b><\/p>\n<p>Es el responsable de la planificaci\u00f3n, definici\u00f3n, puesta en marcha, evaluaci\u00f3n y seguimiento do los procedimientos y procesos de la ESEI.<\/p>\n<ul>\n<li>Email:\u00a0<a class=\"mail\" href=\"mailto:franjrm@uvigo.gal\">franjrm@uvigo.gal<\/a><\/li>\n<li>Tel\u00e9fono: +34 988 387 022<\/li>\n<li><a href=\"https:\/\/esei.uvigo.es\/documentos\/plano-planta-3-esei\/\">Despacho 301<\/a><\/li>\n<\/ul>\n<p><b style=\"font-size: 1rem; color: #000000;\">Subdirector de Organizaci\u00f3n Acad\u00e9mica: <a href=\"https:\/\/esei.uvigo.es\/es\/docencia\/profesorado\/profesor\/seara-vieira-adrian\/\">Adri\u00e1n Seara Vieira<\/a><\/b><\/p>\n<p>Es el responsable de la organizaci\u00f3n de la docencia en la Escola: horarios, calendarios de ex\u00e1menes, control docente, control de tutor\u00edas,&#8230;<\/p>\n<ul>\n<li>Email:\u00a0<a href=\"mailto:adrseara@uvigo.gal\">adrseara@uvigo.gal<\/a><\/li>\n<li>Tel\u00e9fono: +34 988 387 019<\/li>\n<li><a class=\"download\" href=\"https:\/\/esei.uvigo.es\/documentos\/plano-planta-4-2019\/\" target=\"_blank\" rel=\"noopener noreferrer\">Despacho 412<\/a><\/li>\n<\/ul>\n<p><b>Subdirectora de Calidad: <\/b><a href=\"https:\/\/esei.uvigo.es\/es\/docencia\/profesorado\/profesor\/lorenzo-iglesias-eva-maria\/\" rel=\"noopener noreferrer\">Eva Mar\u00eda Lorenzo Iglesias<\/a><\/p>\n<p>Es la encargada de asegurar el cumplimiento del <a class=\"internal-link\" href=\"https:\/\/esei.uvigo.es\/es\/calidade\/\" rel=\"noopener noreferrer\">Sistema de Garant\u00eda Interno de Calidad<\/a>.<\/p>\n<ul>\n<li>Email:\u00a0<a class=\"mail\" href=\"mailto:eva@uvigo.gal\">eva@uvigo.gal<\/a><\/li>\n<li>Tel\u00e9fono: +34 988 387 019<\/li>\n<li><a class=\"download\" href=\"https:\/\/esei.uvigo.es\/documentos\/plano-planta-4-2019\/\" target=\"_blank\" rel=\"noopener noreferrer\">Despacho 412<\/a><\/li>\n<\/ul>\n<p><b>Subdirectora de Internacionalizaci\u00f3n e Innovaci\u00f3n:\u00a0<\/b><a href=\"https:\/\/esei.uvigo.es\/es\/docencia\/profesorado\/profesor\/gomez-rodriguez-alma-maria\/\" rel=\"noopener noreferrer\">Alma Mar\u00eda G\u00f3mez Rodr\u00edguez<\/a><\/p>\n<p>Es la encargada de promocionar la movilidad dentro y fuera de Europa, fomentar la cooperaci\u00f3n internacional con instituciones extranjeras, mejorar el pluriling\u00fcismo y gestionar la formaci\u00f3n permanente del profesorado y de la Innovaci\u00f3n Educativa.<\/p>\n<ul>\n<li>Email:\u00a0<a class=\"mail\" href=\"mailto:alma@uvigo.gal\">alma@uvigo.gal<\/a><\/li>\n<li>Tel\u00e9fono: +34 988 387 008<\/li>\n<li><a class=\"download\" href=\"https:\/\/esei.uvigo.es\/documentos\/plano-planta-4-2019\/\" target=\"_blank\" rel=\"noopener noreferrer\">Despacho 401<\/a><\/li>\n<\/ul>\n<p><b>Secretaria do Centro: <a href=\"https:\/\/esei.uvigo.es\/es\/docencia\/profesorado\/profesor\/gonzalez-rufino-maria-encarnacion\/\" rel=\"noopener noreferrer\">M\u00aa Encarnaci\u00f3n Gonz\u00e1lez Rufino<\/a><\/b><\/p>\n<p>Es la responsable de levantar acta de las reuniones de los \u00f3rganos colegiados de la Escuela, as\u00ed como de dar fe de los acuerdos que se toman.<\/p>\n<ul>\n<li>Email:\u00a0<a class=\"mail\" href=\"mailto:secretaria.esei@uvigo.gal\">secretaria.esei@uvigo.gal<\/a><\/li>\n<li>Tel\u00e9fono: +34 988 387 016<\/li>\n<li><a class=\"download\" href=\"https:\/\/esei.uvigo.es\/documentos\/plano-planta-4-2019\/\" target=\"_blank\" rel=\"noopener noreferrer\">Despacho 409<\/a><\/li>\n<\/ul>\n","protected":false},"excerpt":{"rendered":"<p>Director:\u00a0Arno Formella Es el responsable final del funcionamiento de la Escuela, aplicar los acuerdos de los \u00f3rganos colegiados, ejecutar el presupuesto y representar al Centro &hellip; <a class=\"excerpt_more\" href=\"https:\/\/esei.uvigo.es\/es\/a-esei\/equipo-directivo\/\">Contin\u00faa<\/a><\/p>\n","protected":false},"author":1,"featured_media":25729,"parent":14,"menu_order":11,"comment_status":"closed","ping_status":"closed","template":"","meta":{"_acf_changed":false,"footnotes":""},"class_list":["post-22755","page","type-page","status-publish","has-post-thumbnail","hentry"],"acf":[],"yoast_head":"<!-- This site is optimized with the Yoast SEO plugin v27.6 - https:\/\/yoast.com\/product\/yoast-seo-wordpress\/ -->\n<title>Equipo Directivo | Escola Superior de Enxe\u00f1ar\u00eda Inform\u00e1tica<\/title>\n<meta name=\"robots\" content=\"index, follow, max-snippet:-1, max-image-preview:large, max-video-preview:-1\" \/>\n<link rel=\"canonical\" href=\"https:\/\/esei.uvigo.es\/es\/a-esei\/equipo-directivo\/\" \/>\n<meta property=\"og:locale\" content=\"es_ES\" \/>\n<meta property=\"og:type\" content=\"article\" \/>\n<meta property=\"og:title\" content=\"Equipo Directivo | Escola Superior de Enxe\u00f1ar\u00eda Inform\u00e1tica\" \/>\n<meta property=\"og:description\" content=\"Director:\u00a0Arno Formella Es el responsable final del funcionamiento de la Escuela, aplicar los acuerdos de los \u00f3rganos colegiados, ejecutar el presupuesto y representar al Centro &hellip; Contin\u00faa\" \/>\n<meta property=\"og:url\" content=\"https:\/\/esei.uvigo.es\/es\/a-esei\/equipo-directivo\/\" \/>\n<meta property=\"og:site_name\" content=\"Escola Superior de Enxe\u00f1ar\u00eda Inform\u00e1tica\" \/>\n<meta property=\"article:modified_time\" content=\"2025-12-10T12:47:51+00:00\" \/>\n<meta property=\"og:image\" content=\"https:\/\/esei.uvigo.es\/wp-content\/uploads\/2023\/06\/Direccion.jpg\" \/>\n\t<meta property=\"og:image:width\" content=\"1620\" \/>\n\t<meta property=\"og:image:height\" content=\"1080\" \/>\n\t<meta property=\"og:image:type\" content=\"image\/jpeg\" \/>\n<meta name=\"twitter:card\" content=\"summary_large_image\" \/>\n<meta name=\"twitter:label1\" content=\"Tiempo de lectura\" \/>\n\t<meta name=\"twitter:data1\" content=\"2 minutos\" \/>\n<script type=\"application\/ld+json\" class=\"yoast-schema-graph\">{\"@context\":\"https:\\\/\\\/schema.org\",\"@graph\":[{\"@type\":\"WebPage\",\"@id\":\"https:\\\/\\\/esei.uvigo.es\\\/es\\\/a-esei\\\/equipo-directivo\\\/\",\"url\":\"https:\\\/\\\/esei.uvigo.es\\\/es\\\/a-esei\\\/equipo-directivo\\\/\",\"name\":\"Equipo Directivo | Escola Superior de Enxe\u00f1ar\u00eda Inform\u00e1tica\",\"isPartOf\":{\"@id\":\"https:\\\/\\\/esei.uvigo.es\\\/es\\\/#website\"},\"primaryImageOfPage\":{\"@id\":\"https:\\\/\\\/esei.uvigo.es\\\/es\\\/a-esei\\\/equipo-directivo\\\/#primaryimage\"},\"image\":{\"@id\":\"https:\\\/\\\/esei.uvigo.es\\\/es\\\/a-esei\\\/equipo-directivo\\\/#primaryimage\"},\"thumbnailUrl\":\"https:\\\/\\\/esei.uvigo.es\\\/wp-content\\\/uploads\\\/2023\\\/06\\\/Direccion.jpg\",\"datePublished\":\"2019-02-06T10:26:13+00:00\",\"dateModified\":\"2025-12-10T12:47:51+00:00\",\"breadcrumb\":{\"@id\":\"https:\\\/\\\/esei.uvigo.es\\\/es\\\/a-esei\\\/equipo-directivo\\\/#breadcrumb\"},\"inLanguage\":\"es\",\"potentialAction\":[{\"@type\":\"ReadAction\",\"target\":[\"https:\\\/\\\/esei.uvigo.es\\\/es\\\/a-esei\\\/equipo-directivo\\\/\"]}]},{\"@type\":\"ImageObject\",\"inLanguage\":\"es\",\"@id\":\"https:\\\/\\\/esei.uvigo.es\\\/es\\\/a-esei\\\/equipo-directivo\\\/#primaryimage\",\"url\":\"https:\\\/\\\/esei.uvigo.es\\\/wp-content\\\/uploads\\\/2023\\\/06\\\/Direccion.jpg\",\"contentUrl\":\"https:\\\/\\\/esei.uvigo.es\\\/wp-content\\\/uploads\\\/2023\\\/06\\\/Direccion.jpg\",\"width\":1620,\"height\":1080},{\"@type\":\"BreadcrumbList\",\"@id\":\"https:\\\/\\\/esei.uvigo.es\\\/es\\\/a-esei\\\/equipo-directivo\\\/#breadcrumb\",\"itemListElement\":[{\"@type\":\"ListItem\",\"position\":1,\"name\":\"Portada\",\"item\":\"https:\\\/\\\/esei.uvigo.es\\\/es\\\/\"},{\"@type\":\"ListItem\",\"position\":2,\"name\":\"La ESEI\",\"item\":\"https:\\\/\\\/esei.uvigo.es\\\/es\\\/a-esei\\\/\"},{\"@type\":\"ListItem\",\"position\":3,\"name\":\"Equipo Directivo\"}]},{\"@type\":\"WebSite\",\"@id\":\"https:\\\/\\\/esei.uvigo.es\\\/es\\\/#website\",\"url\":\"https:\\\/\\\/esei.uvigo.es\\\/es\\\/\",\"name\":\"Escola Superior de Enxe\u00f1ar\u00eda Inform\u00e1tica\",\"description\":\"\",\"publisher\":{\"@id\":\"https:\\\/\\\/esei.uvigo.es\\\/es\\\/#organization\"},\"potentialAction\":[{\"@type\":\"SearchAction\",\"target\":{\"@type\":\"EntryPoint\",\"urlTemplate\":\"https:\\\/\\\/esei.uvigo.es\\\/es\\\/?s={search_term_string}\"},\"query-input\":{\"@type\":\"PropertyValueSpecification\",\"valueRequired\":true,\"valueName\":\"search_term_string\"}}],\"inLanguage\":\"es\"},{\"@type\":\"Organization\",\"@id\":\"https:\\\/\\\/esei.uvigo.es\\\/es\\\/#organization\",\"name\":\"Escola Superior de Enxe\u00f1ar\u00eda Inform\u00e1tica\",\"url\":\"https:\\\/\\\/esei.uvigo.es\\\/es\\\/\",\"logo\":{\"@type\":\"ImageObject\",\"inLanguage\":\"es\",\"@id\":\"https:\\\/\\\/esei.uvigo.es\\\/es\\\/#\\\/schema\\\/logo\\\/image\\\/\",\"url\":\"https:\\\/\\\/esei.uvigo.es\\\/wp-content\\\/uploads\\\/2019\\\/09\\\/esei.png\",\"contentUrl\":\"https:\\\/\\\/esei.uvigo.es\\\/wp-content\\\/uploads\\\/2019\\\/09\\\/esei.png\",\"width\":579,\"height\":98,\"caption\":\"Escola Superior de Enxe\u00f1ar\u00eda Inform\u00e1tica\"},\"image\":{\"@id\":\"https:\\\/\\\/esei.uvigo.es\\\/es\\\/#\\\/schema\\\/logo\\\/image\\\/\"}}]}<\/script>\n<!-- \/ Yoast SEO plugin. -->","yoast_head_json":{"title":"Equipo Directivo | Escola Superior de Enxe\u00f1ar\u00eda Inform\u00e1tica","robots":{"index":"index","follow":"follow","max-snippet":"max-snippet:-1","max-image-preview":"max-image-preview:large","max-video-preview":"max-video-preview:-1"},"canonical":"https:\/\/esei.uvigo.es\/es\/a-esei\/equipo-directivo\/","og_locale":"es_ES","og_type":"article","og_title":"Equipo Directivo | Escola Superior de Enxe\u00f1ar\u00eda Inform\u00e1tica","og_description":"Director:\u00a0Arno Formella Es el responsable final del funcionamiento de la Escuela, aplicar los acuerdos de los \u00f3rganos colegiados, ejecutar el presupuesto y representar al Centro &hellip; Contin\u00faa","og_url":"https:\/\/esei.uvigo.es\/es\/a-esei\/equipo-directivo\/","og_site_name":"Escola Superior de Enxe\u00f1ar\u00eda Inform\u00e1tica","article_modified_time":"2025-12-10T12:47:51+00:00","og_image":[{"width":1620,"height":1080,"url":"https:\/\/esei.uvigo.es\/wp-content\/uploads\/2023\/06\/Direccion.jpg","type":"image\/jpeg"}],"twitter_card":"summary_large_image","twitter_misc":{"Tiempo de lectura":"2 minutos"},"schema":{"@context":"https:\/\/schema.org","@graph":[{"@type":"WebPage","@id":"https:\/\/esei.uvigo.es\/es\/a-esei\/equipo-directivo\/","url":"https:\/\/esei.uvigo.es\/es\/a-esei\/equipo-directivo\/","name":"Equipo Directivo | Escola Superior de Enxe\u00f1ar\u00eda Inform\u00e1tica","isPartOf":{"@id":"https:\/\/esei.uvigo.es\/es\/#website"},"primaryImageOfPage":{"@id":"https:\/\/esei.uvigo.es\/es\/a-esei\/equipo-directivo\/#primaryimage"},"image":{"@id":"https:\/\/esei.uvigo.es\/es\/a-esei\/equipo-directivo\/#primaryimage"},"thumbnailUrl":"https:\/\/esei.uvigo.es\/wp-content\/uploads\/2023\/06\/Direccion.jpg","datePublished":"2019-02-06T10:26:13+00:00","dateModified":"2025-12-10T12:47:51+00:00","breadcrumb":{"@id":"https:\/\/esei.uvigo.es\/es\/a-esei\/equipo-directivo\/#breadcrumb"},"inLanguage":"es","potentialAction":[{"@type":"ReadAction","target":["https:\/\/esei.uvigo.es\/es\/a-esei\/equipo-directivo\/"]}]},{"@type":"ImageObject","inLanguage":"es","@id":"https:\/\/esei.uvigo.es\/es\/a-esei\/equipo-directivo\/#primaryimage","url":"https:\/\/esei.uvigo.es\/wp-content\/uploads\/2023\/06\/Direccion.jpg","contentUrl":"https:\/\/esei.uvigo.es\/wp-content\/uploads\/2023\/06\/Direccion.jpg","width":1620,"height":1080},{"@type":"BreadcrumbList","@id":"https:\/\/esei.uvigo.es\/es\/a-esei\/equipo-directivo\/#breadcrumb","itemListElement":[{"@type":"ListItem","position":1,"name":"Portada","item":"https:\/\/esei.uvigo.es\/es\/"},{"@type":"ListItem","position":2,"name":"La ESEI","item":"https:\/\/esei.uvigo.es\/es\/a-esei\/"},{"@type":"ListItem","position":3,"name":"Equipo Directivo"}]},{"@type":"WebSite","@id":"https:\/\/esei.uvigo.es\/es\/#website","url":"https:\/\/esei.uvigo.es\/es\/","name":"Escola Superior de Enxe\u00f1ar\u00eda Inform\u00e1tica","description":"","publisher":{"@id":"https:\/\/esei.uvigo.es\/es\/#organization"},"potentialAction":[{"@type":"SearchAction","target":{"@type":"EntryPoint","urlTemplate":"https:\/\/esei.uvigo.es\/es\/?s={search_term_string}"},"query-input":{"@type":"PropertyValueSpecification","valueRequired":true,"valueName":"search_term_string"}}],"inLanguage":"es"},{"@type":"Organization","@id":"https:\/\/esei.uvigo.es\/es\/#organization","name":"Escola Superior de Enxe\u00f1ar\u00eda Inform\u00e1tica","url":"https:\/\/esei.uvigo.es\/es\/","logo":{"@type":"ImageObject","inLanguage":"es","@id":"https:\/\/esei.uvigo.es\/es\/#\/schema\/logo\/image\/","url":"https:\/\/esei.uvigo.es\/wp-content\/uploads\/2019\/09\/esei.png","contentUrl":"https:\/\/esei.uvigo.es\/wp-content\/uploads\/2019\/09\/esei.png","width":579,"height":98,"caption":"Escola Superior de Enxe\u00f1ar\u00eda Inform\u00e1tica"},"image":{"@id":"https:\/\/esei.uvigo.es\/es\/#\/schema\/logo\/image\/"}}]}},"_links":{"self":[{"href":"https:\/\/esei.uvigo.es\/es\/wp-json\/wp\/v2\/pages\/22755","targetHints":{"allow":["GET"]}}],"collection":[{"href":"https:\/\/esei.uvigo.es\/es\/wp-json\/wp\/v2\/pages"}],"about":[{"href":"https:\/\/esei.uvigo.es\/es\/wp-json\/wp\/v2\/types\/page"}],"author":[{"embeddable":true,"href":"https:\/\/esei.uvigo.es\/es\/wp-json\/wp\/v2\/users\/1"}],"replies":[{"embeddable":true,"href":"https:\/\/esei.uvigo.es\/es\/wp-json\/wp\/v2\/comments?post=22755"}],"version-history":[{"count":10,"href":"https:\/\/esei.uvigo.es\/es\/wp-json\/wp\/v2\/pages\/22755\/revisions"}],"predecessor-version":[{"id":29636,"href":"https:\/\/esei.uvigo.es\/es\/wp-json\/wp\/v2\/pages\/22755\/revisions\/29636"}],"up":[{"embeddable":true,"href":"https:\/\/esei.uvigo.es\/es\/wp-json\/wp\/v2\/pages\/14"}],"wp:featuredmedia":[{"embeddable":true,"href":"https:\/\/esei.uvigo.es\/es\/wp-json\/wp\/v2\/media\/25729"}],"wp:attachment":[{"href":"https:\/\/esei.uvigo.es\/es\/wp-json\/wp\/v2\/media?parent=22755"}],"curies":[{"name":"wp","href":"https:\/\/api.w.org\/{rel}","templated":true}]}}