{"id":22752,"date":"2018-09-03T14:03:23","date_gmt":"2018-09-03T12:03:23","guid":{"rendered":"https:\/\/esei.uvigo.es\/a-esei\/recursos-materiais-e-servizos\/correo-electronico\/"},"modified":"2022-06-20T12:56:45","modified_gmt":"2022-06-20T10:56:45","slug":"correo-electronico","status":"publish","type":"page","link":"https:\/\/esei.uvigo.es\/es\/a-esei\/recursos-materiais-e-servizos\/correo-electronico\/","title":{"rendered":"Correo electr\u00f3nico"},"content":{"rendered":"<p>En apoyo de los objetivos fundamentales de nuestra instituci\u00f3n (ense\u00f1anza e investigaci\u00f3n) y respectando los principios de libertad de expresi\u00f3n y privacidad de la informaci\u00f3n, se ofrece un servicio de correo electr\u00f3nico a los miembros de la ESEI.<\/p>\n<p>El acceso a este servicio est\u00e1 condicionado a la aceptaci\u00f3n de la pol\u00edtica de utilizaci\u00f3n del mismo. La calidad de este servicio depende en gran medida de la responsabilidad individual de los usuarios\/as.<\/p>\n<p>La cuenta de correo electr\u00f3nico es adjudicada a cada estudiante cuando se matricula por primera vez en alguna titulaci\u00f3n de la ESEI, y es necesaria para poder utilizar los laboratorios docentes y la sala de libre acceso. Si no tienes a\u00fan tu cuenta, debes dirigirte al servicio de infraestructura, en el s\u00f3tano (junto a la sala de libre acceso) para solicitarla.<\/p>\n<p>El correo electr\u00f3nico de la ESEI es un servicio que presta <a href=\"https:\/\/www.google.com\/a\/esei.uvigo.es\/ServiceLogin?service=mail&amp;amp;passive=true&amp;amp;rm=false&amp;amp;continue=https:\/\/mail.google.com\/a\/esei.uvigo.es\/&amp;amp;ss=1&amp;amp;ltmpl=default&amp;amp;ltmplcache=2\" target=\"_blank\" rel=\"noopener noreferrer\">Google<\/a>, y al que se accede desde Gmail. Las cuentas de la ESEI tienen una estructura nome_usuario@esei.uvigo.es e cuentan con 25Gb de espacio gratuito.<\/p>\n<p><a href=\"https:\/\/esei.uvigo.es\/documentos\/normativa-para-o-uso-do-servizo-de-correo-electronico\/\" target=\"_blank\" rel=\"noopener noreferrer\">Normativa de uso del correo electr\u00f3nico<\/a><\/p>\n<p>Acceso al correo electr\u00f3nico v\u00eda Google (<a href=\"https:\/\/www.google.com\/a\/esei.uvigo.es\/ServiceLogin?service=mail&amp;amp;passive=true&amp;amp;rm=false&amp;amp;continue=https:\/\/mail.google.com\/a\/esei.uvigo.es\/&amp;amp;ss=1&amp;amp;ltmpl=default&amp;amp;ltmplcache=2\" target=\"_blank\" rel=\"noopener noreferrer\">contas @esei.uvigo.es<\/a>)<\/p>\n","protected":false},"excerpt":{"rendered":"<p>En apoyo de los objetivos fundamentales de nuestra instituci\u00f3n (ense\u00f1anza e investigaci\u00f3n) y respectando los principios de libertad de expresi\u00f3n y privacidad de la informaci\u00f3n, &hellip; <a class=\"excerpt_more\" href=\"https:\/\/esei.uvigo.es\/es\/a-esei\/recursos-materiais-e-servizos\/correo-electronico\/\">Contin\u00faa<\/a><\/p>\n","protected":false},"author":1,"featured_media":0,"parent":22747,"menu_order":6,"comment_status":"closed","ping_status":"closed","template":"","meta":{"_acf_changed":false,"footnotes":""},"class_list":["post-22752","page","type-page","status-publish","hentry"],"acf":[],"yoast_head":"<!-- This site is optimized with the Yoast SEO plugin v27.6 - https:\/\/yoast.com\/product\/yoast-seo-wordpress\/ -->\n<title>Correo electr\u00f3nico | Escola Superior de Enxe\u00f1ar\u00eda Inform\u00e1tica<\/title>\n<meta name=\"robots\" content=\"index, follow, max-snippet:-1, max-image-preview:large, max-video-preview:-1\" \/>\n<link rel=\"canonical\" href=\"https:\/\/esei.uvigo.es\/es\/a-esei\/recursos-materiais-e-servizos\/correo-electronico\/\" \/>\n<meta property=\"og:locale\" content=\"es_ES\" \/>\n<meta property=\"og:type\" content=\"article\" \/>\n<meta property=\"og:title\" content=\"Correo electr\u00f3nico | Escola Superior de Enxe\u00f1ar\u00eda Inform\u00e1tica\" \/>\n<meta property=\"og:description\" content=\"En apoyo de los objetivos fundamentales de nuestra instituci\u00f3n (ense\u00f1anza e investigaci\u00f3n) y respectando los principios de libertad de expresi\u00f3n y privacidad de la informaci\u00f3n, &hellip; Contin\u00faa\" \/>\n<meta property=\"og:url\" content=\"https:\/\/esei.uvigo.es\/es\/a-esei\/recursos-materiais-e-servizos\/correo-electronico\/\" \/>\n<meta property=\"og:site_name\" content=\"Escola Superior de Enxe\u00f1ar\u00eda Inform\u00e1tica\" \/>\n<meta property=\"article:modified_time\" content=\"2022-06-20T10:56:45+00:00\" \/>\n<meta name=\"twitter:card\" content=\"summary_large_image\" \/>\n<meta name=\"twitter:label1\" content=\"Tiempo de lectura\" \/>\n\t<meta name=\"twitter:data1\" content=\"1 minuto\" \/>\n<script type=\"application\/ld+json\" class=\"yoast-schema-graph\">{\"@context\":\"https:\\\/\\\/schema.org\",\"@graph\":[{\"@type\":\"WebPage\",\"@id\":\"https:\\\/\\\/esei.uvigo.es\\\/es\\\/a-esei\\\/recursos-materiais-e-servizos\\\/correo-electronico\\\/\",\"url\":\"https:\\\/\\\/esei.uvigo.es\\\/es\\\/a-esei\\\/recursos-materiais-e-servizos\\\/correo-electronico\\\/\",\"name\":\"Correo electr\u00f3nico | Escola Superior de Enxe\u00f1ar\u00eda Inform\u00e1tica\",\"isPartOf\":{\"@id\":\"https:\\\/\\\/esei.uvigo.es\\\/es\\\/#website\"},\"datePublished\":\"2018-09-03T12:03:23+00:00\",\"dateModified\":\"2022-06-20T10:56:45+00:00\",\"breadcrumb\":{\"@id\":\"https:\\\/\\\/esei.uvigo.es\\\/es\\\/a-esei\\\/recursos-materiais-e-servizos\\\/correo-electronico\\\/#breadcrumb\"},\"inLanguage\":\"es\",\"potentialAction\":[{\"@type\":\"ReadAction\",\"target\":[\"https:\\\/\\\/esei.uvigo.es\\\/es\\\/a-esei\\\/recursos-materiais-e-servizos\\\/correo-electronico\\\/\"]}]},{\"@type\":\"BreadcrumbList\",\"@id\":\"https:\\\/\\\/esei.uvigo.es\\\/es\\\/a-esei\\\/recursos-materiais-e-servizos\\\/correo-electronico\\\/#breadcrumb\",\"itemListElement\":[{\"@type\":\"ListItem\",\"position\":1,\"name\":\"Portada\",\"item\":\"https:\\\/\\\/esei.uvigo.es\\\/es\\\/\"},{\"@type\":\"ListItem\",\"position\":2,\"name\":\"La ESEI\",\"item\":\"https:\\\/\\\/esei.uvigo.es\\\/es\\\/a-esei\\\/\"},{\"@type\":\"ListItem\",\"position\":3,\"name\":\"Recursos materiales y servicios\",\"item\":\"https:\\\/\\\/esei.uvigo.es\\\/es\\\/a-esei\\\/recursos-materiais-e-servizos\\\/\"},{\"@type\":\"ListItem\",\"position\":4,\"name\":\"Correo electr\u00f3nico\"}]},{\"@type\":\"WebSite\",\"@id\":\"https:\\\/\\\/esei.uvigo.es\\\/es\\\/#website\",\"url\":\"https:\\\/\\\/esei.uvigo.es\\\/es\\\/\",\"name\":\"Escola Superior de Enxe\u00f1ar\u00eda Inform\u00e1tica\",\"description\":\"\",\"publisher\":{\"@id\":\"https:\\\/\\\/esei.uvigo.es\\\/es\\\/#organization\"},\"potentialAction\":[{\"@type\":\"SearchAction\",\"target\":{\"@type\":\"EntryPoint\",\"urlTemplate\":\"https:\\\/\\\/esei.uvigo.es\\\/es\\\/?s={search_term_string}\"},\"query-input\":{\"@type\":\"PropertyValueSpecification\",\"valueRequired\":true,\"valueName\":\"search_term_string\"}}],\"inLanguage\":\"es\"},{\"@type\":\"Organization\",\"@id\":\"https:\\\/\\\/esei.uvigo.es\\\/es\\\/#organization\",\"name\":\"Escola Superior de Enxe\u00f1ar\u00eda Inform\u00e1tica\",\"url\":\"https:\\\/\\\/esei.uvigo.es\\\/es\\\/\",\"logo\":{\"@type\":\"ImageObject\",\"inLanguage\":\"es\",\"@id\":\"https:\\\/\\\/esei.uvigo.es\\\/es\\\/#\\\/schema\\\/logo\\\/image\\\/\",\"url\":\"https:\\\/\\\/esei.uvigo.es\\\/wp-content\\\/uploads\\\/2019\\\/09\\\/esei.png\",\"contentUrl\":\"https:\\\/\\\/esei.uvigo.es\\\/wp-content\\\/uploads\\\/2019\\\/09\\\/esei.png\",\"width\":579,\"height\":98,\"caption\":\"Escola Superior de Enxe\u00f1ar\u00eda Inform\u00e1tica\"},\"image\":{\"@id\":\"https:\\\/\\\/esei.uvigo.es\\\/es\\\/#\\\/schema\\\/logo\\\/image\\\/\"}}]}<\/script>\n<!-- \/ Yoast SEO plugin. -->","yoast_head_json":{"title":"Correo electr\u00f3nico | Escola Superior de Enxe\u00f1ar\u00eda Inform\u00e1tica","robots":{"index":"index","follow":"follow","max-snippet":"max-snippet:-1","max-image-preview":"max-image-preview:large","max-video-preview":"max-video-preview:-1"},"canonical":"https:\/\/esei.uvigo.es\/es\/a-esei\/recursos-materiais-e-servizos\/correo-electronico\/","og_locale":"es_ES","og_type":"article","og_title":"Correo electr\u00f3nico | Escola Superior de Enxe\u00f1ar\u00eda Inform\u00e1tica","og_description":"En apoyo de los objetivos fundamentales de nuestra instituci\u00f3n (ense\u00f1anza e investigaci\u00f3n) y respectando los principios de libertad de expresi\u00f3n y privacidad de la informaci\u00f3n, &hellip; Contin\u00faa","og_url":"https:\/\/esei.uvigo.es\/es\/a-esei\/recursos-materiais-e-servizos\/correo-electronico\/","og_site_name":"Escola Superior de Enxe\u00f1ar\u00eda Inform\u00e1tica","article_modified_time":"2022-06-20T10:56:45+00:00","twitter_card":"summary_large_image","twitter_misc":{"Tiempo de lectura":"1 minuto"},"schema":{"@context":"https:\/\/schema.org","@graph":[{"@type":"WebPage","@id":"https:\/\/esei.uvigo.es\/es\/a-esei\/recursos-materiais-e-servizos\/correo-electronico\/","url":"https:\/\/esei.uvigo.es\/es\/a-esei\/recursos-materiais-e-servizos\/correo-electronico\/","name":"Correo electr\u00f3nico | Escola Superior de Enxe\u00f1ar\u00eda Inform\u00e1tica","isPartOf":{"@id":"https:\/\/esei.uvigo.es\/es\/#website"},"datePublished":"2018-09-03T12:03:23+00:00","dateModified":"2022-06-20T10:56:45+00:00","breadcrumb":{"@id":"https:\/\/esei.uvigo.es\/es\/a-esei\/recursos-materiais-e-servizos\/correo-electronico\/#breadcrumb"},"inLanguage":"es","potentialAction":[{"@type":"ReadAction","target":["https:\/\/esei.uvigo.es\/es\/a-esei\/recursos-materiais-e-servizos\/correo-electronico\/"]}]},{"@type":"BreadcrumbList","@id":"https:\/\/esei.uvigo.es\/es\/a-esei\/recursos-materiais-e-servizos\/correo-electronico\/#breadcrumb","itemListElement":[{"@type":"ListItem","position":1,"name":"Portada","item":"https:\/\/esei.uvigo.es\/es\/"},{"@type":"ListItem","position":2,"name":"La ESEI","item":"https:\/\/esei.uvigo.es\/es\/a-esei\/"},{"@type":"ListItem","position":3,"name":"Recursos materiales y servicios","item":"https:\/\/esei.uvigo.es\/es\/a-esei\/recursos-materiais-e-servizos\/"},{"@type":"ListItem","position":4,"name":"Correo electr\u00f3nico"}]},{"@type":"WebSite","@id":"https:\/\/esei.uvigo.es\/es\/#website","url":"https:\/\/esei.uvigo.es\/es\/","name":"Escola Superior de Enxe\u00f1ar\u00eda Inform\u00e1tica","description":"","publisher":{"@id":"https:\/\/esei.uvigo.es\/es\/#organization"},"potentialAction":[{"@type":"SearchAction","target":{"@type":"EntryPoint","urlTemplate":"https:\/\/esei.uvigo.es\/es\/?s={search_term_string}"},"query-input":{"@type":"PropertyValueSpecification","valueRequired":true,"valueName":"search_term_string"}}],"inLanguage":"es"},{"@type":"Organization","@id":"https:\/\/esei.uvigo.es\/es\/#organization","name":"Escola Superior de Enxe\u00f1ar\u00eda Inform\u00e1tica","url":"https:\/\/esei.uvigo.es\/es\/","logo":{"@type":"ImageObject","inLanguage":"es","@id":"https:\/\/esei.uvigo.es\/es\/#\/schema\/logo\/image\/","url":"https:\/\/esei.uvigo.es\/wp-content\/uploads\/2019\/09\/esei.png","contentUrl":"https:\/\/esei.uvigo.es\/wp-content\/uploads\/2019\/09\/esei.png","width":579,"height":98,"caption":"Escola Superior de Enxe\u00f1ar\u00eda Inform\u00e1tica"},"image":{"@id":"https:\/\/esei.uvigo.es\/es\/#\/schema\/logo\/image\/"}}]}},"_links":{"self":[{"href":"https:\/\/esei.uvigo.es\/es\/wp-json\/wp\/v2\/pages\/22752","targetHints":{"allow":["GET"]}}],"collection":[{"href":"https:\/\/esei.uvigo.es\/es\/wp-json\/wp\/v2\/pages"}],"about":[{"href":"https:\/\/esei.uvigo.es\/es\/wp-json\/wp\/v2\/types\/page"}],"author":[{"embeddable":true,"href":"https:\/\/esei.uvigo.es\/es\/wp-json\/wp\/v2\/users\/1"}],"replies":[{"embeddable":true,"href":"https:\/\/esei.uvigo.es\/es\/wp-json\/wp\/v2\/comments?post=22752"}],"version-history":[{"count":3,"href":"https:\/\/esei.uvigo.es\/es\/wp-json\/wp\/v2\/pages\/22752\/revisions"}],"predecessor-version":[{"id":23569,"href":"https:\/\/esei.uvigo.es\/es\/wp-json\/wp\/v2\/pages\/22752\/revisions\/23569"}],"up":[{"embeddable":true,"href":"https:\/\/esei.uvigo.es\/es\/wp-json\/wp\/v2\/pages\/22747"}],"wp:attachment":[{"href":"https:\/\/esei.uvigo.es\/es\/wp-json\/wp\/v2\/media?parent=22752"}],"curies":[{"name":"wp","href":"https:\/\/api.w.org\/{rel}","templated":true}]}}