{"id":22751,"date":"2019-02-06T11:16:29","date_gmt":"2019-02-06T10:16:29","guid":{"rendered":"https:\/\/esei.uvigo.es\/a-esei\/recursos-materiais-e-servizos\/aulas-laboratorios-seminarios-e-despachos\/seminarios-para-estudo\/"},"modified":"2022-06-20T12:45:41","modified_gmt":"2022-06-20T10:45:41","slug":"seminarios-para-estudo","status":"publish","type":"page","link":"https:\/\/esei.uvigo.es\/es\/a-esei\/recursos-materiais-e-servizos\/aulas-laboratorios-seminarios-e-despachos\/seminarios-para-estudo\/","title":{"rendered":"Seminarios para estudio"},"content":{"rendered":"<p>Los seminarios (37 e 38) se encuentran en la tercera planta del Edificio Polit\u00e9cnico y pueden ser utilizados \u00fanicamente por alumnos matriculados en titulaciones de la ESEI para estudiar, hacer trabajos en grupo, ensayar presentaciones, preparar pruebas, etc.<\/p>\n<p>Todos los seminarios cuentan con una mesa de reuniones, enchufes, un proyector y una pizarra.<\/p>\n<p>Para poder acceder a los mismos, los estudiantes deber\u00e1n solicitar la chave del seminario en la Conserjer\u00eda del Edificio Polit\u00e9cnico, dejando su carn\u00e9 universitario. Solo se podr\u00e1n utilizar cuando no est\u00e9n previamente reservados para actividades docentes como aulas o pr\u00e1cticas de las diferentes materias que se imparten en las titulaciones de la ESEI.<\/p>\n<p>Dentro do Laboratorio de libre acceso, en el s\u00f3tano del Edificio Polit\u00e9cnico, existe un seminario adicional permanentemente abierto, que se pode utilizar sin solicitud previa en Conserjer\u00eda.<\/p>\n","protected":false},"excerpt":{"rendered":"<p>Los seminarios (37 e 38) se encuentran en la tercera planta del Edificio Polit\u00e9cnico y pueden ser utilizados \u00fanicamente por alumnos matriculados en titulaciones de &hellip; <a class=\"excerpt_more\" href=\"https:\/\/esei.uvigo.es\/es\/a-esei\/recursos-materiais-e-servizos\/aulas-laboratorios-seminarios-e-despachos\/seminarios-para-estudo\/\">Contin\u00faa<\/a><\/p>\n","protected":false},"author":1,"featured_media":0,"parent":22748,"menu_order":0,"comment_status":"closed","ping_status":"closed","template":"","meta":{"_acf_changed":false,"footnotes":""},"class_list":["post-22751","page","type-page","status-publish","hentry"],"acf":[],"yoast_head":"<!-- This site is optimized with the Yoast SEO plugin v27.6 - https:\/\/yoast.com\/product\/yoast-seo-wordpress\/ -->\n<title>Seminarios para estudio | Escola Superior de Enxe\u00f1ar\u00eda Inform\u00e1tica<\/title>\n<meta name=\"robots\" content=\"index, follow, max-snippet:-1, max-image-preview:large, max-video-preview:-1\" \/>\n<link rel=\"canonical\" href=\"https:\/\/esei.uvigo.es\/es\/a-esei\/recursos-materiais-e-servizos\/aulas-laboratorios-seminarios-e-despachos\/seminarios-para-estudo\/\" \/>\n<meta property=\"og:locale\" content=\"es_ES\" \/>\n<meta property=\"og:type\" content=\"article\" \/>\n<meta property=\"og:title\" content=\"Seminarios para estudio | Escola Superior de Enxe\u00f1ar\u00eda Inform\u00e1tica\" \/>\n<meta property=\"og:description\" content=\"Los seminarios (37 e 38) se encuentran en la tercera planta del Edificio Polit\u00e9cnico y pueden ser utilizados \u00fanicamente por alumnos matriculados en titulaciones de &hellip; Contin\u00faa\" \/>\n<meta property=\"og:url\" content=\"https:\/\/esei.uvigo.es\/es\/a-esei\/recursos-materiais-e-servizos\/aulas-laboratorios-seminarios-e-despachos\/seminarios-para-estudo\/\" \/>\n<meta property=\"og:site_name\" content=\"Escola Superior de Enxe\u00f1ar\u00eda Inform\u00e1tica\" \/>\n<meta property=\"article:modified_time\" content=\"2022-06-20T10:45:41+00:00\" \/>\n<meta name=\"twitter:card\" content=\"summary_large_image\" \/>\n<meta name=\"twitter:label1\" content=\"Tiempo de lectura\" \/>\n\t<meta name=\"twitter:data1\" content=\"1 minuto\" \/>\n<script type=\"application\/ld+json\" class=\"yoast-schema-graph\">{\"@context\":\"https:\\\/\\\/schema.org\",\"@graph\":[{\"@type\":\"WebPage\",\"@id\":\"https:\\\/\\\/esei.uvigo.es\\\/es\\\/a-esei\\\/recursos-materiais-e-servizos\\\/aulas-laboratorios-seminarios-e-despachos\\\/seminarios-para-estudo\\\/\",\"url\":\"https:\\\/\\\/esei.uvigo.es\\\/es\\\/a-esei\\\/recursos-materiais-e-servizos\\\/aulas-laboratorios-seminarios-e-despachos\\\/seminarios-para-estudo\\\/\",\"name\":\"Seminarios para estudio | Escola Superior de Enxe\u00f1ar\u00eda Inform\u00e1tica\",\"isPartOf\":{\"@id\":\"https:\\\/\\\/esei.uvigo.es\\\/es\\\/#website\"},\"datePublished\":\"2019-02-06T10:16:29+00:00\",\"dateModified\":\"2022-06-20T10:45:41+00:00\",\"breadcrumb\":{\"@id\":\"https:\\\/\\\/esei.uvigo.es\\\/es\\\/a-esei\\\/recursos-materiais-e-servizos\\\/aulas-laboratorios-seminarios-e-despachos\\\/seminarios-para-estudo\\\/#breadcrumb\"},\"inLanguage\":\"es\",\"potentialAction\":[{\"@type\":\"ReadAction\",\"target\":[\"https:\\\/\\\/esei.uvigo.es\\\/es\\\/a-esei\\\/recursos-materiais-e-servizos\\\/aulas-laboratorios-seminarios-e-despachos\\\/seminarios-para-estudo\\\/\"]}]},{\"@type\":\"BreadcrumbList\",\"@id\":\"https:\\\/\\\/esei.uvigo.es\\\/es\\\/a-esei\\\/recursos-materiais-e-servizos\\\/aulas-laboratorios-seminarios-e-despachos\\\/seminarios-para-estudo\\\/#breadcrumb\",\"itemListElement\":[{\"@type\":\"ListItem\",\"position\":1,\"name\":\"Portada\",\"item\":\"https:\\\/\\\/esei.uvigo.es\\\/es\\\/\"},{\"@type\":\"ListItem\",\"position\":2,\"name\":\"La ESEI\",\"item\":\"https:\\\/\\\/esei.uvigo.es\\\/es\\\/a-esei\\\/\"},{\"@type\":\"ListItem\",\"position\":3,\"name\":\"Recursos materiales y servicios\",\"item\":\"https:\\\/\\\/esei.uvigo.es\\\/es\\\/a-esei\\\/recursos-materiais-e-servizos\\\/\"},{\"@type\":\"ListItem\",\"position\":4,\"name\":\"Aulas, laboratorios, seminarios y despachos\",\"item\":\"https:\\\/\\\/esei.uvigo.es\\\/es\\\/a-esei\\\/recursos-materiais-e-servizos\\\/aulas-laboratorios-seminarios-e-despachos\\\/\"},{\"@type\":\"ListItem\",\"position\":5,\"name\":\"Seminarios para estudio\"}]},{\"@type\":\"WebSite\",\"@id\":\"https:\\\/\\\/esei.uvigo.es\\\/es\\\/#website\",\"url\":\"https:\\\/\\\/esei.uvigo.es\\\/es\\\/\",\"name\":\"Escola Superior de Enxe\u00f1ar\u00eda Inform\u00e1tica\",\"description\":\"\",\"publisher\":{\"@id\":\"https:\\\/\\\/esei.uvigo.es\\\/es\\\/#organization\"},\"potentialAction\":[{\"@type\":\"SearchAction\",\"target\":{\"@type\":\"EntryPoint\",\"urlTemplate\":\"https:\\\/\\\/esei.uvigo.es\\\/es\\\/?s={search_term_string}\"},\"query-input\":{\"@type\":\"PropertyValueSpecification\",\"valueRequired\":true,\"valueName\":\"search_term_string\"}}],\"inLanguage\":\"es\"},{\"@type\":\"Organization\",\"@id\":\"https:\\\/\\\/esei.uvigo.es\\\/es\\\/#organization\",\"name\":\"Escola Superior de Enxe\u00f1ar\u00eda Inform\u00e1tica\",\"url\":\"https:\\\/\\\/esei.uvigo.es\\\/es\\\/\",\"logo\":{\"@type\":\"ImageObject\",\"inLanguage\":\"es\",\"@id\":\"https:\\\/\\\/esei.uvigo.es\\\/es\\\/#\\\/schema\\\/logo\\\/image\\\/\",\"url\":\"https:\\\/\\\/esei.uvigo.es\\\/wp-content\\\/uploads\\\/2019\\\/09\\\/esei.png\",\"contentUrl\":\"https:\\\/\\\/esei.uvigo.es\\\/wp-content\\\/uploads\\\/2019\\\/09\\\/esei.png\",\"width\":579,\"height\":98,\"caption\":\"Escola Superior de Enxe\u00f1ar\u00eda Inform\u00e1tica\"},\"image\":{\"@id\":\"https:\\\/\\\/esei.uvigo.es\\\/es\\\/#\\\/schema\\\/logo\\\/image\\\/\"}}]}<\/script>\n<!-- \/ Yoast SEO plugin. -->","yoast_head_json":{"title":"Seminarios para estudio | Escola Superior de Enxe\u00f1ar\u00eda Inform\u00e1tica","robots":{"index":"index","follow":"follow","max-snippet":"max-snippet:-1","max-image-preview":"max-image-preview:large","max-video-preview":"max-video-preview:-1"},"canonical":"https:\/\/esei.uvigo.es\/es\/a-esei\/recursos-materiais-e-servizos\/aulas-laboratorios-seminarios-e-despachos\/seminarios-para-estudo\/","og_locale":"es_ES","og_type":"article","og_title":"Seminarios para estudio | Escola Superior de Enxe\u00f1ar\u00eda Inform\u00e1tica","og_description":"Los seminarios (37 e 38) se encuentran en la tercera planta del Edificio Polit\u00e9cnico y pueden ser utilizados \u00fanicamente por alumnos matriculados en titulaciones de &hellip; Contin\u00faa","og_url":"https:\/\/esei.uvigo.es\/es\/a-esei\/recursos-materiais-e-servizos\/aulas-laboratorios-seminarios-e-despachos\/seminarios-para-estudo\/","og_site_name":"Escola Superior de Enxe\u00f1ar\u00eda Inform\u00e1tica","article_modified_time":"2022-06-20T10:45:41+00:00","twitter_card":"summary_large_image","twitter_misc":{"Tiempo de lectura":"1 minuto"},"schema":{"@context":"https:\/\/schema.org","@graph":[{"@type":"WebPage","@id":"https:\/\/esei.uvigo.es\/es\/a-esei\/recursos-materiais-e-servizos\/aulas-laboratorios-seminarios-e-despachos\/seminarios-para-estudo\/","url":"https:\/\/esei.uvigo.es\/es\/a-esei\/recursos-materiais-e-servizos\/aulas-laboratorios-seminarios-e-despachos\/seminarios-para-estudo\/","name":"Seminarios para estudio | Escola Superior de Enxe\u00f1ar\u00eda Inform\u00e1tica","isPartOf":{"@id":"https:\/\/esei.uvigo.es\/es\/#website"},"datePublished":"2019-02-06T10:16:29+00:00","dateModified":"2022-06-20T10:45:41+00:00","breadcrumb":{"@id":"https:\/\/esei.uvigo.es\/es\/a-esei\/recursos-materiais-e-servizos\/aulas-laboratorios-seminarios-e-despachos\/seminarios-para-estudo\/#breadcrumb"},"inLanguage":"es","potentialAction":[{"@type":"ReadAction","target":["https:\/\/esei.uvigo.es\/es\/a-esei\/recursos-materiais-e-servizos\/aulas-laboratorios-seminarios-e-despachos\/seminarios-para-estudo\/"]}]},{"@type":"BreadcrumbList","@id":"https:\/\/esei.uvigo.es\/es\/a-esei\/recursos-materiais-e-servizos\/aulas-laboratorios-seminarios-e-despachos\/seminarios-para-estudo\/#breadcrumb","itemListElement":[{"@type":"ListItem","position":1,"name":"Portada","item":"https:\/\/esei.uvigo.es\/es\/"},{"@type":"ListItem","position":2,"name":"La ESEI","item":"https:\/\/esei.uvigo.es\/es\/a-esei\/"},{"@type":"ListItem","position":3,"name":"Recursos materiales y servicios","item":"https:\/\/esei.uvigo.es\/es\/a-esei\/recursos-materiais-e-servizos\/"},{"@type":"ListItem","position":4,"name":"Aulas, laboratorios, seminarios y despachos","item":"https:\/\/esei.uvigo.es\/es\/a-esei\/recursos-materiais-e-servizos\/aulas-laboratorios-seminarios-e-despachos\/"},{"@type":"ListItem","position":5,"name":"Seminarios para estudio"}]},{"@type":"WebSite","@id":"https:\/\/esei.uvigo.es\/es\/#website","url":"https:\/\/esei.uvigo.es\/es\/","name":"Escola Superior de Enxe\u00f1ar\u00eda Inform\u00e1tica","description":"","publisher":{"@id":"https:\/\/esei.uvigo.es\/es\/#organization"},"potentialAction":[{"@type":"SearchAction","target":{"@type":"EntryPoint","urlTemplate":"https:\/\/esei.uvigo.es\/es\/?s={search_term_string}"},"query-input":{"@type":"PropertyValueSpecification","valueRequired":true,"valueName":"search_term_string"}}],"inLanguage":"es"},{"@type":"Organization","@id":"https:\/\/esei.uvigo.es\/es\/#organization","name":"Escola Superior de Enxe\u00f1ar\u00eda Inform\u00e1tica","url":"https:\/\/esei.uvigo.es\/es\/","logo":{"@type":"ImageObject","inLanguage":"es","@id":"https:\/\/esei.uvigo.es\/es\/#\/schema\/logo\/image\/","url":"https:\/\/esei.uvigo.es\/wp-content\/uploads\/2019\/09\/esei.png","contentUrl":"https:\/\/esei.uvigo.es\/wp-content\/uploads\/2019\/09\/esei.png","width":579,"height":98,"caption":"Escola Superior de Enxe\u00f1ar\u00eda Inform\u00e1tica"},"image":{"@id":"https:\/\/esei.uvigo.es\/es\/#\/schema\/logo\/image\/"}}]}},"_links":{"self":[{"href":"https:\/\/esei.uvigo.es\/es\/wp-json\/wp\/v2\/pages\/22751","targetHints":{"allow":["GET"]}}],"collection":[{"href":"https:\/\/esei.uvigo.es\/es\/wp-json\/wp\/v2\/pages"}],"about":[{"href":"https:\/\/esei.uvigo.es\/es\/wp-json\/wp\/v2\/types\/page"}],"author":[{"embeddable":true,"href":"https:\/\/esei.uvigo.es\/es\/wp-json\/wp\/v2\/users\/1"}],"replies":[{"embeddable":true,"href":"https:\/\/esei.uvigo.es\/es\/wp-json\/wp\/v2\/comments?post=22751"}],"version-history":[{"count":3,"href":"https:\/\/esei.uvigo.es\/es\/wp-json\/wp\/v2\/pages\/22751\/revisions"}],"predecessor-version":[{"id":23566,"href":"https:\/\/esei.uvigo.es\/es\/wp-json\/wp\/v2\/pages\/22751\/revisions\/23566"}],"up":[{"embeddable":true,"href":"https:\/\/esei.uvigo.es\/es\/wp-json\/wp\/v2\/pages\/22748"}],"wp:attachment":[{"href":"https:\/\/esei.uvigo.es\/es\/wp-json\/wp\/v2\/media?parent=22751"}],"curies":[{"name":"wp","href":"https:\/\/api.w.org\/{rel}","templated":true}]}}