{"id":22746,"date":"2019-02-06T10:50:55","date_gmt":"2019-02-06T09:50:55","guid":{"rendered":"https:\/\/esei.uvigo.es\/a-esei\/benvida-do-director\/"},"modified":"2025-05-19T23:42:32","modified_gmt":"2025-05-19T21:42:32","slug":"benvida-do-director","status":"publish","type":"page","link":"https:\/\/esei.uvigo.es\/es\/a-esei\/benvida-do-director\/","title":{"rendered":"Bienvenida del Director"},"content":{"rendered":"<p>Estimado\/a alumno\/a.<\/p>\n<p>Quiero darte la bienvenida, en mi nombre y en el de todos los que aqu\u00ed trabajamos, a la Escuela\u00a0 Superior de Ingenier\u00eda Inform\u00e1tica (ESEI) de la Universidade de Vigo, y agradecerte, a ti y a toda tu familia, la confianza que deposit\u00e1is en este Centro al elegirlo para realizar tus estudios universitarios. Soy consciente de que escoger una carrera universitaria no es una tarea f\u00e1cil, pues es evidente que esta elecci\u00f3n que ahora realizas tiene consecuencias en tu vida personal y profesional. Por eso supongo que decidiste estudiar esta titulaci\u00f3n despu\u00e9s de sopesar e contrastar las m\u00faltiples y diferentes alternativas que el Sistema Universitario pone a tu disposici\u00f3n, y que decidiste que este Centro es una opci\u00f3n que podr\u00e1 satisfacer tus expectativas. Estoy convencido de que no te decepcionaremos, porque todos los que aqu\u00ed trabajamos (<a class=\"internal-link\" href=\"https:\/\/esei.uvigo.es\/es\/docencia\/profesorado\/\" rel=\"noopener noreferrer\">profesores<\/a>,\u00a0<a class=\"internal-link\" href=\"https:\/\/esei.uvigo.es\/es\/a-esei\/servizos-administrativos\/\" rel=\"noopener noreferrer\">personal de administraci\u00f3n<\/a>, t\u00e9cnicos, \u2026) pondremos nuestro mejor empe\u00f1o y esfuerzo en ofrecerte la mejor docencia y los mejores servicios.<\/p>\n<p>El camino que hoy comienzas no es sencillo, pero no hay nada realmente bueno en la vida que sea sencillo o gratis, y ser ingeniero\/a inform\u00e1tico\/a exige dedicaci\u00f3n y esfuerzo. Solo hay una f\u00f3rmula que garantice el \u00e9xito: el trabajo continuo y disciplinado desde el primer d\u00eda. Pero eso si, trabajo equilibradamente combinado con los imprescindibles momentos de descanso y diversi\u00f3n. Al final de tu etapa universitaria esperan las exigencias sociales y profesionales propias del paso a la vida profesional, as\u00ed que te recomiendo de todo coraz\u00f3n que aproveches d\u00eda tras d\u00eda tu paso por la Universidad. Es el momento de conocer a buena parte de los que ser\u00e1n tus mejores amigos el resto de tu vida, de hacer <a class=\"internal-link\" href=\"https:\/\/www.uvigo.gal\/es\/campus\/ourense-campus-auga\/deporte-ourense\" target=\"_blank\" rel=\"noopener noreferrer\">deporte<\/a>, de participar como becario en los <a class=\"internal-link\" href=\"https:\/\/esei.uvigo.es\/es\/a-esei\/recursos-materiais-e-servizos\/infraestructura\/\" rel=\"noopener noreferrer\">laboratorios inform\u00e1ticos<\/a> o proyectos de investigaci\u00f3n, de asistir a conferencias e seminarios, de hacer pr\u00e1cticas en empresas, de salir al extranjero aprovechando <a class=\"internal-link\" href=\"https:\/\/esei.uvigo.es\/es\/docencia\/programas-de-mobilidade\/\" rel=\"noopener noreferrer\">programas de movilidad<\/a>. En definitiva, es el momento de que hagas todas esas cosas que constituyen, junto al estudio, la Universidad. Es el momento de que hagas y seas Universidad, para que tus experiencias de estos anos sean buena parte de los mejores recuerdos de tu vida.<\/p>\n<p>Durante tu primer curso tendr\u00e1s asignado un profesor-tutor al que podr\u00e1s acudir para exponer las dudas y problemas que tengas en tu adaptaci\u00f3n a la Universidad. Te recomiendo que lo visites de vez en cuando, y que utilices el<a class=\"internal-link\" href=\"https:\/\/esei.uvigo.es\/es\/docencia\/pat-plan-de-accion-titorial\/\" rel=\"noopener noreferrer\"> Plan de Acci\u00f3n Tutorial<\/a>, porque solo a trav\u00e9s del contacto directo con el alumno podremos identificar e resolver eficazmente los problemas y mejorar continuamente la calidad do nuestro Centro.<\/p>\n<p>Tienes a tu disposici\u00f3n nuestra p\u00e1gina web (<a class=\"external-link-new-window\" href=\"http:\/\/www.esei.uvigo.es\/\" rel=\"noopener noreferrer\">http:\/\/esei.uvigo.es<\/a>) y la de la Universidad (<a href=\"https:\/\/www.uvigo.gal\" target=\"_blank\" rel=\"noopener noreferrer\">https:\/\/www.uvigo.gal<\/a>). En ellas encontrar\u00e1s toda la informaci\u00f3n que precises. Adem\u00e1s, tienes a tu disposici\u00f3n el <a class=\"internal-link\" href=\"https:\/\/esei.uvigo.es\/es\/a-esei\/servizos-administrativos\/\" rel=\"noopener noreferrer\">personal de administraci\u00f3n<\/a>, el <a class=\"internal-link\" href=\"https:\/\/esei.uvigo.es\/es\/a-esei\/equipo-directivo\/\" rel=\"noopener noreferrer\">equipo de Direcci\u00f3n<\/a> y la <a class=\"internal-link\" href=\"https:\/\/esei.uvigo.es\/es\/a-esei\/delegacion-de-alumnos\/\" rel=\"noopener noreferrer\">Delegaci\u00f3n de Estudiantes de la ESEI<\/a>, que haremos cuanto est\u00e9 en nuestra mano para ayudarte y aclarar todas las dudas que tengas.<\/p>\n<p>Con esto finalizo mi bienvenida y estoy a tu disposici\u00f3n para resolver cualquier duda o problema que se te presente en tu nuevo Centro.<\/p>\n<p>Un abrazo y disfruta de tu vida de universitario\/a.<\/p>\n<p>Arno Formella<br \/>\nDirector de la Escuela Superior de Ingenier\u00eda Inform\u00e1tica<\/p>\n<p>Email:\u00a0<a class=\"mail\" href=\"mailto:formella@uvigo.gal\" rel=\"noopener noreferrer\">formella@uvigo.gal<\/a><br \/>\nTel\u00e9fono: +34 988 38 70 02<\/p>\n","protected":false},"excerpt":{"rendered":"<p>Estimado\/a alumno\/a. Quiero darte la bienvenida, en mi nombre y en el de todos los que aqu\u00ed trabajamos, a la Escuela\u00a0 Superior de Ingenier\u00eda Inform\u00e1tica &hellip; <a class=\"excerpt_more\" href=\"https:\/\/esei.uvigo.es\/es\/a-esei\/benvida-do-director\/\">Contin\u00faa<\/a><\/p>\n","protected":false},"author":1,"featured_media":25732,"parent":14,"menu_order":0,"comment_status":"closed","ping_status":"closed","template":"","meta":{"_acf_changed":false,"footnotes":""},"class_list":["post-22746","page","type-page","status-publish","has-post-thumbnail","hentry"],"acf":[],"yoast_head":"<!-- This site is optimized with the Yoast SEO plugin v27.6 - https:\/\/yoast.com\/product\/yoast-seo-wordpress\/ -->\n<title>Bienvenida del Director | Escola Superior de Enxe\u00f1ar\u00eda Inform\u00e1tica<\/title>\n<meta name=\"robots\" content=\"index, follow, max-snippet:-1, max-image-preview:large, max-video-preview:-1\" \/>\n<link rel=\"canonical\" href=\"https:\/\/esei.uvigo.es\/es\/a-esei\/benvida-do-director\/\" \/>\n<meta property=\"og:locale\" content=\"es_ES\" \/>\n<meta property=\"og:type\" content=\"article\" \/>\n<meta property=\"og:title\" content=\"Bienvenida del Director | Escola Superior de Enxe\u00f1ar\u00eda Inform\u00e1tica\" \/>\n<meta property=\"og:description\" content=\"Estimado\/a alumno\/a. Quiero darte la bienvenida, en mi nombre y en el de todos los que aqu\u00ed trabajamos, a la Escuela\u00a0 Superior de Ingenier\u00eda Inform\u00e1tica &hellip; Contin\u00faa\" \/>\n<meta property=\"og:url\" content=\"https:\/\/esei.uvigo.es\/es\/a-esei\/benvida-do-director\/\" \/>\n<meta property=\"og:site_name\" content=\"Escola Superior de Enxe\u00f1ar\u00eda Inform\u00e1tica\" \/>\n<meta property=\"article:modified_time\" content=\"2025-05-19T21:42:32+00:00\" \/>\n<meta property=\"og:image\" content=\"https:\/\/esei.uvigo.es\/wp-content\/uploads\/2023\/06\/Director.jpg\" \/>\n\t<meta property=\"og:image:width\" content=\"1616\" \/>\n\t<meta property=\"og:image:height\" content=\"1080\" \/>\n\t<meta property=\"og:image:type\" content=\"image\/jpeg\" \/>\n<meta name=\"twitter:card\" content=\"summary_large_image\" \/>\n<meta name=\"twitter:label1\" content=\"Tiempo de lectura\" \/>\n\t<meta name=\"twitter:data1\" content=\"3 minutos\" \/>\n<script type=\"application\/ld+json\" class=\"yoast-schema-graph\">{\"@context\":\"https:\\\/\\\/schema.org\",\"@graph\":[{\"@type\":\"WebPage\",\"@id\":\"https:\\\/\\\/esei.uvigo.es\\\/es\\\/a-esei\\\/benvida-do-director\\\/\",\"url\":\"https:\\\/\\\/esei.uvigo.es\\\/es\\\/a-esei\\\/benvida-do-director\\\/\",\"name\":\"Bienvenida del Director | Escola Superior de Enxe\u00f1ar\u00eda Inform\u00e1tica\",\"isPartOf\":{\"@id\":\"https:\\\/\\\/esei.uvigo.es\\\/es\\\/#website\"},\"primaryImageOfPage\":{\"@id\":\"https:\\\/\\\/esei.uvigo.es\\\/es\\\/a-esei\\\/benvida-do-director\\\/#primaryimage\"},\"image\":{\"@id\":\"https:\\\/\\\/esei.uvigo.es\\\/es\\\/a-esei\\\/benvida-do-director\\\/#primaryimage\"},\"thumbnailUrl\":\"https:\\\/\\\/esei.uvigo.es\\\/wp-content\\\/uploads\\\/2023\\\/06\\\/Director.jpg\",\"datePublished\":\"2019-02-06T09:50:55+00:00\",\"dateModified\":\"2025-05-19T21:42:32+00:00\",\"breadcrumb\":{\"@id\":\"https:\\\/\\\/esei.uvigo.es\\\/es\\\/a-esei\\\/benvida-do-director\\\/#breadcrumb\"},\"inLanguage\":\"es\",\"potentialAction\":[{\"@type\":\"ReadAction\",\"target\":[\"https:\\\/\\\/esei.uvigo.es\\\/es\\\/a-esei\\\/benvida-do-director\\\/\"]}]},{\"@type\":\"ImageObject\",\"inLanguage\":\"es\",\"@id\":\"https:\\\/\\\/esei.uvigo.es\\\/es\\\/a-esei\\\/benvida-do-director\\\/#primaryimage\",\"url\":\"https:\\\/\\\/esei.uvigo.es\\\/wp-content\\\/uploads\\\/2023\\\/06\\\/Director.jpg\",\"contentUrl\":\"https:\\\/\\\/esei.uvigo.es\\\/wp-content\\\/uploads\\\/2023\\\/06\\\/Director.jpg\",\"width\":1616,\"height\":1080},{\"@type\":\"BreadcrumbList\",\"@id\":\"https:\\\/\\\/esei.uvigo.es\\\/es\\\/a-esei\\\/benvida-do-director\\\/#breadcrumb\",\"itemListElement\":[{\"@type\":\"ListItem\",\"position\":1,\"name\":\"Portada\",\"item\":\"https:\\\/\\\/esei.uvigo.es\\\/es\\\/\"},{\"@type\":\"ListItem\",\"position\":2,\"name\":\"La ESEI\",\"item\":\"https:\\\/\\\/esei.uvigo.es\\\/es\\\/a-esei\\\/\"},{\"@type\":\"ListItem\",\"position\":3,\"name\":\"Bienvenida del Director\"}]},{\"@type\":\"WebSite\",\"@id\":\"https:\\\/\\\/esei.uvigo.es\\\/es\\\/#website\",\"url\":\"https:\\\/\\\/esei.uvigo.es\\\/es\\\/\",\"name\":\"Escola Superior de Enxe\u00f1ar\u00eda Inform\u00e1tica\",\"description\":\"\",\"publisher\":{\"@id\":\"https:\\\/\\\/esei.uvigo.es\\\/es\\\/#organization\"},\"potentialAction\":[{\"@type\":\"SearchAction\",\"target\":{\"@type\":\"EntryPoint\",\"urlTemplate\":\"https:\\\/\\\/esei.uvigo.es\\\/es\\\/?s={search_term_string}\"},\"query-input\":{\"@type\":\"PropertyValueSpecification\",\"valueRequired\":true,\"valueName\":\"search_term_string\"}}],\"inLanguage\":\"es\"},{\"@type\":\"Organization\",\"@id\":\"https:\\\/\\\/esei.uvigo.es\\\/es\\\/#organization\",\"name\":\"Escola Superior de Enxe\u00f1ar\u00eda Inform\u00e1tica\",\"url\":\"https:\\\/\\\/esei.uvigo.es\\\/es\\\/\",\"logo\":{\"@type\":\"ImageObject\",\"inLanguage\":\"es\",\"@id\":\"https:\\\/\\\/esei.uvigo.es\\\/es\\\/#\\\/schema\\\/logo\\\/image\\\/\",\"url\":\"https:\\\/\\\/esei.uvigo.es\\\/wp-content\\\/uploads\\\/2019\\\/09\\\/esei.png\",\"contentUrl\":\"https:\\\/\\\/esei.uvigo.es\\\/wp-content\\\/uploads\\\/2019\\\/09\\\/esei.png\",\"width\":579,\"height\":98,\"caption\":\"Escola Superior de Enxe\u00f1ar\u00eda Inform\u00e1tica\"},\"image\":{\"@id\":\"https:\\\/\\\/esei.uvigo.es\\\/es\\\/#\\\/schema\\\/logo\\\/image\\\/\"}}]}<\/script>\n<!-- \/ Yoast SEO plugin. -->","yoast_head_json":{"title":"Bienvenida del Director | Escola Superior de Enxe\u00f1ar\u00eda Inform\u00e1tica","robots":{"index":"index","follow":"follow","max-snippet":"max-snippet:-1","max-image-preview":"max-image-preview:large","max-video-preview":"max-video-preview:-1"},"canonical":"https:\/\/esei.uvigo.es\/es\/a-esei\/benvida-do-director\/","og_locale":"es_ES","og_type":"article","og_title":"Bienvenida del Director | Escola Superior de Enxe\u00f1ar\u00eda Inform\u00e1tica","og_description":"Estimado\/a alumno\/a. Quiero darte la bienvenida, en mi nombre y en el de todos los que aqu\u00ed trabajamos, a la Escuela\u00a0 Superior de Ingenier\u00eda Inform\u00e1tica &hellip; Contin\u00faa","og_url":"https:\/\/esei.uvigo.es\/es\/a-esei\/benvida-do-director\/","og_site_name":"Escola Superior de Enxe\u00f1ar\u00eda Inform\u00e1tica","article_modified_time":"2025-05-19T21:42:32+00:00","og_image":[{"width":1616,"height":1080,"url":"https:\/\/esei.uvigo.es\/wp-content\/uploads\/2023\/06\/Director.jpg","type":"image\/jpeg"}],"twitter_card":"summary_large_image","twitter_misc":{"Tiempo de lectura":"3 minutos"},"schema":{"@context":"https:\/\/schema.org","@graph":[{"@type":"WebPage","@id":"https:\/\/esei.uvigo.es\/es\/a-esei\/benvida-do-director\/","url":"https:\/\/esei.uvigo.es\/es\/a-esei\/benvida-do-director\/","name":"Bienvenida del Director | Escola Superior de Enxe\u00f1ar\u00eda Inform\u00e1tica","isPartOf":{"@id":"https:\/\/esei.uvigo.es\/es\/#website"},"primaryImageOfPage":{"@id":"https:\/\/esei.uvigo.es\/es\/a-esei\/benvida-do-director\/#primaryimage"},"image":{"@id":"https:\/\/esei.uvigo.es\/es\/a-esei\/benvida-do-director\/#primaryimage"},"thumbnailUrl":"https:\/\/esei.uvigo.es\/wp-content\/uploads\/2023\/06\/Director.jpg","datePublished":"2019-02-06T09:50:55+00:00","dateModified":"2025-05-19T21:42:32+00:00","breadcrumb":{"@id":"https:\/\/esei.uvigo.es\/es\/a-esei\/benvida-do-director\/#breadcrumb"},"inLanguage":"es","potentialAction":[{"@type":"ReadAction","target":["https:\/\/esei.uvigo.es\/es\/a-esei\/benvida-do-director\/"]}]},{"@type":"ImageObject","inLanguage":"es","@id":"https:\/\/esei.uvigo.es\/es\/a-esei\/benvida-do-director\/#primaryimage","url":"https:\/\/esei.uvigo.es\/wp-content\/uploads\/2023\/06\/Director.jpg","contentUrl":"https:\/\/esei.uvigo.es\/wp-content\/uploads\/2023\/06\/Director.jpg","width":1616,"height":1080},{"@type":"BreadcrumbList","@id":"https:\/\/esei.uvigo.es\/es\/a-esei\/benvida-do-director\/#breadcrumb","itemListElement":[{"@type":"ListItem","position":1,"name":"Portada","item":"https:\/\/esei.uvigo.es\/es\/"},{"@type":"ListItem","position":2,"name":"La ESEI","item":"https:\/\/esei.uvigo.es\/es\/a-esei\/"},{"@type":"ListItem","position":3,"name":"Bienvenida del Director"}]},{"@type":"WebSite","@id":"https:\/\/esei.uvigo.es\/es\/#website","url":"https:\/\/esei.uvigo.es\/es\/","name":"Escola Superior de Enxe\u00f1ar\u00eda Inform\u00e1tica","description":"","publisher":{"@id":"https:\/\/esei.uvigo.es\/es\/#organization"},"potentialAction":[{"@type":"SearchAction","target":{"@type":"EntryPoint","urlTemplate":"https:\/\/esei.uvigo.es\/es\/?s={search_term_string}"},"query-input":{"@type":"PropertyValueSpecification","valueRequired":true,"valueName":"search_term_string"}}],"inLanguage":"es"},{"@type":"Organization","@id":"https:\/\/esei.uvigo.es\/es\/#organization","name":"Escola Superior de Enxe\u00f1ar\u00eda Inform\u00e1tica","url":"https:\/\/esei.uvigo.es\/es\/","logo":{"@type":"ImageObject","inLanguage":"es","@id":"https:\/\/esei.uvigo.es\/es\/#\/schema\/logo\/image\/","url":"https:\/\/esei.uvigo.es\/wp-content\/uploads\/2019\/09\/esei.png","contentUrl":"https:\/\/esei.uvigo.es\/wp-content\/uploads\/2019\/09\/esei.png","width":579,"height":98,"caption":"Escola Superior de Enxe\u00f1ar\u00eda Inform\u00e1tica"},"image":{"@id":"https:\/\/esei.uvigo.es\/es\/#\/schema\/logo\/image\/"}}]}},"_links":{"self":[{"href":"https:\/\/esei.uvigo.es\/es\/wp-json\/wp\/v2\/pages\/22746","targetHints":{"allow":["GET"]}}],"collection":[{"href":"https:\/\/esei.uvigo.es\/es\/wp-json\/wp\/v2\/pages"}],"about":[{"href":"https:\/\/esei.uvigo.es\/es\/wp-json\/wp\/v2\/types\/page"}],"author":[{"embeddable":true,"href":"https:\/\/esei.uvigo.es\/es\/wp-json\/wp\/v2\/users\/1"}],"replies":[{"embeddable":true,"href":"https:\/\/esei.uvigo.es\/es\/wp-json\/wp\/v2\/comments?post=22746"}],"version-history":[{"count":6,"href":"https:\/\/esei.uvigo.es\/es\/wp-json\/wp\/v2\/pages\/22746\/revisions"}],"predecessor-version":[{"id":28473,"href":"https:\/\/esei.uvigo.es\/es\/wp-json\/wp\/v2\/pages\/22746\/revisions\/28473"}],"up":[{"embeddable":true,"href":"https:\/\/esei.uvigo.es\/es\/wp-json\/wp\/v2\/pages\/14"}],"wp:featuredmedia":[{"embeddable":true,"href":"https:\/\/esei.uvigo.es\/es\/wp-json\/wp\/v2\/media\/25732"}],"wp:attachment":[{"href":"https:\/\/esei.uvigo.es\/es\/wp-json\/wp\/v2\/media?parent=22746"}],"curies":[{"name":"wp","href":"https:\/\/api.w.org\/{rel}","templated":true}]}}