{"id":22745,"date":"2019-09-06T17:57:38","date_gmt":"2019-09-06T15:57:38","guid":{"rendered":"https:\/\/esei.uvigo.es\/razons-polas-que-estudar-na-esei\/"},"modified":"2022-10-26T13:29:31","modified_gmt":"2022-10-26T11:29:31","slug":"razons-polas-que-estudar-na-esei","status":"publish","type":"page","link":"https:\/\/esei.uvigo.es\/es\/razons-polas-que-estudar-na-esei\/","title":{"rendered":"Razones por las que estudiar en la ESEI"},"content":{"rendered":"<p>Existen muchas y buenas razones por las que estudiar Ingenier\u00eda Inform\u00e1tica es una buena idea, pero se pueden resumir en las 10 razones de la ACM (<a href=\"http:\/\/www.acm.org\/\" target=\"_blank\" rel=\"noopener noreferrer\">Association for Computer Machinery<\/a>), una de las principales asociaciones mundiales de referencia en nuestro \u00e1mbito:<\/p>\n<h3><strong>1. La inform\u00e1tica forma parte de todo lo que hacemos.<\/strong><\/h3>\n<p>Los computadores y la tecnolog\u00eda asociada se encuentran pr\u00e1cticamente en todo lo que forma parte de nuestras vidas, desde los coches que conducimos a las pel\u00edculas que vemos, pasando por el modo en que las empresas y la administraci\u00f3n se relacionan con nosotros. Comprender las diferentes dimensiones de la inform\u00e1tica es parte del conjunto de capacidades necesarias para una persona formada en el siglo XXI. Tanto si se desea ser cient\u00edfico, desarrollar la aplicaci\u00f3n m\u00e1s avanzada o simplemente saber que significa realmente a expresi\u00f3n \u00abhay un problema inform\u00e1tico\u00bb, el estudiar Inform\u00e1tica proporcionar\u00e1 conocimiento fundamental en este sentido.<\/p>\n<h3><strong>2. La experiencia en cuestiones inform\u00e1ticas permite resolver problemas complejos y que constituyen un desaf\u00edo.<\/strong><\/h3>\n<p>La Inform\u00e1tica es una disciplina que proporciona satisfacciones e interesantes posibilidades para un gran n\u00famero de personas, sin importar sus intereses. La inform\u00e1tica requiere y desarrolla capacidades para resolver problemas dif\u00edciles, con m\u00faltiples dimensiones, que requieren imaginaci\u00f3n y sensibilidad de cara a una gran variedad de temas.<\/p>\n<h3><strong>3. La Inform\u00e1tica permite hacer un cambio positivo en el mundo que nos rodea.<\/strong><\/h3>\n<p>La Inform\u00e1tica lleva la innovaci\u00f3n al campo cient\u00edfico (<a href=\"http:\/\/es.wikipedia.org\/wiki\/Proyecto_Genoma_Humano\" target=\"_blank\" rel=\"noopener noreferrer\">proyecto genoma humano<\/a>, <a href=\"http:\/\/fightaidsathome.scripps.edu\/\" target=\"_blank\" rel=\"noopener noreferrer\">vacuna del SIDA<\/a>, protecci\u00f3n y control del medio ambiente, etc.) y tambi\u00e9n en ingenier\u00eda, negocios, entretenimiento y educaci\u00f3n. Si se desea hacer un cambio positivo en el mundo se debe estudiar Inform\u00e1tica.<\/p>\n<h3><strong>4. La Inform\u00e1tica proporciona diversos tipos de lucrativas carreras profesionales<\/strong>.<\/h3>\n<p>Los trabajos de Inform\u00e1tica est\u00e1n entre los mejor pagados y proporcionan la m\u00e1s alta satisfacci\u00f3n en el trabajo. La inform\u00e1tica se asocia a menudo con innovaci\u00f3n, y los desarrollos inform\u00e1ticos suelen conducir a ella. Esta puede ser la clave, en estos momentos, de la competitividad nacional. Las posibilidades de desarrollos futuros se esperan que sean incluso superiores a las que ya se produjeron en el pasado.<\/p>\n<h3><strong>5. El trabajo en Inform\u00e1tica ser\u00e1 fundamental, independientemente de donde se sit\u00faen f\u00edsicamente las personas.<\/strong><\/h3>\n<p>En estos momentos hay m\u00e1s trabajos en el campo de la inform\u00e1tica que personas cualificadas para cubrirlos. En Estados Unidos, el empleo en Tecnolog\u00edas de la Informaci\u00f3n fue un 17% superior en 2004 respecto de 1999 y se establece\u00a0 mayor potencial de nuevo empleo en futuros a\u00f1os. Si se considera el crecimiento esperado en Inform\u00e1tica, es simple ver que se necesitar\u00e1 m\u00e1s talento, independientemente de donde se encuentre esas personas talentosas.<\/p>\n<h3><strong>6. La experiencia en Inform\u00e1tica sirve de ayuda, incluso aunque esta no sea la parte principal del trabajo.<\/strong><\/h3>\n<p>Tener un grado en Inform\u00e1tica proporciona unos conocimientos conceptuales sobre resoluci\u00f3n de problemas y pensamiento l\u00f3gico que servir\u00e1n como ventaja competitiva en la carrera profesional, sea cual sea el \u00e1mbito en el que \u00e9sta se desarrolle.<\/p>\n<h3><strong>7. La Inform\u00e1tica ofrece grandes oportunidades de creatividad e innovaci\u00f3n.<\/strong><\/h3>\n<p>La creaci\u00f3n de soluciones software de alta calidad es una actividad altamente creativa, adem\u00e1s, la inform\u00e1tica da soporte al trabajo creativo en otros muchos campos. La mejor soluci\u00f3n inform\u00e1tica muestra altos niveles de elegancia y belleza.<\/p>\n<h3><strong>8. La Inform\u00e1tica incentiva el trabajo colaborativo pero tambi\u00e9n el esfuerzo individual.<\/strong><\/h3>\n<p>La inform\u00e1tica se centra a menudo en equipos que requieren personas con diferentes capacidades; con todo, hay espacio para la individualidad y la imaginaci\u00f3n.<\/p>\n<h3><strong>9. La Inform\u00e1tica es una parte esencial de la preparaci\u00f3n acad\u00e9mica completa.<\/strong><\/h3>\n<p>Cada vez m\u00e1s universidades y empresas reconocen el completar un curso de inform\u00e1tica como una muestra de curr\u00edculo acad\u00e9mico con valor.<\/p>\n<h3><strong>10. Las oportunidades futuras en inform\u00e1tica no tienen\u00a0 fronteras.<\/strong><\/h3>\n<p>La inform\u00e1tica es uno de esos campos donde es casi imposible predecir que va a ocurrir a continuaci\u00f3n. Este es el motivo que hace dif\u00edcil imaginar todos los modos en los que una persona puede contribuir y constituye, dentro de este campo, una parte importante del trabajo real y emocionante.<\/p>\n<p>Adem\u00e1s de estas diez razones puede resultar muy \u00fatil <a href=\"http:\/\/www.rtve.es\/alacarta\/videos\/la-aventura-del-saber\/aventura-del-saber-29-12-10\/976068\/\" target=\"_blank\" rel=\"noopener noreferrer\">este programa de \u00abA Aventura do Saber\u00bb<\/a>, emitido por la <a href=\"http:\/\/www.rtve.es\/alacarta\/tve\/la2\/\" target=\"_blank\" rel=\"noopener noreferrer\">2 de RTVE<\/a>, y dedicado a la Ingenier\u00eda Inform\u00e1tica.<\/p>\n<p>Otros v\u00eddeos de inter\u00e9s: <a href=\"http:\/\/youtu.be\/bKm-0VdTwA8\" target=\"_blank\" rel=\"noopener noreferrer\">What most Schools don&#8217;t teach<\/a>.<\/p>\n","protected":false},"excerpt":{"rendered":"<p>Existen muchas y buenas razones por las que estudiar Ingenier\u00eda Inform\u00e1tica es una buena idea, pero se pueden resumir en las 10 razones de la &hellip; <a class=\"excerpt_more\" href=\"https:\/\/esei.uvigo.es\/es\/razons-polas-que-estudar-na-esei\/\">Contin\u00faa<\/a><\/p>\n","protected":false},"author":1,"featured_media":14979,"parent":0,"menu_order":0,"comment_status":"closed","ping_status":"closed","template":"","meta":{"_acf_changed":false,"footnotes":""},"class_list":["post-22745","page","type-page","status-publish","has-post-thumbnail","hentry"],"acf":[],"yoast_head":"<!-- This site is optimized with the Yoast SEO plugin v27.6 - https:\/\/yoast.com\/product\/yoast-seo-wordpress\/ -->\n<title>Razones por las que estudiar en la ESEI | Escola Superior de Enxe\u00f1ar\u00eda Inform\u00e1tica<\/title>\n<meta name=\"robots\" content=\"index, follow, max-snippet:-1, max-image-preview:large, max-video-preview:-1\" \/>\n<link rel=\"canonical\" href=\"https:\/\/esei.uvigo.es\/es\/razons-polas-que-estudar-na-esei\/\" \/>\n<meta property=\"og:locale\" content=\"es_ES\" \/>\n<meta property=\"og:type\" content=\"article\" \/>\n<meta property=\"og:title\" content=\"Razones por las que estudiar en la ESEI | Escola Superior de Enxe\u00f1ar\u00eda Inform\u00e1tica\" \/>\n<meta property=\"og:description\" content=\"Existen muchas y buenas razones por las que estudiar Ingenier\u00eda Inform\u00e1tica es una buena idea, pero se pueden resumir en las 10 razones de la &hellip; Contin\u00faa\" \/>\n<meta property=\"og:url\" content=\"https:\/\/esei.uvigo.es\/es\/razons-polas-que-estudar-na-esei\/\" \/>\n<meta property=\"og:site_name\" content=\"Escola Superior de Enxe\u00f1ar\u00eda Inform\u00e1tica\" \/>\n<meta property=\"article:modified_time\" content=\"2022-10-26T11:29:31+00:00\" \/>\n<meta property=\"og:image\" content=\"https:\/\/esei.uvigo.es\/wp-content\/uploads\/2018\/11\/blogging-336375_1920.jpg\" \/>\n\t<meta property=\"og:image:width\" content=\"1920\" \/>\n\t<meta property=\"og:image:height\" content=\"1280\" \/>\n\t<meta property=\"og:image:type\" content=\"image\/jpeg\" \/>\n<meta name=\"twitter:card\" content=\"summary_large_image\" \/>\n<meta name=\"twitter:label1\" content=\"Tiempo de lectura\" \/>\n\t<meta name=\"twitter:data1\" content=\"4 minutos\" \/>\n<script type=\"application\/ld+json\" class=\"yoast-schema-graph\">{\"@context\":\"https:\\\/\\\/schema.org\",\"@graph\":[{\"@type\":\"WebPage\",\"@id\":\"https:\\\/\\\/esei.uvigo.es\\\/es\\\/razons-polas-que-estudar-na-esei\\\/\",\"url\":\"https:\\\/\\\/esei.uvigo.es\\\/es\\\/razons-polas-que-estudar-na-esei\\\/\",\"name\":\"Razones por las que estudiar en la ESEI | Escola Superior de Enxe\u00f1ar\u00eda Inform\u00e1tica\",\"isPartOf\":{\"@id\":\"https:\\\/\\\/esei.uvigo.es\\\/es\\\/#website\"},\"primaryImageOfPage\":{\"@id\":\"https:\\\/\\\/esei.uvigo.es\\\/es\\\/razons-polas-que-estudar-na-esei\\\/#primaryimage\"},\"image\":{\"@id\":\"https:\\\/\\\/esei.uvigo.es\\\/es\\\/razons-polas-que-estudar-na-esei\\\/#primaryimage\"},\"thumbnailUrl\":\"https:\\\/\\\/esei.uvigo.es\\\/wp-content\\\/uploads\\\/2018\\\/11\\\/blogging-336375_1920.jpg\",\"datePublished\":\"2019-09-06T15:57:38+00:00\",\"dateModified\":\"2022-10-26T11:29:31+00:00\",\"breadcrumb\":{\"@id\":\"https:\\\/\\\/esei.uvigo.es\\\/es\\\/razons-polas-que-estudar-na-esei\\\/#breadcrumb\"},\"inLanguage\":\"es\",\"potentialAction\":[{\"@type\":\"ReadAction\",\"target\":[\"https:\\\/\\\/esei.uvigo.es\\\/es\\\/razons-polas-que-estudar-na-esei\\\/\"]}]},{\"@type\":\"ImageObject\",\"inLanguage\":\"es\",\"@id\":\"https:\\\/\\\/esei.uvigo.es\\\/es\\\/razons-polas-que-estudar-na-esei\\\/#primaryimage\",\"url\":\"https:\\\/\\\/esei.uvigo.es\\\/wp-content\\\/uploads\\\/2018\\\/11\\\/blogging-336375_1920.jpg\",\"contentUrl\":\"https:\\\/\\\/esei.uvigo.es\\\/wp-content\\\/uploads\\\/2018\\\/11\\\/blogging-336375_1920.jpg\",\"width\":1920,\"height\":1280},{\"@type\":\"BreadcrumbList\",\"@id\":\"https:\\\/\\\/esei.uvigo.es\\\/es\\\/razons-polas-que-estudar-na-esei\\\/#breadcrumb\",\"itemListElement\":[{\"@type\":\"ListItem\",\"position\":1,\"name\":\"Portada\",\"item\":\"https:\\\/\\\/esei.uvigo.es\\\/es\\\/\"},{\"@type\":\"ListItem\",\"position\":2,\"name\":\"Razones por las que estudiar en la ESEI\"}]},{\"@type\":\"WebSite\",\"@id\":\"https:\\\/\\\/esei.uvigo.es\\\/es\\\/#website\",\"url\":\"https:\\\/\\\/esei.uvigo.es\\\/es\\\/\",\"name\":\"Escola Superior de Enxe\u00f1ar\u00eda Inform\u00e1tica\",\"description\":\"\",\"publisher\":{\"@id\":\"https:\\\/\\\/esei.uvigo.es\\\/es\\\/#organization\"},\"potentialAction\":[{\"@type\":\"SearchAction\",\"target\":{\"@type\":\"EntryPoint\",\"urlTemplate\":\"https:\\\/\\\/esei.uvigo.es\\\/es\\\/?s={search_term_string}\"},\"query-input\":{\"@type\":\"PropertyValueSpecification\",\"valueRequired\":true,\"valueName\":\"search_term_string\"}}],\"inLanguage\":\"es\"},{\"@type\":\"Organization\",\"@id\":\"https:\\\/\\\/esei.uvigo.es\\\/es\\\/#organization\",\"name\":\"Escola Superior de Enxe\u00f1ar\u00eda Inform\u00e1tica\",\"url\":\"https:\\\/\\\/esei.uvigo.es\\\/es\\\/\",\"logo\":{\"@type\":\"ImageObject\",\"inLanguage\":\"es\",\"@id\":\"https:\\\/\\\/esei.uvigo.es\\\/es\\\/#\\\/schema\\\/logo\\\/image\\\/\",\"url\":\"https:\\\/\\\/esei.uvigo.es\\\/wp-content\\\/uploads\\\/2019\\\/09\\\/esei.png\",\"contentUrl\":\"https:\\\/\\\/esei.uvigo.es\\\/wp-content\\\/uploads\\\/2019\\\/09\\\/esei.png\",\"width\":579,\"height\":98,\"caption\":\"Escola Superior de Enxe\u00f1ar\u00eda Inform\u00e1tica\"},\"image\":{\"@id\":\"https:\\\/\\\/esei.uvigo.es\\\/es\\\/#\\\/schema\\\/logo\\\/image\\\/\"}}]}<\/script>\n<!-- \/ Yoast SEO plugin. -->","yoast_head_json":{"title":"Razones por las que estudiar en la ESEI | Escola Superior de Enxe\u00f1ar\u00eda Inform\u00e1tica","robots":{"index":"index","follow":"follow","max-snippet":"max-snippet:-1","max-image-preview":"max-image-preview:large","max-video-preview":"max-video-preview:-1"},"canonical":"https:\/\/esei.uvigo.es\/es\/razons-polas-que-estudar-na-esei\/","og_locale":"es_ES","og_type":"article","og_title":"Razones por las que estudiar en la ESEI | Escola Superior de Enxe\u00f1ar\u00eda Inform\u00e1tica","og_description":"Existen muchas y buenas razones por las que estudiar Ingenier\u00eda Inform\u00e1tica es una buena idea, pero se pueden resumir en las 10 razones de la &hellip; Contin\u00faa","og_url":"https:\/\/esei.uvigo.es\/es\/razons-polas-que-estudar-na-esei\/","og_site_name":"Escola Superior de Enxe\u00f1ar\u00eda Inform\u00e1tica","article_modified_time":"2022-10-26T11:29:31+00:00","og_image":[{"width":1920,"height":1280,"url":"https:\/\/esei.uvigo.es\/wp-content\/uploads\/2018\/11\/blogging-336375_1920.jpg","type":"image\/jpeg"}],"twitter_card":"summary_large_image","twitter_misc":{"Tiempo de lectura":"4 minutos"},"schema":{"@context":"https:\/\/schema.org","@graph":[{"@type":"WebPage","@id":"https:\/\/esei.uvigo.es\/es\/razons-polas-que-estudar-na-esei\/","url":"https:\/\/esei.uvigo.es\/es\/razons-polas-que-estudar-na-esei\/","name":"Razones por las que estudiar en la ESEI | Escola Superior de Enxe\u00f1ar\u00eda Inform\u00e1tica","isPartOf":{"@id":"https:\/\/esei.uvigo.es\/es\/#website"},"primaryImageOfPage":{"@id":"https:\/\/esei.uvigo.es\/es\/razons-polas-que-estudar-na-esei\/#primaryimage"},"image":{"@id":"https:\/\/esei.uvigo.es\/es\/razons-polas-que-estudar-na-esei\/#primaryimage"},"thumbnailUrl":"https:\/\/esei.uvigo.es\/wp-content\/uploads\/2018\/11\/blogging-336375_1920.jpg","datePublished":"2019-09-06T15:57:38+00:00","dateModified":"2022-10-26T11:29:31+00:00","breadcrumb":{"@id":"https:\/\/esei.uvigo.es\/es\/razons-polas-que-estudar-na-esei\/#breadcrumb"},"inLanguage":"es","potentialAction":[{"@type":"ReadAction","target":["https:\/\/esei.uvigo.es\/es\/razons-polas-que-estudar-na-esei\/"]}]},{"@type":"ImageObject","inLanguage":"es","@id":"https:\/\/esei.uvigo.es\/es\/razons-polas-que-estudar-na-esei\/#primaryimage","url":"https:\/\/esei.uvigo.es\/wp-content\/uploads\/2018\/11\/blogging-336375_1920.jpg","contentUrl":"https:\/\/esei.uvigo.es\/wp-content\/uploads\/2018\/11\/blogging-336375_1920.jpg","width":1920,"height":1280},{"@type":"BreadcrumbList","@id":"https:\/\/esei.uvigo.es\/es\/razons-polas-que-estudar-na-esei\/#breadcrumb","itemListElement":[{"@type":"ListItem","position":1,"name":"Portada","item":"https:\/\/esei.uvigo.es\/es\/"},{"@type":"ListItem","position":2,"name":"Razones por las que estudiar en la ESEI"}]},{"@type":"WebSite","@id":"https:\/\/esei.uvigo.es\/es\/#website","url":"https:\/\/esei.uvigo.es\/es\/","name":"Escola Superior de Enxe\u00f1ar\u00eda Inform\u00e1tica","description":"","publisher":{"@id":"https:\/\/esei.uvigo.es\/es\/#organization"},"potentialAction":[{"@type":"SearchAction","target":{"@type":"EntryPoint","urlTemplate":"https:\/\/esei.uvigo.es\/es\/?s={search_term_string}"},"query-input":{"@type":"PropertyValueSpecification","valueRequired":true,"valueName":"search_term_string"}}],"inLanguage":"es"},{"@type":"Organization","@id":"https:\/\/esei.uvigo.es\/es\/#organization","name":"Escola Superior de Enxe\u00f1ar\u00eda Inform\u00e1tica","url":"https:\/\/esei.uvigo.es\/es\/","logo":{"@type":"ImageObject","inLanguage":"es","@id":"https:\/\/esei.uvigo.es\/es\/#\/schema\/logo\/image\/","url":"https:\/\/esei.uvigo.es\/wp-content\/uploads\/2019\/09\/esei.png","contentUrl":"https:\/\/esei.uvigo.es\/wp-content\/uploads\/2019\/09\/esei.png","width":579,"height":98,"caption":"Escola Superior de Enxe\u00f1ar\u00eda Inform\u00e1tica"},"image":{"@id":"https:\/\/esei.uvigo.es\/es\/#\/schema\/logo\/image\/"}}]}},"_links":{"self":[{"href":"https:\/\/esei.uvigo.es\/es\/wp-json\/wp\/v2\/pages\/22745","targetHints":{"allow":["GET"]}}],"collection":[{"href":"https:\/\/esei.uvigo.es\/es\/wp-json\/wp\/v2\/pages"}],"about":[{"href":"https:\/\/esei.uvigo.es\/es\/wp-json\/wp\/v2\/types\/page"}],"author":[{"embeddable":true,"href":"https:\/\/esei.uvigo.es\/es\/wp-json\/wp\/v2\/users\/1"}],"replies":[{"embeddable":true,"href":"https:\/\/esei.uvigo.es\/es\/wp-json\/wp\/v2\/comments?post=22745"}],"version-history":[{"count":3,"href":"https:\/\/esei.uvigo.es\/es\/wp-json\/wp\/v2\/pages\/22745\/revisions"}],"predecessor-version":[{"id":24944,"href":"https:\/\/esei.uvigo.es\/es\/wp-json\/wp\/v2\/pages\/22745\/revisions\/24944"}],"wp:featuredmedia":[{"embeddable":true,"href":"https:\/\/esei.uvigo.es\/es\/wp-json\/wp\/v2\/media\/14979"}],"wp:attachment":[{"href":"https:\/\/esei.uvigo.es\/es\/wp-json\/wp\/v2\/media?parent=22745"}],"curies":[{"name":"wp","href":"https:\/\/api.w.org\/{rel}","templated":true}]}}