{"id":22744,"date":"2019-02-06T10:53:18","date_gmt":"2019-02-06T09:53:18","guid":{"rendered":"https:\/\/esei.uvigo.es\/informacion-para-comezar\/"},"modified":"2019-02-06T10:53:18","modified_gmt":"2019-02-06T09:53:18","slug":"informacion-para-comezar","status":"publish","type":"page","link":"https:\/\/esei.uvigo.es\/es\/informacion-para-comezar\/","title":{"rendered":"Informaci\u00f3n para comezar"},"content":{"rendered":"<p>Se acabas de matricularte\u00a0na ESEI, seguramente ter\u00e1s algunhas d\u00fabidas durante estes primeiros d\u00edas. O primeiro que debes saber \u00e9 que a persoa de referencia \u00e1 que te podes dirixir \u00e9 a profesora coordinadora de primeiro curso,\u00a0<b><a href=\"http:\/\/esei.uvigo.es\/index.php?id=379&amp;L=876\">Mar\u00eda Jos\u00e9 Lado Touri\u00f1o<\/a><\/b>, \u00e1 que podes atopar no despacho\u00a0<b>405<\/b>\u00a0(cuarta planta), e \u00e1 que tam\u00e9n podes localizar por tel\u00e9fono (988 38 70 12) e por email (<a>mrpepa(at)uvigo.es<\/a>). A\u00ednda que a profesora Lado poderache aclarar todas as t\u00faas d\u00fabidas, t\u00e9s a continuaci\u00f3n informaci\u00f3n especialmente importante para estes primeiros d\u00edas:<\/p>\n<ul>\n<li><b>Acceso aos laboratorios:\u00a0<\/b>para poder utilizar os computadores dos laboratorios da Escola, debes ter a t\u00faa conta de usuario\u00a0<a href=\"http:\/\/en.wikipedia.org\/wiki\/LDAP\" target=\"_blank\" rel=\"noopener\">LDAP<\/a>\u00a0(Lightweight Directory Access Protocol). Para obtela, deber\u00e1s acudir ao\u00a0<a href=\"http:\/\/esei.uvigo.es\/index.php?id=75&amp;L=876\">Servizo de Infraestrutura<\/a>, no soto 01, ao fondo do todo do corredor, e presentar o teu resgardo de matr\u00edcula ou\u00a0<a href=\"http:\/\/www.uvigo.es\/uvigo_gl\/vida\/tarxeta-universitaria.html\" target=\"_blank\" rel=\"noopener\">carn\u00e9 de estudante<\/a>\u00a0se xa o tes.<\/li>\n<li><b>Grupos de pr\u00e1cticas<\/b>: todo\/a alumno\/a de primeiro est\u00e1 asignado a un grupo de laboratorio. Se acudiches ao acto de inicio de curso seguramente ter\u00e1s un documento no que che indica cal \u00e9 o teu grupo. Se non \u00e9 as\u00ed, podes consultalo desde este\u00a0<a href=\"http:\/\/esei.uvigo.es\/index.php?id=73&amp;L=876\">mesmo apartado de estudantes na web<\/a>, ou dirixirche \u00e1\u00a0<a href=\"http:\/\/esei.uvigo.es\/index.php?id=53&amp;L=876\">coordinadora de primeiro<\/a>.<\/li>\n<li><b><a href=\"http:\/\/esei.uvigo.es\/index.php?id=409&amp;L=876\">Correo electr\u00f3nico da ESEI<\/a><\/b>: a conta LDAP que se che facilita \u00e9 tam\u00e9n a t\u00faa conta de correo electr\u00f3nico. A esta conta dir\u00edxense as mensaxes sobre cursos,\u00a0<a href=\"http:\/\/emprego.ei.uvigo.es\/\" target=\"_blank\" rel=\"noopener\">ofertas de emprego<\/a>,\u00a0<a href=\"http:\/\/www.esei.uvigo.es\/index.php?id=34\" target=\"_blank\" rel=\"noopener\">noticias da Escola<\/a>, cambios na programaci\u00f3n do curso,\u00a0<a href=\"http:\/\/esei.uvigo.es\/index.php?id=48&amp;L=876\">actividades culturais e deportivas<\/a>&#8230;<\/li>\n<li><b><a href=\"http:\/\/esei.uvigo.es\/index.php?id=583&amp;L=876\">Wifi<\/a><\/b>:\u00a0a Universidade de Vigo pon \u00e1 t\u00faa disposici\u00f3n unha wifi \u00e1 que poder\u00e1s acceder con calquera computador ou dispositivo m\u00f3bil, en calquera recinto dos tres campus da Universidade. Para poder acceder a esta wifi debes utilizar a conta de correo electr\u00f3nico que pon \u00e1 t\u00faa disposici\u00f3n a Universidade (e que\u00a0<b>\u00e9 diferente da mencionada anteriormente<\/b>, que che d\u00e1 a ESEI). Para obter a direcci\u00f3n de email, debes acceder a\u00a0<a href=\"http:\/\/correoweb.uvigo.es\/\" target=\"_blank\" rel=\"noopener\">http:\/\/correoweb.uvigo.es<\/a>, e para acceder \u00e1 wifi, consulta as\u00a0<a href=\"http:\/\/www.uvigo.es\/uvigo_gl\/administracion\/atic\/datos\/rede\/wireless\/\" target=\"_blank\" rel=\"noopener\">instruci\u00f3ns<\/a>.<\/li>\n<li><b><a href=\"http:\/\/esei.uvigo.es\/index.php?id=85&amp;L=876\">Delegaci\u00f3n de Alumnos\/as<\/a>:<\/b>\u00a0cada dous anos os estudantes elixen os seus representantes nos \u00f3rganos de goberno da ESEI (<a href=\"http:\/\/esei.uvigo.es\/index.php?id=254&amp;L=876\">Xunta de Escola<\/a>\u00a0e\u00a0<a href=\"http:\/\/esei.uvigo.es\/index.php?id=245&amp;L=876\">diferentes comisi\u00f3ns<\/a>), as\u00ed como en \u00f3rganos de goberno da Universidade (<a href=\"http:\/\/secxeral.uvigo.es\/secxeral_es\/claustro\/\" target=\"_blank\" rel=\"noopener\">Claustro<\/a>\u00a0e\u00a0<a href=\"http:\/\/secxeral.uvigo.es\/secxeral_es\/consello\/\" target=\"_blank\" rel=\"noopener\">Consello de Goberno<\/a>).\u00a0A Delegaci\u00f3n, co\u00f1ecida como ESEIDA, est\u00e1 a vosa disposici\u00f3n no seu local da primeira planta, as\u00ed como na web (<a href=\"https:\/\/eseida.wikispaces.com\/\" target=\"_blank\" rel=\"noopener\">https:\/\/eseida.wikispaces.com<\/a>), no tel\u00e9fono 988 387 000\u00a0ou en\u00a0<a>eseida@esei.uvigo.es<\/a>.\u00a0Tam\u00e9n podedes contactar coa ESEIDA a trav\u00e9s de\u00a0<a href=\"https:\/\/www.facebook.com\/eseida\" target=\"_blank\" rel=\"noopener\">Facebook<\/a>\u00a0ou\u00a0<a href=\"http:\/\/twitter.com\/ESEIDA\" target=\"_blank\" rel=\"noopener\">Twitter<\/a>.<\/li>\n<li><b>Biblioteca<\/b>: ainda que\u00a0na planta baixa do Polit\u00e9cnico hai unha\u00a0<a href=\"http:\/\/esei.uvigo.es\/index.php?id=572&amp;L=876\">sala de estudo<\/a>, a biblioteca \u00e9 \u00fanica para o campus e non est\u00e1 neste edificio.\u00a0<a href=\"http:\/\/goo.gl\/maps\/y4vKC\" target=\"_blank\" rel=\"noopener\">At\u00f3pase cruzando a pasarela<\/a>, ao lado do campus onde est\u00e1 o\u00a0<a href=\"http:\/\/goo.gl\/maps\/jVp4c\" target=\"_blank\" rel=\"noopener\">pavill\u00f3n de deportes<\/a>, a\u00a0<a href=\"http:\/\/goo.gl\/maps\/BfbbX\" target=\"_blank\" rel=\"noopener\">piscina<\/a>, e o\u00a0<a href=\"http:\/\/goo.gl\/maps\/kRkSx\" target=\"_blank\" rel=\"noopener\">edificio Xur\u00eddico-Empresarial<\/a>. Para acceder aos servizos de pr\u00e9stamos deber\u00e1s ter o teu carn\u00e9 universitario. Podes consultar informaci\u00f3n sobre horarios, servizos e acceder ao\u00a0<a href=\"http:\/\/www.perseo.biblioteca.uvigo.es\/search*spi\" target=\"_blank\" rel=\"noopener\">cat\u00e1logo online<\/a>, poder\u00e1s facelo dende a\u00a0<a href=\"http:\/\/www.blogdabiblio.es\/\" target=\"_blank\" rel=\"noopener\">web da Biblioteca<\/a>.<\/li>\n<li><b><b>Goberno da ESEI:<\/b><\/b>\n<ul>\n<li><b>Equipo directivo<\/b>: a ESEI ten un\u00a0<a href=\"http:\/\/esei.uvigo.es\/index.php?id=53&amp;L=876\">equipo directivo<\/a>, formado por un\/a director\/a e varios\/as subdirectores\/as. Se co\u00f1eces a algu\u00e9n que estude nunha Facultade, seguramente te preguntar\u00e1s por que al\u00ed hai decano\/a e aqu\u00ed director\/a. Pois non hai diferenza ningunha, \u00e9 unha cuesti\u00f3n meramente hist\u00f3rica (nas Escolas de Enxe\u00f1ar\u00eda cham\u00e1ronse sempre directores\/as, e as\u00ed permaneceu at\u00e9 agora).<\/li>\n<li><b>\u00d3rganos de goberno<\/b>: o \u00f3rgano de goberno da ESEI \u00e9 a\u00a0<a href=\"http:\/\/esei.uvigo.es\/index.php?id=254&amp;L=876\">Xunta de Escola<\/a>, na que est\u00e1n representados o profesorado (60%) alumnado (30%) e o persoal de administraci\u00f3n (10%), e enc\u00e1rgase de aprobar as li\u00f1as de funcionamento, normativas e procedementos da Escola. Ademais, hai varias comisi\u00f3ns, como a\u00a0<a href=\"http:\/\/esei.uvigo.es\/index.php?id=290&amp;L=876\">Permanente<\/a>, a de\u00a0<a href=\"http:\/\/esei.uvigo.es\/index.php?id=291&amp;L=876\">Calidade<\/a>\u00a0e a de\u00a0<a href=\"http:\/\/esei.uvigo.es\/index.php?id=292&amp;L=876\">Adaptaci\u00f3n e Reco\u00f1ecement<\/a><a class=\"internal-link\" href=\"http:\/\/esei.uvigo.es\/index.php?id=292&amp;L=876\">o de Cr\u00e9ditos<\/a>.<\/li>\n<\/ul>\n<\/li>\n<\/ul>\n<p>&nbsp;<\/p>\n","protected":false},"excerpt":{"rendered":"<p>Se acabas de matricularte\u00a0na ESEI, seguramente ter\u00e1s algunhas d\u00fabidas durante estes primeiros d\u00edas. O primeiro que debes saber \u00e9 que a persoa de referencia \u00e1 &hellip; <a class=\"excerpt_more\" href=\"https:\/\/esei.uvigo.es\/es\/informacion-para-comezar\/\">Contin\u00faa<\/a><\/p>\n","protected":false},"author":1,"featured_media":0,"parent":0,"menu_order":0,"comment_status":"closed","ping_status":"closed","template":"","meta":{"_acf_changed":false,"footnotes":""},"class_list":["post-22744","page","type-page","status-publish","hentry"],"acf":[],"yoast_head":"<!-- This site is optimized with the Yoast SEO plugin v27.6 - https:\/\/yoast.com\/product\/yoast-seo-wordpress\/ -->\n<title>Informaci\u00f3n para comezar | Escola Superior de Enxe\u00f1ar\u00eda Inform\u00e1tica<\/title>\n<meta name=\"robots\" content=\"index, follow, max-snippet:-1, max-image-preview:large, max-video-preview:-1\" \/>\n<link rel=\"canonical\" href=\"https:\/\/esei.uvigo.es\/es\/informacion-para-comezar\/\" \/>\n<meta property=\"og:locale\" content=\"es_ES\" \/>\n<meta property=\"og:type\" content=\"article\" \/>\n<meta property=\"og:title\" content=\"Informaci\u00f3n para comezar | Escola Superior de Enxe\u00f1ar\u00eda Inform\u00e1tica\" \/>\n<meta property=\"og:description\" content=\"Se acabas de matricularte\u00a0na ESEI, seguramente ter\u00e1s algunhas d\u00fabidas durante estes primeiros d\u00edas. O primeiro que debes saber \u00e9 que a persoa de referencia \u00e1 &hellip; Contin\u00faa\" \/>\n<meta property=\"og:url\" content=\"https:\/\/esei.uvigo.es\/es\/informacion-para-comezar\/\" \/>\n<meta property=\"og:site_name\" content=\"Escola Superior de Enxe\u00f1ar\u00eda Inform\u00e1tica\" \/>\n<meta name=\"twitter:card\" content=\"summary_large_image\" \/>\n<meta name=\"twitter:label1\" content=\"Tiempo de lectura\" \/>\n\t<meta name=\"twitter:data1\" content=\"3 minutos\" \/>\n<script type=\"application\/ld+json\" class=\"yoast-schema-graph\">{\"@context\":\"https:\\\/\\\/schema.org\",\"@graph\":[{\"@type\":\"WebPage\",\"@id\":\"https:\\\/\\\/esei.uvigo.es\\\/es\\\/informacion-para-comezar\\\/\",\"url\":\"https:\\\/\\\/esei.uvigo.es\\\/es\\\/informacion-para-comezar\\\/\",\"name\":\"Informaci\u00f3n para comezar | Escola Superior de Enxe\u00f1ar\u00eda Inform\u00e1tica\",\"isPartOf\":{\"@id\":\"https:\\\/\\\/esei.uvigo.es\\\/es\\\/#website\"},\"datePublished\":\"2019-02-06T09:53:18+00:00\",\"breadcrumb\":{\"@id\":\"https:\\\/\\\/esei.uvigo.es\\\/es\\\/informacion-para-comezar\\\/#breadcrumb\"},\"inLanguage\":\"es\",\"potentialAction\":[{\"@type\":\"ReadAction\",\"target\":[\"https:\\\/\\\/esei.uvigo.es\\\/es\\\/informacion-para-comezar\\\/\"]}]},{\"@type\":\"BreadcrumbList\",\"@id\":\"https:\\\/\\\/esei.uvigo.es\\\/es\\\/informacion-para-comezar\\\/#breadcrumb\",\"itemListElement\":[{\"@type\":\"ListItem\",\"position\":1,\"name\":\"Portada\",\"item\":\"https:\\\/\\\/esei.uvigo.es\\\/es\\\/\"},{\"@type\":\"ListItem\",\"position\":2,\"name\":\"Informaci\u00f3n para comezar\"}]},{\"@type\":\"WebSite\",\"@id\":\"https:\\\/\\\/esei.uvigo.es\\\/es\\\/#website\",\"url\":\"https:\\\/\\\/esei.uvigo.es\\\/es\\\/\",\"name\":\"Escola Superior de Enxe\u00f1ar\u00eda Inform\u00e1tica\",\"description\":\"\",\"publisher\":{\"@id\":\"https:\\\/\\\/esei.uvigo.es\\\/es\\\/#organization\"},\"potentialAction\":[{\"@type\":\"SearchAction\",\"target\":{\"@type\":\"EntryPoint\",\"urlTemplate\":\"https:\\\/\\\/esei.uvigo.es\\\/es\\\/?s={search_term_string}\"},\"query-input\":{\"@type\":\"PropertyValueSpecification\",\"valueRequired\":true,\"valueName\":\"search_term_string\"}}],\"inLanguage\":\"es\"},{\"@type\":\"Organization\",\"@id\":\"https:\\\/\\\/esei.uvigo.es\\\/es\\\/#organization\",\"name\":\"Escola Superior de Enxe\u00f1ar\u00eda Inform\u00e1tica\",\"url\":\"https:\\\/\\\/esei.uvigo.es\\\/es\\\/\",\"logo\":{\"@type\":\"ImageObject\",\"inLanguage\":\"es\",\"@id\":\"https:\\\/\\\/esei.uvigo.es\\\/es\\\/#\\\/schema\\\/logo\\\/image\\\/\",\"url\":\"https:\\\/\\\/esei.uvigo.es\\\/wp-content\\\/uploads\\\/2019\\\/09\\\/esei.png\",\"contentUrl\":\"https:\\\/\\\/esei.uvigo.es\\\/wp-content\\\/uploads\\\/2019\\\/09\\\/esei.png\",\"width\":579,\"height\":98,\"caption\":\"Escola Superior de Enxe\u00f1ar\u00eda Inform\u00e1tica\"},\"image\":{\"@id\":\"https:\\\/\\\/esei.uvigo.es\\\/es\\\/#\\\/schema\\\/logo\\\/image\\\/\"}}]}<\/script>\n<!-- \/ Yoast SEO plugin. -->","yoast_head_json":{"title":"Informaci\u00f3n para comezar | Escola Superior de Enxe\u00f1ar\u00eda Inform\u00e1tica","robots":{"index":"index","follow":"follow","max-snippet":"max-snippet:-1","max-image-preview":"max-image-preview:large","max-video-preview":"max-video-preview:-1"},"canonical":"https:\/\/esei.uvigo.es\/es\/informacion-para-comezar\/","og_locale":"es_ES","og_type":"article","og_title":"Informaci\u00f3n para comezar | Escola Superior de Enxe\u00f1ar\u00eda Inform\u00e1tica","og_description":"Se acabas de matricularte\u00a0na ESEI, seguramente ter\u00e1s algunhas d\u00fabidas durante estes primeiros d\u00edas. O primeiro que debes saber \u00e9 que a persoa de referencia \u00e1 &hellip; Contin\u00faa","og_url":"https:\/\/esei.uvigo.es\/es\/informacion-para-comezar\/","og_site_name":"Escola Superior de Enxe\u00f1ar\u00eda Inform\u00e1tica","twitter_card":"summary_large_image","twitter_misc":{"Tiempo de lectura":"3 minutos"},"schema":{"@context":"https:\/\/schema.org","@graph":[{"@type":"WebPage","@id":"https:\/\/esei.uvigo.es\/es\/informacion-para-comezar\/","url":"https:\/\/esei.uvigo.es\/es\/informacion-para-comezar\/","name":"Informaci\u00f3n para comezar | Escola Superior de Enxe\u00f1ar\u00eda Inform\u00e1tica","isPartOf":{"@id":"https:\/\/esei.uvigo.es\/es\/#website"},"datePublished":"2019-02-06T09:53:18+00:00","breadcrumb":{"@id":"https:\/\/esei.uvigo.es\/es\/informacion-para-comezar\/#breadcrumb"},"inLanguage":"es","potentialAction":[{"@type":"ReadAction","target":["https:\/\/esei.uvigo.es\/es\/informacion-para-comezar\/"]}]},{"@type":"BreadcrumbList","@id":"https:\/\/esei.uvigo.es\/es\/informacion-para-comezar\/#breadcrumb","itemListElement":[{"@type":"ListItem","position":1,"name":"Portada","item":"https:\/\/esei.uvigo.es\/es\/"},{"@type":"ListItem","position":2,"name":"Informaci\u00f3n para comezar"}]},{"@type":"WebSite","@id":"https:\/\/esei.uvigo.es\/es\/#website","url":"https:\/\/esei.uvigo.es\/es\/","name":"Escola Superior de Enxe\u00f1ar\u00eda Inform\u00e1tica","description":"","publisher":{"@id":"https:\/\/esei.uvigo.es\/es\/#organization"},"potentialAction":[{"@type":"SearchAction","target":{"@type":"EntryPoint","urlTemplate":"https:\/\/esei.uvigo.es\/es\/?s={search_term_string}"},"query-input":{"@type":"PropertyValueSpecification","valueRequired":true,"valueName":"search_term_string"}}],"inLanguage":"es"},{"@type":"Organization","@id":"https:\/\/esei.uvigo.es\/es\/#organization","name":"Escola Superior de Enxe\u00f1ar\u00eda Inform\u00e1tica","url":"https:\/\/esei.uvigo.es\/es\/","logo":{"@type":"ImageObject","inLanguage":"es","@id":"https:\/\/esei.uvigo.es\/es\/#\/schema\/logo\/image\/","url":"https:\/\/esei.uvigo.es\/wp-content\/uploads\/2019\/09\/esei.png","contentUrl":"https:\/\/esei.uvigo.es\/wp-content\/uploads\/2019\/09\/esei.png","width":579,"height":98,"caption":"Escola Superior de Enxe\u00f1ar\u00eda Inform\u00e1tica"},"image":{"@id":"https:\/\/esei.uvigo.es\/es\/#\/schema\/logo\/image\/"}}]}},"_links":{"self":[{"href":"https:\/\/esei.uvigo.es\/es\/wp-json\/wp\/v2\/pages\/22744","targetHints":{"allow":["GET"]}}],"collection":[{"href":"https:\/\/esei.uvigo.es\/es\/wp-json\/wp\/v2\/pages"}],"about":[{"href":"https:\/\/esei.uvigo.es\/es\/wp-json\/wp\/v2\/types\/page"}],"author":[{"embeddable":true,"href":"https:\/\/esei.uvigo.es\/es\/wp-json\/wp\/v2\/users\/1"}],"replies":[{"embeddable":true,"href":"https:\/\/esei.uvigo.es\/es\/wp-json\/wp\/v2\/comments?post=22744"}],"version-history":[{"count":0,"href":"https:\/\/esei.uvigo.es\/es\/wp-json\/wp\/v2\/pages\/22744\/revisions"}],"wp:attachment":[{"href":"https:\/\/esei.uvigo.es\/es\/wp-json\/wp\/v2\/media?parent=22744"}],"curies":[{"name":"wp","href":"https:\/\/api.w.org\/{rel}","templated":true}]}}