{"id":22742,"date":"2019-09-19T09:45:02","date_gmt":"2019-09-19T07:45:02","guid":{"rendered":"https:\/\/esei.uvigo.es\/perfil-enxenaria-informatica\/"},"modified":"2019-09-19T09:45:02","modified_gmt":"2019-09-19T07:45:02","slug":"perfil-enxenaria-informatica","status":"publish","type":"page","link":"https:\/\/esei.uvigo.es\/es\/perfil-enxenaria-informatica\/","title":{"rendered":"Enxe\u00f1ar\u00eda Inform\u00e1tica"},"content":{"rendered":"<div class=\"row\">\n<div class=\"col-md-7\">\n<h2>Un perfil moi demandado no mercado laboral<\/h2>\n<p>Segundo os \u00faltimos estudos realizados, unha porcentaxe moi alta das persoas tituladas en Enxe\u00f1ar\u00eda Inform\u00e1tica atopan traballo no seu campo o primeiro ano tras graduarse.<\/p>\n<p>Co\u00f1ece alg\u00fans dos perf\u00eds profesionais que podes adquirir grazas aos estudos que ofrece a <a href=\"https:\/\/esei.uvigo.es\/\">ESEI<\/a>. Descobre a trav\u00e9s de perf\u00eds reais como o noso centro pode cambiar a t\u00faa vida.<\/p>\n<p>Descarga a publicaci\u00f3n <a href=\"https:\/\/esei.uvigo.es\/documentos\/perfiles-profesionales\/\">\u00abM\u00e1s de 30 perfiles en Ingenier\u00eda Inform\u00e1tica\u00bb<\/a><\/p>\n<p>&nbsp;<\/p>\n<p>&nbsp;<\/p>\n<p>&nbsp;<\/p>\n<\/div>\n<div class=\"col-md-5\">\n<p><img loading=\"lazy\" decoding=\"async\" class=\"alignnone wp-image-16659 size-full\" src=\"https:\/\/esei.uvigo.es\/wp-content\/uploads\/2019\/09\/libro-perfiles-4.png\" alt=\"\" width=\"824\" height=\"896\" style=\"margin-top: -80px;\" srcset=\"https:\/\/esei.uvigo.es\/wp-content\/uploads\/2019\/09\/libro-perfiles-4.png 824w, https:\/\/esei.uvigo.es\/wp-content\/uploads\/2019\/09\/libro-perfiles-4-276x300.png 276w, https:\/\/esei.uvigo.es\/wp-content\/uploads\/2019\/09\/libro-perfiles-4-768x835.png 768w\" sizes=\"auto, (max-width: 824px) 100vw, 824px\" \/><br \/>\n<\/div>\n<\/div>\n","protected":false},"excerpt":{"rendered":"","protected":false},"author":7,"featured_media":16524,"parent":0,"menu_order":0,"comment_status":"closed","ping_status":"closed","template":"views\/template-fullwidth.blade.php","meta":{"_acf_changed":false,"footnotes":""},"class_list":["post-22742","page","type-page","status-publish","has-post-thumbnail","hentry"],"acf":[],"yoast_head":"<!-- This site is optimized with the Yoast SEO plugin v27.6 - https:\/\/yoast.com\/product\/yoast-seo-wordpress\/ -->\n<title>Enxe\u00f1ar\u00eda Inform\u00e1tica | Escola Superior de Enxe\u00f1ar\u00eda Inform\u00e1tica<\/title>\n<meta name=\"robots\" content=\"index, follow, max-snippet:-1, max-image-preview:large, max-video-preview:-1\" \/>\n<link rel=\"canonical\" href=\"https:\/\/esei.uvigo.es\/es\/perfil-enxenaria-informatica\/\" \/>\n<meta property=\"og:locale\" content=\"es_ES\" \/>\n<meta property=\"og:type\" content=\"article\" \/>\n<meta property=\"og:title\" content=\"Enxe\u00f1ar\u00eda Inform\u00e1tica | Escola Superior de Enxe\u00f1ar\u00eda Inform\u00e1tica\" \/>\n<meta property=\"og:url\" content=\"https:\/\/esei.uvigo.es\/es\/perfil-enxenaria-informatica\/\" \/>\n<meta property=\"og:site_name\" content=\"Escola Superior de Enxe\u00f1ar\u00eda Inform\u00e1tica\" \/>\n<meta property=\"og:image\" content=\"https:\/\/esei.uvigo.es\/wp-content\/uploads\/2019\/09\/libro-perfiles-4.png\" \/>\n<meta name=\"twitter:card\" content=\"summary_large_image\" \/>\n<script type=\"application\/ld+json\" class=\"yoast-schema-graph\">{\"@context\":\"https:\\\/\\\/schema.org\",\"@graph\":[{\"@type\":\"WebPage\",\"@id\":\"https:\\\/\\\/esei.uvigo.es\\\/es\\\/perfil-enxenaria-informatica\\\/\",\"url\":\"https:\\\/\\\/esei.uvigo.es\\\/es\\\/perfil-enxenaria-informatica\\\/\",\"name\":\"Enxe\u00f1ar\u00eda Inform\u00e1tica | Escola Superior de Enxe\u00f1ar\u00eda Inform\u00e1tica\",\"isPartOf\":{\"@id\":\"https:\\\/\\\/esei.uvigo.es\\\/es\\\/#website\"},\"primaryImageOfPage\":{\"@id\":\"https:\\\/\\\/esei.uvigo.es\\\/es\\\/perfil-enxenaria-informatica\\\/#primaryimage\"},\"image\":{\"@id\":\"https:\\\/\\\/esei.uvigo.es\\\/es\\\/perfil-enxenaria-informatica\\\/#primaryimage\"},\"thumbnailUrl\":\"https:\\\/\\\/esei.uvigo.es\\\/wp-content\\\/uploads\\\/2019\\\/07\\\/slider-esei-1.jpg\",\"datePublished\":\"2019-09-19T07:45:02+00:00\",\"breadcrumb\":{\"@id\":\"https:\\\/\\\/esei.uvigo.es\\\/es\\\/perfil-enxenaria-informatica\\\/#breadcrumb\"},\"inLanguage\":\"es\",\"potentialAction\":[{\"@type\":\"ReadAction\",\"target\":[\"https:\\\/\\\/esei.uvigo.es\\\/es\\\/perfil-enxenaria-informatica\\\/\"]}]},{\"@type\":\"ImageObject\",\"inLanguage\":\"es\",\"@id\":\"https:\\\/\\\/esei.uvigo.es\\\/es\\\/perfil-enxenaria-informatica\\\/#primaryimage\",\"url\":\"https:\\\/\\\/esei.uvigo.es\\\/wp-content\\\/uploads\\\/2019\\\/07\\\/slider-esei-1.jpg\",\"contentUrl\":\"https:\\\/\\\/esei.uvigo.es\\\/wp-content\\\/uploads\\\/2019\\\/07\\\/slider-esei-1.jpg\",\"width\":1440,\"height\":540},{\"@type\":\"BreadcrumbList\",\"@id\":\"https:\\\/\\\/esei.uvigo.es\\\/es\\\/perfil-enxenaria-informatica\\\/#breadcrumb\",\"itemListElement\":[{\"@type\":\"ListItem\",\"position\":1,\"name\":\"Portada\",\"item\":\"https:\\\/\\\/esei.uvigo.es\\\/es\\\/\"},{\"@type\":\"ListItem\",\"position\":2,\"name\":\"Enxe\u00f1ar\u00eda Inform\u00e1tica\"}]},{\"@type\":\"WebSite\",\"@id\":\"https:\\\/\\\/esei.uvigo.es\\\/es\\\/#website\",\"url\":\"https:\\\/\\\/esei.uvigo.es\\\/es\\\/\",\"name\":\"Escola Superior de Enxe\u00f1ar\u00eda Inform\u00e1tica\",\"description\":\"\",\"publisher\":{\"@id\":\"https:\\\/\\\/esei.uvigo.es\\\/es\\\/#organization\"},\"potentialAction\":[{\"@type\":\"SearchAction\",\"target\":{\"@type\":\"EntryPoint\",\"urlTemplate\":\"https:\\\/\\\/esei.uvigo.es\\\/es\\\/?s={search_term_string}\"},\"query-input\":{\"@type\":\"PropertyValueSpecification\",\"valueRequired\":true,\"valueName\":\"search_term_string\"}}],\"inLanguage\":\"es\"},{\"@type\":\"Organization\",\"@id\":\"https:\\\/\\\/esei.uvigo.es\\\/es\\\/#organization\",\"name\":\"Escola Superior de Enxe\u00f1ar\u00eda Inform\u00e1tica\",\"url\":\"https:\\\/\\\/esei.uvigo.es\\\/es\\\/\",\"logo\":{\"@type\":\"ImageObject\",\"inLanguage\":\"es\",\"@id\":\"https:\\\/\\\/esei.uvigo.es\\\/es\\\/#\\\/schema\\\/logo\\\/image\\\/\",\"url\":\"https:\\\/\\\/esei.uvigo.es\\\/wp-content\\\/uploads\\\/2019\\\/09\\\/esei.png\",\"contentUrl\":\"https:\\\/\\\/esei.uvigo.es\\\/wp-content\\\/uploads\\\/2019\\\/09\\\/esei.png\",\"width\":579,\"height\":98,\"caption\":\"Escola Superior de Enxe\u00f1ar\u00eda Inform\u00e1tica\"},\"image\":{\"@id\":\"https:\\\/\\\/esei.uvigo.es\\\/es\\\/#\\\/schema\\\/logo\\\/image\\\/\"}}]}<\/script>\n<!-- \/ Yoast SEO plugin. -->","yoast_head_json":{"title":"Enxe\u00f1ar\u00eda Inform\u00e1tica | Escola Superior de Enxe\u00f1ar\u00eda Inform\u00e1tica","robots":{"index":"index","follow":"follow","max-snippet":"max-snippet:-1","max-image-preview":"max-image-preview:large","max-video-preview":"max-video-preview:-1"},"canonical":"https:\/\/esei.uvigo.es\/es\/perfil-enxenaria-informatica\/","og_locale":"es_ES","og_type":"article","og_title":"Enxe\u00f1ar\u00eda Inform\u00e1tica | Escola Superior de Enxe\u00f1ar\u00eda Inform\u00e1tica","og_url":"https:\/\/esei.uvigo.es\/es\/perfil-enxenaria-informatica\/","og_site_name":"Escola Superior de Enxe\u00f1ar\u00eda Inform\u00e1tica","og_image":[{"url":"https:\/\/esei.uvigo.es\/wp-content\/uploads\/2019\/09\/libro-perfiles-4.png","type":"","width":"","height":""}],"twitter_card":"summary_large_image","schema":{"@context":"https:\/\/schema.org","@graph":[{"@type":"WebPage","@id":"https:\/\/esei.uvigo.es\/es\/perfil-enxenaria-informatica\/","url":"https:\/\/esei.uvigo.es\/es\/perfil-enxenaria-informatica\/","name":"Enxe\u00f1ar\u00eda Inform\u00e1tica | Escola Superior de Enxe\u00f1ar\u00eda Inform\u00e1tica","isPartOf":{"@id":"https:\/\/esei.uvigo.es\/es\/#website"},"primaryImageOfPage":{"@id":"https:\/\/esei.uvigo.es\/es\/perfil-enxenaria-informatica\/#primaryimage"},"image":{"@id":"https:\/\/esei.uvigo.es\/es\/perfil-enxenaria-informatica\/#primaryimage"},"thumbnailUrl":"https:\/\/esei.uvigo.es\/wp-content\/uploads\/2019\/07\/slider-esei-1.jpg","datePublished":"2019-09-19T07:45:02+00:00","breadcrumb":{"@id":"https:\/\/esei.uvigo.es\/es\/perfil-enxenaria-informatica\/#breadcrumb"},"inLanguage":"es","potentialAction":[{"@type":"ReadAction","target":["https:\/\/esei.uvigo.es\/es\/perfil-enxenaria-informatica\/"]}]},{"@type":"ImageObject","inLanguage":"es","@id":"https:\/\/esei.uvigo.es\/es\/perfil-enxenaria-informatica\/#primaryimage","url":"https:\/\/esei.uvigo.es\/wp-content\/uploads\/2019\/07\/slider-esei-1.jpg","contentUrl":"https:\/\/esei.uvigo.es\/wp-content\/uploads\/2019\/07\/slider-esei-1.jpg","width":1440,"height":540},{"@type":"BreadcrumbList","@id":"https:\/\/esei.uvigo.es\/es\/perfil-enxenaria-informatica\/#breadcrumb","itemListElement":[{"@type":"ListItem","position":1,"name":"Portada","item":"https:\/\/esei.uvigo.es\/es\/"},{"@type":"ListItem","position":2,"name":"Enxe\u00f1ar\u00eda Inform\u00e1tica"}]},{"@type":"WebSite","@id":"https:\/\/esei.uvigo.es\/es\/#website","url":"https:\/\/esei.uvigo.es\/es\/","name":"Escola Superior de Enxe\u00f1ar\u00eda Inform\u00e1tica","description":"","publisher":{"@id":"https:\/\/esei.uvigo.es\/es\/#organization"},"potentialAction":[{"@type":"SearchAction","target":{"@type":"EntryPoint","urlTemplate":"https:\/\/esei.uvigo.es\/es\/?s={search_term_string}"},"query-input":{"@type":"PropertyValueSpecification","valueRequired":true,"valueName":"search_term_string"}}],"inLanguage":"es"},{"@type":"Organization","@id":"https:\/\/esei.uvigo.es\/es\/#organization","name":"Escola Superior de Enxe\u00f1ar\u00eda Inform\u00e1tica","url":"https:\/\/esei.uvigo.es\/es\/","logo":{"@type":"ImageObject","inLanguage":"es","@id":"https:\/\/esei.uvigo.es\/es\/#\/schema\/logo\/image\/","url":"https:\/\/esei.uvigo.es\/wp-content\/uploads\/2019\/09\/esei.png","contentUrl":"https:\/\/esei.uvigo.es\/wp-content\/uploads\/2019\/09\/esei.png","width":579,"height":98,"caption":"Escola Superior de Enxe\u00f1ar\u00eda Inform\u00e1tica"},"image":{"@id":"https:\/\/esei.uvigo.es\/es\/#\/schema\/logo\/image\/"}}]}},"_links":{"self":[{"href":"https:\/\/esei.uvigo.es\/es\/wp-json\/wp\/v2\/pages\/22742","targetHints":{"allow":["GET"]}}],"collection":[{"href":"https:\/\/esei.uvigo.es\/es\/wp-json\/wp\/v2\/pages"}],"about":[{"href":"https:\/\/esei.uvigo.es\/es\/wp-json\/wp\/v2\/types\/page"}],"author":[{"embeddable":true,"href":"https:\/\/esei.uvigo.es\/es\/wp-json\/wp\/v2\/users\/7"}],"replies":[{"embeddable":true,"href":"https:\/\/esei.uvigo.es\/es\/wp-json\/wp\/v2\/comments?post=22742"}],"version-history":[{"count":0,"href":"https:\/\/esei.uvigo.es\/es\/wp-json\/wp\/v2\/pages\/22742\/revisions"}],"wp:featuredmedia":[{"embeddable":true,"href":"https:\/\/esei.uvigo.es\/es\/wp-json\/wp\/v2\/media\/16524"}],"wp:attachment":[{"href":"https:\/\/esei.uvigo.es\/es\/wp-json\/wp\/v2\/media?parent=22742"}],"curies":[{"name":"wp","href":"https:\/\/api.w.org\/{rel}","templated":true}]}}