{"id":14855,"date":"2018-09-20T12:54:12","date_gmt":"2018-09-20T10:54:12","guid":{"rendered":"https:\/\/esei.ideit.software\/biblioteca-universitaria\/"},"modified":"2018-09-20T12:54:12","modified_gmt":"2018-09-20T10:54:12","slug":"biblioteca-universitaria","status":"publish","type":"page","link":"https:\/\/esei.uvigo.es\/es\/biblioteca-universitaria\/","title":{"rendered":"Biblioteca Universitaria"},"content":{"rendered":"<div class=\"row\">\n<div class=\"col-xs-12 col-md-6\">\nPresente fisicamente nos tres campus, a Biblioteca Universitaria conta en cada un deles cunha biblioteca central e varias salas repartidas polas escolas e facultades que compo\u00f1en a universidade. Os seus servizos incl\u00faen a consulta en sala, o pr\u00e9stamo a domicilio, informaci\u00f3n bibliogr\u00e1fica, recursos electr\u00f3nicos e intercambio interbibliotecario, ademais de actividades formativas para os seus usuarios\/as.<br \/>\n<\/div>\n<div class=\"col-xs-12 col-md-6\">\n<img loading=\"lazy\" decoding=\"async\" src=\"https:\/\/esei.uvigo.es\/wp-content\/uploads\/2018\/09\/biblioteca-300x201.jpg\" alt=\"Biblioteca\" width=\"300\" height=\"201\" \/><br \/>\n<\/div>\n<\/div>\n<p>Para facilitar o acceso de docentes, estudantes e persoal da Universidade a todos os recursos, os horarios das bibliotecas coinciden cos das facultades e escolas, excepto no per\u00edodo de exames, en que varias bibliotecas permanecen abertas ata a madrugada e durante os fins de semana.<\/p>\n<p>En xaneiro de 2007 a Biblioteca Universitaria recibiu a certificaci\u00f3n de calidade ISO9000, que a sit\u00faa \u00e1 vangarda entre as universidades espa\u00f1olas.<\/p>\n<h4>A Biblioteca do Campus de Ourense<\/h4>\n<p>O Campus de Ourense conta cunha biblioteca que se atopa no campus sur, xunto \u00e1 piscina universitaria.<\/p>\n<p>&#8211;\u00a0<a href=\"http:\/\/www.perseo.biblioteca.uvigo.es\/search*gag\/\" target=\"_blank\" rel=\"noopener\">Acceso ao cat\u00e1logo da biblioteca<\/a><\/p>\n<p>&#8211;\u00a0<a href=\"http:\/\/www.blogdabiblio.es\/\" target=\"_blank\" rel=\"noopener\">Blog da Biblioteca<\/a><\/p>\n<p>&#8211;\u00a0<a href=\"http:\/\/www.uvigo.es\/uvigo_gl\/administracion\/biblioteca\/\" target=\"_blank\" rel=\"noopener\">Web da Biblioteca<\/a><\/p>\n","protected":false},"excerpt":{"rendered":"<p>Para facilitar o acceso de docentes, estudantes e persoal da Universidade a todos os recursos, os horarios das bibliotecas coinciden cos das facultades e escolas, &hellip; <a class=\"excerpt_more\" href=\"https:\/\/esei.uvigo.es\/es\/biblioteca-universitaria\/\">Contin\u00faa<\/a><\/p>\n","protected":false},"author":1,"featured_media":0,"parent":0,"menu_order":0,"comment_status":"closed","ping_status":"closed","template":"","meta":{"_acf_changed":false,"footnotes":""},"class_list":["post-14855","page","type-page","status-publish","hentry"],"acf":[],"yoast_head":"<!-- This site is optimized with the Yoast SEO plugin v27.6 - https:\/\/yoast.com\/product\/yoast-seo-wordpress\/ -->\n<title>Biblioteca Universitaria | Escola Superior de Enxe\u00f1ar\u00eda Inform\u00e1tica<\/title>\n<meta name=\"robots\" content=\"index, follow, max-snippet:-1, max-image-preview:large, max-video-preview:-1\" \/>\n<link rel=\"canonical\" href=\"https:\/\/esei.uvigo.es\/es\/biblioteca-universitaria\/\" \/>\n<meta property=\"og:locale\" content=\"es_ES\" \/>\n<meta property=\"og:type\" content=\"article\" \/>\n<meta property=\"og:title\" content=\"Biblioteca Universitaria | Escola Superior de Enxe\u00f1ar\u00eda Inform\u00e1tica\" \/>\n<meta property=\"og:description\" content=\"Para facilitar o acceso de docentes, estudantes e persoal da Universidade a todos os recursos, os horarios das bibliotecas coinciden cos das facultades e escolas, &hellip; Contin\u00faa\" \/>\n<meta property=\"og:url\" content=\"https:\/\/esei.uvigo.es\/es\/biblioteca-universitaria\/\" \/>\n<meta property=\"og:site_name\" content=\"Escola Superior de Enxe\u00f1ar\u00eda Inform\u00e1tica\" \/>\n<meta property=\"og:image\" content=\"https:\/\/esei.uvigo.es\/wp-content\/uploads\/2018\/09\/biblioteca-300x201.jpg\" \/>\n<meta name=\"twitter:card\" content=\"summary_large_image\" \/>\n<meta name=\"twitter:label1\" content=\"Tiempo de lectura\" \/>\n\t<meta name=\"twitter:data1\" content=\"1 minuto\" \/>\n<script type=\"application\/ld+json\" class=\"yoast-schema-graph\">{\"@context\":\"https:\\\/\\\/schema.org\",\"@graph\":[{\"@type\":\"WebPage\",\"@id\":\"https:\\\/\\\/esei.uvigo.es\\\/es\\\/biblioteca-universitaria\\\/\",\"url\":\"https:\\\/\\\/esei.uvigo.es\\\/es\\\/biblioteca-universitaria\\\/\",\"name\":\"Biblioteca Universitaria | Escola Superior de Enxe\u00f1ar\u00eda Inform\u00e1tica\",\"isPartOf\":{\"@id\":\"https:\\\/\\\/esei.uvigo.es\\\/es\\\/#website\"},\"primaryImageOfPage\":{\"@id\":\"https:\\\/\\\/esei.uvigo.es\\\/es\\\/biblioteca-universitaria\\\/#primaryimage\"},\"image\":{\"@id\":\"https:\\\/\\\/esei.uvigo.es\\\/es\\\/biblioteca-universitaria\\\/#primaryimage\"},\"thumbnailUrl\":\"https:\\\/\\\/esei.uvigo.es\\\/wp-content\\\/uploads\\\/2018\\\/09\\\/biblioteca-300x201.jpg\",\"datePublished\":\"2018-09-20T10:54:12+00:00\",\"breadcrumb\":{\"@id\":\"https:\\\/\\\/esei.uvigo.es\\\/es\\\/biblioteca-universitaria\\\/#breadcrumb\"},\"inLanguage\":\"es\",\"potentialAction\":[{\"@type\":\"ReadAction\",\"target\":[\"https:\\\/\\\/esei.uvigo.es\\\/es\\\/biblioteca-universitaria\\\/\"]}]},{\"@type\":\"ImageObject\",\"inLanguage\":\"es\",\"@id\":\"https:\\\/\\\/esei.uvigo.es\\\/es\\\/biblioteca-universitaria\\\/#primaryimage\",\"url\":\"https:\\\/\\\/esei.uvigo.es\\\/wp-content\\\/uploads\\\/2018\\\/09\\\/biblioteca-300x201.jpg\",\"contentUrl\":\"https:\\\/\\\/esei.uvigo.es\\\/wp-content\\\/uploads\\\/2018\\\/09\\\/biblioteca-300x201.jpg\"},{\"@type\":\"BreadcrumbList\",\"@id\":\"https:\\\/\\\/esei.uvigo.es\\\/es\\\/biblioteca-universitaria\\\/#breadcrumb\",\"itemListElement\":[{\"@type\":\"ListItem\",\"position\":1,\"name\":\"Portada\",\"item\":\"https:\\\/\\\/esei.uvigo.es\\\/es\\\/\"},{\"@type\":\"ListItem\",\"position\":2,\"name\":\"Biblioteca Universitaria\"}]},{\"@type\":\"WebSite\",\"@id\":\"https:\\\/\\\/esei.uvigo.es\\\/es\\\/#website\",\"url\":\"https:\\\/\\\/esei.uvigo.es\\\/es\\\/\",\"name\":\"Escola Superior de Enxe\u00f1ar\u00eda Inform\u00e1tica\",\"description\":\"\",\"publisher\":{\"@id\":\"https:\\\/\\\/esei.uvigo.es\\\/es\\\/#organization\"},\"potentialAction\":[{\"@type\":\"SearchAction\",\"target\":{\"@type\":\"EntryPoint\",\"urlTemplate\":\"https:\\\/\\\/esei.uvigo.es\\\/es\\\/?s={search_term_string}\"},\"query-input\":{\"@type\":\"PropertyValueSpecification\",\"valueRequired\":true,\"valueName\":\"search_term_string\"}}],\"inLanguage\":\"es\"},{\"@type\":\"Organization\",\"@id\":\"https:\\\/\\\/esei.uvigo.es\\\/es\\\/#organization\",\"name\":\"Escola Superior de Enxe\u00f1ar\u00eda Inform\u00e1tica\",\"url\":\"https:\\\/\\\/esei.uvigo.es\\\/es\\\/\",\"logo\":{\"@type\":\"ImageObject\",\"inLanguage\":\"es\",\"@id\":\"https:\\\/\\\/esei.uvigo.es\\\/es\\\/#\\\/schema\\\/logo\\\/image\\\/\",\"url\":\"https:\\\/\\\/esei.uvigo.es\\\/wp-content\\\/uploads\\\/2019\\\/09\\\/esei.png\",\"contentUrl\":\"https:\\\/\\\/esei.uvigo.es\\\/wp-content\\\/uploads\\\/2019\\\/09\\\/esei.png\",\"width\":579,\"height\":98,\"caption\":\"Escola Superior de Enxe\u00f1ar\u00eda Inform\u00e1tica\"},\"image\":{\"@id\":\"https:\\\/\\\/esei.uvigo.es\\\/es\\\/#\\\/schema\\\/logo\\\/image\\\/\"}}]}<\/script>\n<!-- \/ Yoast SEO plugin. -->","yoast_head_json":{"title":"Biblioteca Universitaria | Escola Superior de Enxe\u00f1ar\u00eda Inform\u00e1tica","robots":{"index":"index","follow":"follow","max-snippet":"max-snippet:-1","max-image-preview":"max-image-preview:large","max-video-preview":"max-video-preview:-1"},"canonical":"https:\/\/esei.uvigo.es\/es\/biblioteca-universitaria\/","og_locale":"es_ES","og_type":"article","og_title":"Biblioteca Universitaria | Escola Superior de Enxe\u00f1ar\u00eda Inform\u00e1tica","og_description":"Para facilitar o acceso de docentes, estudantes e persoal da Universidade a todos os recursos, os horarios das bibliotecas coinciden cos das facultades e escolas, &hellip; Contin\u00faa","og_url":"https:\/\/esei.uvigo.es\/es\/biblioteca-universitaria\/","og_site_name":"Escola Superior de Enxe\u00f1ar\u00eda Inform\u00e1tica","og_image":[{"url":"https:\/\/esei.uvigo.es\/wp-content\/uploads\/2018\/09\/biblioteca-300x201.jpg","type":"","width":"","height":""}],"twitter_card":"summary_large_image","twitter_misc":{"Tiempo de lectura":"1 minuto"},"schema":{"@context":"https:\/\/schema.org","@graph":[{"@type":"WebPage","@id":"https:\/\/esei.uvigo.es\/es\/biblioteca-universitaria\/","url":"https:\/\/esei.uvigo.es\/es\/biblioteca-universitaria\/","name":"Biblioteca Universitaria | Escola Superior de Enxe\u00f1ar\u00eda Inform\u00e1tica","isPartOf":{"@id":"https:\/\/esei.uvigo.es\/es\/#website"},"primaryImageOfPage":{"@id":"https:\/\/esei.uvigo.es\/es\/biblioteca-universitaria\/#primaryimage"},"image":{"@id":"https:\/\/esei.uvigo.es\/es\/biblioteca-universitaria\/#primaryimage"},"thumbnailUrl":"https:\/\/esei.uvigo.es\/wp-content\/uploads\/2018\/09\/biblioteca-300x201.jpg","datePublished":"2018-09-20T10:54:12+00:00","breadcrumb":{"@id":"https:\/\/esei.uvigo.es\/es\/biblioteca-universitaria\/#breadcrumb"},"inLanguage":"es","potentialAction":[{"@type":"ReadAction","target":["https:\/\/esei.uvigo.es\/es\/biblioteca-universitaria\/"]}]},{"@type":"ImageObject","inLanguage":"es","@id":"https:\/\/esei.uvigo.es\/es\/biblioteca-universitaria\/#primaryimage","url":"https:\/\/esei.uvigo.es\/wp-content\/uploads\/2018\/09\/biblioteca-300x201.jpg","contentUrl":"https:\/\/esei.uvigo.es\/wp-content\/uploads\/2018\/09\/biblioteca-300x201.jpg"},{"@type":"BreadcrumbList","@id":"https:\/\/esei.uvigo.es\/es\/biblioteca-universitaria\/#breadcrumb","itemListElement":[{"@type":"ListItem","position":1,"name":"Portada","item":"https:\/\/esei.uvigo.es\/es\/"},{"@type":"ListItem","position":2,"name":"Biblioteca Universitaria"}]},{"@type":"WebSite","@id":"https:\/\/esei.uvigo.es\/es\/#website","url":"https:\/\/esei.uvigo.es\/es\/","name":"Escola Superior de Enxe\u00f1ar\u00eda Inform\u00e1tica","description":"","publisher":{"@id":"https:\/\/esei.uvigo.es\/es\/#organization"},"potentialAction":[{"@type":"SearchAction","target":{"@type":"EntryPoint","urlTemplate":"https:\/\/esei.uvigo.es\/es\/?s={search_term_string}"},"query-input":{"@type":"PropertyValueSpecification","valueRequired":true,"valueName":"search_term_string"}}],"inLanguage":"es"},{"@type":"Organization","@id":"https:\/\/esei.uvigo.es\/es\/#organization","name":"Escola Superior de Enxe\u00f1ar\u00eda Inform\u00e1tica","url":"https:\/\/esei.uvigo.es\/es\/","logo":{"@type":"ImageObject","inLanguage":"es","@id":"https:\/\/esei.uvigo.es\/es\/#\/schema\/logo\/image\/","url":"https:\/\/esei.uvigo.es\/wp-content\/uploads\/2019\/09\/esei.png","contentUrl":"https:\/\/esei.uvigo.es\/wp-content\/uploads\/2019\/09\/esei.png","width":579,"height":98,"caption":"Escola Superior de Enxe\u00f1ar\u00eda Inform\u00e1tica"},"image":{"@id":"https:\/\/esei.uvigo.es\/es\/#\/schema\/logo\/image\/"}}]}},"_links":{"self":[{"href":"https:\/\/esei.uvigo.es\/es\/wp-json\/wp\/v2\/pages\/14855","targetHints":{"allow":["GET"]}}],"collection":[{"href":"https:\/\/esei.uvigo.es\/es\/wp-json\/wp\/v2\/pages"}],"about":[{"href":"https:\/\/esei.uvigo.es\/es\/wp-json\/wp\/v2\/types\/page"}],"author":[{"embeddable":true,"href":"https:\/\/esei.uvigo.es\/es\/wp-json\/wp\/v2\/users\/1"}],"replies":[{"embeddable":true,"href":"https:\/\/esei.uvigo.es\/es\/wp-json\/wp\/v2\/comments?post=14855"}],"version-history":[{"count":0,"href":"https:\/\/esei.uvigo.es\/es\/wp-json\/wp\/v2\/pages\/14855\/revisions"}],"wp:attachment":[{"href":"https:\/\/esei.uvigo.es\/es\/wp-json\/wp\/v2\/media?parent=14855"}],"curies":[{"name":"wp","href":"https:\/\/api.w.org\/{rel}","templated":true}]}}